{"id":2766,"date":"2015-08-12T14:37:01","date_gmt":"2015-08-12T14:37:01","guid":{"rendered":"https:\/\/cavecaloz.ch\/contact\/"},"modified":"2020-08-21T08:33:20","modified_gmt":"2020-08-21T08:33:20","slug":"kontakt","status":"publish","type":"page","link":"https:\/\/cavecaloz.ch\/de\/kontakt\/","title":{"rendered":"Kontakt"},"content":{"rendered":"<div class=\"wpb-content-wrapper\"><p>[vc_row type=&#8220;boxed&#8220; max_width=&#8220;1200&#8243;][vc_column css=&#8220;.vc_custom_1589876922549{padding-top: 47px !important;}&#8220;][\/vc_column][\/vc_row][vc_row type=&#8220;boxed&#8220; max_width=&#8220;1200&#8243; css=&#8220;.vc_custom_1588589530299{padding-top: 48px !important;}&#8220;][vc_column width=&#8220;1\/3&#8243; offset=&#8220;vc_col-md-offset-1&#8243;][vc_column_text]<\/p>\n<h4>Besuch und Verkostung<\/h4>\n<p>[\/vc_column_text][vc_empty_space height=&#8220;17px&#8220;][\/vc_column][vc_column width=&#8220;2\/3&#8243; offset=&#8220;vc_col-md-6&#8243;][vc_column_text]Wir empfangen Sie gerne in unserem neuen Degustationsraum, ausschliesslich auf Voranmeldung von Montag bis Freitag von 9 bis 12 Uhr und von 13 bis 17 Uhr sowie samstags von 9 bis 12 Uhr. Unser Degustationsraum bietet Platz f\u00fcr bis zu 15 Personen. Kontaktieren Sie uns gerne f\u00fcr weitere Informationen. Wir freuen uns schon darauf, unsere Leidenschaft mit Ihnen zu teilen.[\/vc_column_text][\/vc_column][\/vc_row][vc_row type=&#8220;boxed&#8220; max_width=&#8220;1200&#8243; css=&#8220;.vc_custom_1588589530299{padding-top: 48px !important;}&#8220;][vc_column width=&#8220;1\/3&#8243; offset=&#8220;vc_col-md-offset-1&#8243;][\/vc_column][vc_column width=&#8220;2\/3&#8243; offset=&#8220;vc_col-md-6&#8243;][vc_single_image image=&#8220;2769&#8243; img_size=&#8220;full&#8220;][\/vc_column][\/vc_row][vc_row type=&#8220;boxed&#8220; max_width=&#8220;1200&#8243; css=&#8220;.vc_custom_1588589537829{padding-top: 47px !important;padding-bottom: 54px !important;}&#8220;][vc_column width=&#8220;1\/3&#8243; offset=&#8220;vc_col-md-offset-1&#8243;][vc_column_text]<\/p>\n<h4>Kontakt<\/h4>\n<p>[\/vc_column_text][vc_empty_space height=&#8220;23px&#8220;][\/vc_column][vc_column width=&#8220;2\/3&#8243; offset=&#8220;vc_col-md-6&#8243;][vc_column_text]Cave Caloz<br \/>\nAncienne Route de Sierre 1<br \/>\n3972 Mi\u00e8ge<br \/>\n079 410 77 47<br \/>\nsandrine@cavecaloz.ch[\/vc_column_text][\/vc_column][\/vc_row][vc_row type=&#8220;boxed&#8220; max_width=&#8220;1200&#8243; css=&#8220;.vc_custom_1589878398565{padding-top: 47px !important;}&#8220;][vc_column width=&#8220;1\/3&#8243; offset=&#8220;vc_col-md-offset-1&#8243;][vc_column_text]<\/p>\n<h4>Formular<\/h4>\n<p>[\/vc_column_text][vc_empty_space height=&#8220;23px&#8220;][\/vc_column][vc_column offset=&#8220;vc_col-lg-4 vc_col-md-4&#8243;]\n<div class=\"wpcf7 no-js\" id=\"wpcf7-f3308-o1\" lang=\"fr-FR\" dir=\"ltr\" data-wpcf7-id=\"3308\">\n<div class=\"screen-reader-response\"><p role=\"status\" aria-live=\"polite\" aria-atomic=\"true\"><\/p> <ul><\/ul><\/div>\n<form action=\"\/de\/wp-json\/wp\/v2\/pages\/2766#wpcf7-f3308-o1\" method=\"post\" class=\"wpcf7-form init\" aria-label=\"Formulaire de contact\" novalidate=\"novalidate\" data-status=\"init\">\n<fieldset class=\"hidden-fields-container\"><input type=\"hidden\" name=\"_wpcf7\" value=\"3308\" \/><input type=\"hidden\" name=\"_wpcf7_version\" value=\"6.1.5\" \/><input type=\"hidden\" name=\"_wpcf7_locale\" value=\"fr_FR\" \/><input type=\"hidden\" name=\"_wpcf7_unit_tag\" value=\"wpcf7-f3308-o1\" \/><input type=\"hidden\" name=\"_wpcf7_container_post\" value=\"0\" \/><input type=\"hidden\" name=\"_wpcf7_posted_data_hash\" value=\"\" \/><input type=\"hidden\" name=\"_wpcf7_recaptcha_response\" value=\"\" \/>\n<\/fieldset>\n<p><label> Name<br \/>\n<span class=\"wpcf7-form-control-wrap\" data-name=\"your-name\"><input size=\"40\" maxlength=\"400\" class=\"wpcf7-form-control wpcf7-text wpcf7-validates-as-required\" aria-required=\"true\" aria-invalid=\"false\" value=\"\" type=\"text\" name=\"your-name\" \/><\/span> <\/label>\n<\/p>\n<p><label> E-mail<br \/>\n<span class=\"wpcf7-form-control-wrap\" data-name=\"your-email\"><input size=\"40\" maxlength=\"400\" class=\"wpcf7-form-control wpcf7-email wpcf7-validates-as-required wpcf7-text wpcf7-validates-as-email\" aria-required=\"true\" aria-invalid=\"false\" value=\"\" type=\"email\" name=\"your-email\" \/><\/span> <\/label>\n<\/p>\n<p><label> Nachricht<br \/>\n<span class=\"wpcf7-form-control-wrap\" data-name=\"your-message\"><textarea cols=\"40\" rows=\"10\" maxlength=\"2000\" class=\"wpcf7-form-control wpcf7-textarea\" aria-invalid=\"false\" name=\"your-message\"><\/textarea><\/span> <\/label>\n<\/p>\n<p><input class=\"wpcf7-form-control wpcf7-submit has-spinner\" type=\"submit\" value=\"senden\" \/>\n<\/p>\n<div style=\"font-size: 10px;padding-left: 15px;\">\n\t<p>This site is protected by reCAPTCHA and the Google <a href=\"https:\/\/policies.google.com\/privacy\" style=\"font-weight:bold;\">Privacy Policy<\/a> and <a href=\"https:\/\/policies.google.com\/terms\" style=\"font-weight:bold;\">Terms of Service<\/a> apply.\n\t<\/p>\n<\/div><input type='hidden' class='wpcf7-pum' value='{\"closepopup\":false,\"closedelay\":0,\"openpopup\":false,\"openpopup_id\":0}' \/><div class=\"wpcf7-response-output\" aria-hidden=\"true\"><\/div>\n<\/form>\n<\/div>\n[\/vc_column][\/vc_row][vc_row type=&#8220;boxed&#8220; max_width=&#8220;1200&#8243;][vc_column css=&#8220;.vc_custom_1433192840435{padding-top: 44px !important;}&#8220;][vc_raw_html el_class=&#8220;hidden-map-mobile&#8220;]JTNDaWZyYW1lJTIwc3JjJTNEJTIyaHR0cHMlM0ElMkYlMkZzbmF6enltYXBzLmNvbSUyRmVtYmVkJTJGMjM4NTg3JTIyJTIwd2lkdGglM0QlMjIxMDAlMjUlMjIlMjBoZWlnaHQlM0QlMjI2MDBweCUyMiUyMHN0eWxlJTNEJTIyYm9yZGVyJTNBbm9uZSUzQiUyMiUzRSUzQyUyRmlmcmFtZSUzRQ==[\/vc_raw_html][vc_raw_html el_class=&#8220;hidden-map-desktop&#8220;]JTNDaWZyYW1lJTIwc3JjJTNEJTIyaHR0cHMlM0ElMkYlMkZzbmF6enltYXBzLmNvbSUyRmVtYmVkJTJGMjM4NTg3JTIyJTIwd2lkdGglM0QlMjIxMDAlMjUlMjIlMjBoZWlnaHQlM0QlMjIzMDBweCUyMiUyMHN0eWxlJTNEJTIyYm9yZGVyJTNBbm9uZSUzQiUyMiUzRSUzQyUyRmlmcmFtZSUzRQ==[\/vc_raw_html][\/vc_column][\/vc_row][vc_row type=&#8220;boxed&#8220; max_width=&#8220;1200&#8243; css=&#8220;.vc_custom_1590746877485{padding-top: 30px !important;}&#8220; el_class=&#8220;hidden-mobile-menu&#8220;][vc_column][vc_empty_space height=&#8220;170px&#8220; el_class=&#8220;hide-on-mobile&#8220;][zo_masonry col_xs=&#8220;1&#8243; col_sm=&#8220;2&#8243; col_md=&#8220;12&#8243; col_lg=&#8220;12&#8243; filter=&#8220;0&#8243; margin=&#8220;15&#8243; ratio=&#8220;1&#8243; source=&#8220;size:5|order_by:ID|order:ASC|post_type:portfolio&#8220; zo_template=&#8220;zo_masonry.php&#8220;][vc_empty_space height=&#8220;100px&#8220;][\/vc_column][\/vc_row][vc_row max_width=&#8220;1200&#8243; equal_height=&#8220;yes&#8220; content_placement=&#8220;middle&#8220; el_class=&#8220;cavecaloz-newsletter&#8220;][vc_column][vc_row_inner type=&#8220;full-nopad&#8220; content_placement=&#8220;middle&#8220; css=&#8220;.vc_custom_1591586252902{margin-right: 0px !important;margin-left: 0px !important;padding-top: 35px !important;padding-right: 30px !important;padding-bottom: 35px !important;padding-left: 30px !important;background-image: url(https:\/\/cavecaloz.ch\/wp-content\/uploads\/2020\/05\/IMG_filtrees_textures.jpg?id=1499) !important;}&#8220;][vc_column_inner width=&#8220;1\/2&#8243;][vc_custom_heading text=&#8220;Newsletter&#8220; font_container=&#8220;tag:h1|text_align:left|color:%23ffffff&#8220; use_theme_fonts=&#8220;yes&#8220; el_class=&#8220;newsletter-heading&#8220;][vc_column_text]<\/p>\n<p class=\"p1\" style=\"text-align: left;\"><span class=\"s1\">Ich m\u00f6chte den Newsletter erhalten. Zweimal j\u00e4hrlich informieren wir Sie \u00fcber Veranstaltungen, Degustationen und Aktionen sowie dar\u00fcber, was sich in den Weinbergen und in unserer Kellerei tut.<\/span><\/p>\n<p>[\/vc_column_text][\/vc_column_inner][vc_column_inner width=&#8220;1\/2&#8243;][vc_raw_html]JTNDZm9ybSUyMG1ldGhvZCUzRCUyMnBvc3QlMjIlMjBhY3Rpb24lM0QlMjJodHRwcyUzQSUyRiUyRm5ld3NsZXR0ZXIuaW5mb21hbmlhay5jb20lMkZleHRlcm5hbCUyRnN1Ym1pdCUyMiUyMGNsYXNzJTNEJTIyaW5mLWZvcm0lMjIlMjB0YXJnZXQlM0QlMjJfYmxhbmslMjIlM0UlM0NpbnB1dCUyMHR5cGUlM0QlMjJlbWFpbCUyMiUyMG5hbWUlM0QlMjJlbWFpbCUyMiUyMHN0eWxlJTNEJTIyZGlzcGxheSUzQW5vbmUlMjIlMjAlMkYlM0UlM0NpbnB1dCUyMHR5cGUlM0QlMjJoaWRkZW4lMjIlMjBuYW1lJTNEJTIya2V5JTIyJTIwdmFsdWUlM0QlMjJleUpwZGlJNkluTmNMemgzWVdGWFRrVlBNSFZrUTBWSk5WQnhVRFkzU1ZoeGFWcGNMM1ZWVm5wdGJHTjFiVXRYYW5OMk5EMGlMQ0oyWVd4MVpTSTZJbU01TlUxYWRteGhaMmRIT1VnMGRtTTJUVzhyT0dWWFowOVJRMUJLV1d0bVZFTm5RME14VEdOamN6ZzlJaXdpYldGaklqb2laVEV6WW1KbU5UWmlNVFUzTldSaE9UZGhOakExTXpreE1XWTRZV1ZqTmpobFpqVmpaRE0wTXprM09HWXlOakExTTJWaU9ERTRNRGhsTlRNME1XUmtOU0o5JTIyJTNFJTNDaW5wdXQlMjB0eXBlJTNEJTIyaGlkZGVuJTIyJTIwbmFtZSUzRCUyMndlYmZvcm1faWQlMjIlMjB2YWx1ZSUzRCUyMjgyOTklMjIlM0UlM0NkaXYlMjBjbGFzcyUzRCUyMmluZi1tYWluX2FjZWY1Y2MwYmQ1YTBjMTkwNDk0ZTM0ZWE0YjA0ODExJTIyJTNFJTIwJTNDaDQlM0UlM0MlMkZoNCUzRSUyMCUzQ3NwYW4lM0UlM0MlMkZzcGFuJTNFJTIwJTNDZGl2JTIwY2xhc3MlM0QlMjJpbmYtc3VjY2VzcyUyMiUyMHN0eWxlJTNEJTIyZGlzcGxheSUzQW5vbmUlMjIlM0UlMjAlM0NoNCUzRUlocmUlMjBBbm1lbGR1bmclMjB3dXJkZSUyMGVyZm9sZ3JlaWNoJTIwcmVnaXN0cmllcnQlMjElM0MlMkZoNCUzRSUyMCUzQ3AlM0UlMjAlM0NhJTIwaHJlZiUzRCUyMiUyMyUyMiUyMGNsYXNzJTNEJTIyaW5mLWJ0biUyMiUzRSUyNmxhcXVvJTNCJTNDJTJGYSUzRSUyMCUzQyUyRnAlM0UlMjAlM0MlMkZkaXYlM0UlMjAlM0NkaXYlMjBjbGFzcyUzRCUyMmluZi1jb250ZW50JTIyJTNFJTIwJTNDZGl2JTIwY2xhc3MlM0QlMjJpbmYtaW5wdXQlMjBpbmYtaW5wdXQtdGV4dCUyMiUzRSUyMCUzQ2lucHV0JTIwdHlwZSUzRCUyMnRleHQlMjIlMjBuYW1lJTNEJTIyaW5mJTVCMSU1RCUyMiUyMGRhdGEtaW5mLW1ldGElMjAlM0QlMjAlMjIxJTIyJTIwZGF0YS1pbmYtZXJyb3IlMjAlM0QlMjAlMjJNZXJjaSUyMGRlJTIwcmVuc2VpZ25lciUyMHVuZSUyMGFkcmVzc2UlMjBlbWFpbCUyMiUyMHJlcXVpcmVkJTNEJTIycmVxdWlyZWQlMjIlMjBwbGFjZWhvbGRlciUzRCUyMkVtYWlsJTIyJTIwJTNFJTIwJTNDJTJGZGl2JTNFJTIwJTNDZGl2JTIwY2xhc3MlM0QlMjJpbmYtc3VibWl0JTIyJTNFJTIwJTNDaW5wdXQlMjB0eXBlJTNEJTIyc3VibWl0JTIyJTIwbmFtZSUzRCUyMiUyMiUyMHZhbHVlJTNEJTIyc2VuZGVuJTIyJTNFJTIwJTNDJTJGZGl2JTNFJTIwJTNDJTJGZGl2JTNFJTIwJTNDJTJGZGl2JTNFJTIwJTNDJTJGZm9ybSUzRQ==[\/vc_raw_html][\/vc_column_inner][\/vc_row_inner][\/vc_column][\/vc_row]<\/p>\n<\/div>","protected":false},"excerpt":{"rendered":"<p>[vc_row type=&#8220;boxed&#8220; max_width=&#8220;1200&#8243;][vc_column css=&#8220;.vc_custom_1589876922549{padding-top: 47px !important;}&#8220;][\/vc_column][\/vc_row][vc_row type=&#8220;boxed&#8220; max_width=&#8220;1200&#8243; css=&#8220;.vc_custom_1588589530299{padding-top: 48px !important;}&#8220;][vc_column width=&#8220;1\/3&#8243; offset=&#8220;vc_col-md-offset-1&#8243;][vc_column_text] Besuch und Verkostung [\/vc_column_text][vc_empty_space height=&#8220;17px&#8220;][\/vc_column][vc_column width=&#8220;2\/3&#8243; offset=&#8220;vc_col-md-6&#8243;][vc_column_text]Wir empfangen Sie gerne in unserem neuen Degustationsraum, ausschliesslich auf Voranmeldung von Montag bis Freitag von 9 bis 12 Uhr und von 13 bis 17 Uhr sowie samstags von 9 bis 12 Uhr. Unser Degustationsraum bietet &hellip;<\/p>\n","protected":false},"author":1,"featured_media":0,"parent":0,"menu_order":0,"comment_status":"closed","ping_status":"closed","template":"templates\/page-full.php","meta":{"footnotes":""},"class_list":["post-2766","page","type-page","status-publish","hentry"],"yoast_head":"<!-- This site is optimized with the Yoast SEO plugin v27.5 - https:\/\/yoast.com\/product\/yoast-seo-wordpress\/ -->\n<title>Cave Caloz | Vigneron-encaveur, artisan du vin<\/title>\n<meta name=\"description\" content=\"Vigneron-encaveur, artisan du vin\" \/>\n<meta name=\"robots\" content=\"index, follow, max-snippet:-1, max-image-preview:large, max-video-preview:-1\" \/>\n<link rel=\"canonical\" href=\"https:\/\/cavecaloz.ch\/de\/kontakt\/\" \/>\n<meta property=\"og:locale\" content=\"de_DE\" \/>\n<meta property=\"og:type\" content=\"article\" \/>\n<meta property=\"og:title\" content=\"Cave Caloz | Vigneron-encaveur, artisan du vin\" \/>\n<meta property=\"og:description\" content=\"Vigneron-encaveur, artisan du vin\" \/>\n<meta property=\"og:url\" content=\"https:\/\/cavecaloz.ch\/de\/kontakt\/\" \/>\n<meta property=\"og:site_name\" content=\"Cavecaloz\" \/>\n<meta property=\"article:modified_time\" content=\"2020-08-21T08:33:20+00:00\" \/>\n<meta name=\"twitter:card\" content=\"summary_large_image\" \/>\n<meta name=\"twitter:label1\" content=\"Gesch\u00e4tzte Lesezeit\" \/>\n\t<meta name=\"twitter:data1\" content=\"3\u00a0Minuten\" \/>\n<script type=\"application\/ld+json\" class=\"yoast-schema-graph\">{\"@context\":\"https:\\\/\\\/schema.org\",\"@graph\":[{\"@type\":\"WebPage\",\"@id\":\"https:\\\/\\\/cavecaloz.ch\\\/de\\\/kontakt\\\/\",\"url\":\"https:\\\/\\\/cavecaloz.ch\\\/de\\\/kontakt\\\/\",\"name\":\"Cave Caloz | Vigneron-encaveur, artisan du vin\",\"isPartOf\":{\"@id\":\"https:\\\/\\\/cavecaloz.ch\\\/de\\\/#website\"},\"datePublished\":\"2015-08-12T14:37:01+00:00\",\"dateModified\":\"2020-08-21T08:33:20+00:00\",\"description\":\"Vigneron-encaveur, artisan du vin\",\"breadcrumb\":{\"@id\":\"https:\\\/\\\/cavecaloz.ch\\\/de\\\/kontakt\\\/#breadcrumb\"},\"inLanguage\":\"de\",\"potentialAction\":[{\"@type\":\"ReadAction\",\"target\":[\"https:\\\/\\\/cavecaloz.ch\\\/de\\\/kontakt\\\/\"]}]},{\"@type\":\"BreadcrumbList\",\"@id\":\"https:\\\/\\\/cavecaloz.ch\\\/de\\\/kontakt\\\/#breadcrumb\",\"itemListElement\":[{\"@type\":\"ListItem\",\"position\":1,\"name\":\"Accueil\",\"item\":\"https:\\\/\\\/cavecaloz.ch\\\/de\\\/\"},{\"@type\":\"ListItem\",\"position\":2,\"name\":\"Kontakt\"}]},{\"@type\":\"WebSite\",\"@id\":\"https:\\\/\\\/cavecaloz.ch\\\/de\\\/#website\",\"url\":\"https:\\\/\\\/cavecaloz.ch\\\/de\\\/\",\"name\":\"Cavecaloz\",\"description\":\"Vigneron-encaveur, artisan du vin\",\"publisher\":{\"@id\":\"https:\\\/\\\/cavecaloz.ch\\\/de\\\/#organization\"},\"potentialAction\":[{\"@type\":\"SearchAction\",\"target\":{\"@type\":\"EntryPoint\",\"urlTemplate\":\"https:\\\/\\\/cavecaloz.ch\\\/de\\\/?s={search_term_string}\"},\"query-input\":{\"@type\":\"PropertyValueSpecification\",\"valueRequired\":true,\"valueName\":\"search_term_string\"}}],\"inLanguage\":\"de\"},{\"@type\":\"Organization\",\"@id\":\"https:\\\/\\\/cavecaloz.ch\\\/de\\\/#organization\",\"name\":\"Cave Caloz | Vigneron-encaveur, artisan du vin\",\"url\":\"https:\\\/\\\/cavecaloz.ch\\\/de\\\/\",\"logo\":{\"@type\":\"ImageObject\",\"inLanguage\":\"de\",\"@id\":\"https:\\\/\\\/cavecaloz.ch\\\/de\\\/#\\\/schema\\\/logo\\\/image\\\/\",\"url\":\"https:\\\/\\\/cavecaloz.ch\\\/wp-content\\\/uploads\\\/2020\\\/06\\\/Cave_Caloz_mouton_rgb_rose.jpg\",\"contentUrl\":\"https:\\\/\\\/cavecaloz.ch\\\/wp-content\\\/uploads\\\/2020\\\/06\\\/Cave_Caloz_mouton_rgb_rose.jpg\",\"width\":1890,\"height\":1890,\"caption\":\"Cave Caloz | Vigneron-encaveur, artisan du vin\"},\"image\":{\"@id\":\"https:\\\/\\\/cavecaloz.ch\\\/de\\\/#\\\/schema\\\/logo\\\/image\\\/\"}}]}<\/script>\n<!-- \/ Yoast SEO plugin. -->","yoast_head_json":{"title":"Cave Caloz | Vigneron-encaveur, artisan du vin","description":"Vigneron-encaveur, artisan du vin","robots":{"index":"index","follow":"follow","max-snippet":"max-snippet:-1","max-image-preview":"max-image-preview:large","max-video-preview":"max-video-preview:-1"},"canonical":"https:\/\/cavecaloz.ch\/de\/kontakt\/","og_locale":"de_DE","og_type":"article","og_title":"Cave Caloz | Vigneron-encaveur, artisan du vin","og_description":"Vigneron-encaveur, artisan du vin","og_url":"https:\/\/cavecaloz.ch\/de\/kontakt\/","og_site_name":"Cavecaloz","article_modified_time":"2020-08-21T08:33:20+00:00","twitter_card":"summary_large_image","twitter_misc":{"Gesch\u00e4tzte Lesezeit":"3\u00a0Minuten"},"schema":{"@context":"https:\/\/schema.org","@graph":[{"@type":"WebPage","@id":"https:\/\/cavecaloz.ch\/de\/kontakt\/","url":"https:\/\/cavecaloz.ch\/de\/kontakt\/","name":"Cave Caloz | Vigneron-encaveur, artisan du vin","isPartOf":{"@id":"https:\/\/cavecaloz.ch\/de\/#website"},"datePublished":"2015-08-12T14:37:01+00:00","dateModified":"2020-08-21T08:33:20+00:00","description":"Vigneron-encaveur, artisan du vin","breadcrumb":{"@id":"https:\/\/cavecaloz.ch\/de\/kontakt\/#breadcrumb"},"inLanguage":"de","potentialAction":[{"@type":"ReadAction","target":["https:\/\/cavecaloz.ch\/de\/kontakt\/"]}]},{"@type":"BreadcrumbList","@id":"https:\/\/cavecaloz.ch\/de\/kontakt\/#breadcrumb","itemListElement":[{"@type":"ListItem","position":1,"name":"Accueil","item":"https:\/\/cavecaloz.ch\/de\/"},{"@type":"ListItem","position":2,"name":"Kontakt"}]},{"@type":"WebSite","@id":"https:\/\/cavecaloz.ch\/de\/#website","url":"https:\/\/cavecaloz.ch\/de\/","name":"Cavecaloz","description":"Vigneron-encaveur, artisan du vin","publisher":{"@id":"https:\/\/cavecaloz.ch\/de\/#organization"},"potentialAction":[{"@type":"SearchAction","target":{"@type":"EntryPoint","urlTemplate":"https:\/\/cavecaloz.ch\/de\/?s={search_term_string}"},"query-input":{"@type":"PropertyValueSpecification","valueRequired":true,"valueName":"search_term_string"}}],"inLanguage":"de"},{"@type":"Organization","@id":"https:\/\/cavecaloz.ch\/de\/#organization","name":"Cave Caloz | Vigneron-encaveur, artisan du vin","url":"https:\/\/cavecaloz.ch\/de\/","logo":{"@type":"ImageObject","inLanguage":"de","@id":"https:\/\/cavecaloz.ch\/de\/#\/schema\/logo\/image\/","url":"https:\/\/cavecaloz.ch\/wp-content\/uploads\/2020\/06\/Cave_Caloz_mouton_rgb_rose.jpg","contentUrl":"https:\/\/cavecaloz.ch\/wp-content\/uploads\/2020\/06\/Cave_Caloz_mouton_rgb_rose.jpg","width":1890,"height":1890,"caption":"Cave Caloz | Vigneron-encaveur, artisan du vin"},"image":{"@id":"https:\/\/cavecaloz.ch\/de\/#\/schema\/logo\/image\/"}}]}},"_links":{"self":[{"href":"https:\/\/cavecaloz.ch\/de\/wp-json\/wp\/v2\/pages\/2766","targetHints":{"allow":["GET"]}}],"collection":[{"href":"https:\/\/cavecaloz.ch\/de\/wp-json\/wp\/v2\/pages"}],"about":[{"href":"https:\/\/cavecaloz.ch\/de\/wp-json\/wp\/v2\/types\/page"}],"author":[{"embeddable":true,"href":"https:\/\/cavecaloz.ch\/de\/wp-json\/wp\/v2\/users\/1"}],"replies":[{"embeddable":true,"href":"https:\/\/cavecaloz.ch\/de\/wp-json\/wp\/v2\/comments?post=2766"}],"version-history":[{"count":13,"href":"https:\/\/cavecaloz.ch\/de\/wp-json\/wp\/v2\/pages\/2766\/revisions"}],"predecessor-version":[{"id":3309,"href":"https:\/\/cavecaloz.ch\/de\/wp-json\/wp\/v2\/pages\/2766\/revisions\/3309"}],"wp:attachment":[{"href":"https:\/\/cavecaloz.ch\/de\/wp-json\/wp\/v2\/media?parent=2766"}],"curies":[{"name":"wp","href":"https:\/\/api.w.org\/{rel}","templated":true}]}}