{"id":3080,"date":"2020-06-08T09:09:13","date_gmt":"2020-06-08T09:09:13","guid":{"rendered":"https:\/\/cavecaloz.ch\/liens\/"},"modified":"2020-08-24T07:03:37","modified_gmt":"2020-08-24T07:03:37","slug":"links","status":"publish","type":"page","link":"https:\/\/cavecaloz.ch\/de\/links\/","title":{"rendered":"LINKS"},"content":{"rendered":"<div class=\"wpb-content-wrapper\"><p>[vc_row type=&#8220;full-nopad&#8220;][vc_column]\n\t\t\t\t<p class=\"rs-p-wp-fix\"><\/p>\n\t\t\t\t<sr7-module data-alias=\"degustation-slider-de\" data-id=\"5\" id=\"SR7_5_1\" data-version=\"6.7.51\">\n\t\t\t\t\t<sr7-adjuster><\/sr7-adjuster>\n\t\t\t\t\t<sr7-content>\n\t\t\t\t\t\t<sr7-slide id=\"SR7_5_1-10\" data-key=\"10\">\n\t\t\t\t\t\t\t<sr7-bg id=\"SR7_5_1-10-slidebg\" class=\"sr7-layer\"><noscript><img decoding=\"async\" src=\"https:\/\/cavecaloz.ch\/wp-content\/uploads\/2020\/04\/IMG1.jpg\" alt=\"\" title=\"IMG1\"><\/noscript><\/sr7-bg>\n\t\t\t\t\t\t\t<h1 id=\"SR7_5_1-10-0\" class=\"sr7-layer\">Teilen gibt Emotionen Raum<\/h1>\n\t\t\t\t\t\t<\/sr7-slide>\n\t\t\t\t\t\t<sr7-slide id=\"SR7_5_1-18\" data-key=\"18\">\n\t\t\t\t\t\t<\/sr7-slide>\n\t\t\t\t\t<\/sr7-content>\n\t\t\t\t<\/sr7-module>\n\t\t\t\t<script>\n\t\t\t\t\twindow.SR7 ??={};SR7.PMH ??={}; SR7.PMH[\"SR7_5_1\"] = {cn:100,state:false,fn: function() { if (window._tpt!==undefined && window._tpt.prepareModuleHeight !== undefined) {  _tpt.prepareModuleHeight({id:\"SR7_5_1\",el:[550,768,345,213],type:'standard',shdw:'0',gh:[550,454,345,213],gw:[1240,1024,778,480],vpt:['-200px'],size:{fullWidth:true, fullHeight:false},mh:'0',onh:0,onw:0,bg:{color:'transparent'},plType:'0',plColor:'#ffffff'});   SR7.PMH[\"SR7_5_1\"].state=true;} else if(SR7.PMH[\"SR7_5_1\"].cn-->0)\tsetTimeout( SR7.PMH[\"SR7_5_1\"].fn,19);}};SR7.PMH[\"SR7_5_1\" ].fn();\n\t\t\t\t<\/script>\n[vc_empty_space height=&#8220;80px&#8220;][\/vc_column][\/vc_row][vc_row type=&#8220;boxed&#8220; el_class=&#8220;custom-width-1024&#8243;][vc_column width=&#8220;1\/3&#8243; offset=&#8220;vc_col-lg-2 vc_col-md-2&#8243; el_class=&#8220;aos fade-up&#8220;][vc_custom_heading text=&#8220;Walliser Weine&#8220; use_theme_fonts=&#8220;yes&#8220; link=&#8220;url:https%3A%2F%2Flesvinsduvalais.ch%2F||target:%20_blank|&#8220;][\/vc_column][vc_column css_animation=&#8220;none&#8220; width=&#8220;2\/3&#8243; offset=&#8220;vc_col-lg-offset-2 vc_col-md-offset-2&#8243; el_class=&#8220;aos fade-up&#8220;][vc_column_text css=&#8220;.vc_custom_1598252100794{padding-bottom: 50px !important;}&#8220;]Der Branchenverband der Walliser Weine ist f\u00fcr die F\u00f6rderung aller Walliser Weine zust\u00e4ndig.<br \/>\nAuf der Website finden Sie s\u00e4mtliche im Wallis stattfindenden Veranstaltungen.<br \/>\n<a href=\"https:\/\/lesvinsduvalais.ch\/de\/\" target=\"_blank\" rel=\"noopener noreferrer\">www.lesvinsduvalais.ch<\/a>[\/vc_column_text][\/vc_column][\/vc_row][vc_row type=&#8220;boxed&#8220; el_class=&#8220;custom-width-1024&#8243;][vc_column width=&#8220;1\/3&#8243; offset=&#8220;vc_col-lg-2 vc_col-md-2&#8243; el_class=&#8220;aos fade-up&#8220;][vc_custom_heading text=&#8220;Vinum Montis&#8220; use_theme_fonts=&#8220;yes&#8220; link=&#8220;url:https%3A%2F%2Fwww.vinum-montis.ch%2F||target:%20_blank|&#8220;][\/vc_column][vc_column css_animation=&#8220;none&#8220; width=&#8220;2\/3&#8243; offset=&#8220;vc_col-lg-offset-2 vc_col-md-offset-2&#8243; el_class=&#8220;aos fade-up&#8220;][vc_column_text css=&#8220;.vc_custom_1598252138610{padding-bottom: 50px !important;}&#8220;]Eine Website mit allen weintouristischen Veranstaltungen und Unterk\u00fcnften der Region Siders.<br \/>\n<a href=\"https:\/\/www.vinum-montis.ch\/de\/homepage.html\" target=\"_blank\" rel=\"noopener noreferrer\">www.vinum-montis.ch<\/a>[\/vc_column_text][\/vc_column][\/vc_row][vc_row type=&#8220;boxed&#8220; el_class=&#8220;custom-width-1024&#8243;][vc_column width=&#8220;1\/3&#8243; offset=&#8220;vc_col-lg-2 vc_col-md-2&#8243; el_class=&#8220;aos fade-up&#8220;][vc_custom_heading text=&#8220;Bio Suisse&#8220; use_theme_fonts=&#8220;yes&#8220; link=&#8220;url:https%3A%2F%2Fwww.bio-suisse.ch%2F||target:%20_blank|&#8220;][\/vc_column][vc_column css_animation=&#8220;none&#8220; width=&#8220;2\/3&#8243; offset=&#8220;vc_col-lg-offset-2 vc_col-md-offset-2&#8243; el_class=&#8220;aos fade-up&#8220;][vc_column_text css=&#8220;.vc_custom_1598252174760{padding-bottom: 50px !important;}&#8220;]Bio Suisse ist die Vereinigung der Schweizer Biolandbau-Organisationen und Eigent\u00fcmerin der eingetragenen Marke, der Knospe. Auf der Website der Vereinigung finden Sie alle Informationen \u00fcber das Bio-Suisse-Label.<br \/>\n<a href=\"https:\/\/www.bio-suisse.ch\/de\/\" target=\"_blank\" rel=\"noopener noreferrer\">www.bio-suisse.ch<\/a>[\/vc_column_text][\/vc_column][\/vc_row][vc_row type=&#8220;boxed&#8220; el_class=&#8220;custom-width-1024&#8243;][vc_column width=&#8220;1\/3&#8243; offset=&#8220;vc_col-lg-2 vc_col-md-2&#8243; el_class=&#8220;aos fade-up&#8220;][vc_custom_heading text=&#8220;Union der Walliser Selbsteinkellerer (UVEV)&#8220; use_theme_fonts=&#8220;yes&#8220; link=&#8220;url:http%3A%2F%2Fwww.uvev.ch%2F||target:%20_blank|&#8220;][\/vc_column][vc_column css_animation=&#8220;none&#8220; width=&#8220;2\/3&#8243; offset=&#8220;vc_col-lg-offset-2 vc_col-md-offset-2&#8243; el_class=&#8220;aos fade-up&#8220;][vc_column_text css=&#8220;.vc_custom_1598252275352{padding-bottom: 50px !important;}&#8220;]Die Charta Saint-Th\u00e9odule will die Qualit\u00e4tsprodukte der Walliser Selbsteinkellerer ins richtige Licht r\u00fccken, bekanntmachen und verteidigen. Mit ihrer Unterschrift best\u00e4tigen die Selbsteinkellerer, dass sie die Charta auf ihre gesamte Produktion anwenden und sich f\u00fcr einen umweltschonenden, nachhaltigen Weinbau engagieren.<br \/>\n<a href=\"https:\/\/www.vignerons-encaveurs-valais.ch\/de.home\" target=\"_blank\" rel=\"noopener noreferrer\">www.uvev.ch<\/a>[\/vc_column_text][\/vc_column][\/vc_row][vc_row type=&#8220;boxed&#8220; el_class=&#8220;custom-width-1024&#8243;][vc_column width=&#8220;1\/3&#8243; offset=&#8220;vc_col-lg-2 vc_col-md-2&#8243; el_class=&#8220;aos fade-up&#8220;][vc_custom_heading text=&#8220;Vinum&#8220; use_theme_fonts=&#8220;yes&#8220; link=&#8220;url:https%3A%2F%2Fwww.vinum.eu%2Ffr%2F||target:%20_blank|&#8220;][\/vc_column][vc_column css_animation=&#8220;none&#8220; width=&#8220;2\/3&#8243; offset=&#8220;vc_col-lg-offset-2 vc_col-md-offset-2&#8243; el_class=&#8220;aos fade-up&#8220;][vc_column_text css=&#8220;.vc_custom_1598252509709{padding-bottom: 50px !important;}&#8220;]Das Schweizer Magazin f\u00fcr Weinkultur mit zahlreichen praktischen Informationen zum Thema Wein.<br \/>\n<a href=\"https:\/\/www.vinum.eu\/de\/\" target=\"_blank\" rel=\"noopener noreferrer\">www.vinum.eu<\/a>[\/vc_column_text][\/vc_column][\/vc_row][vc_row type=&#8220;boxed&#8220; el_class=&#8220;custom-width-1024&#8243;][vc_column width=&#8220;1\/3&#8243; offset=&#8220;vc_col-lg-2 vc_col-md-2&#8243; el_class=&#8220;aos fade-up&#8220;][vc_custom_heading text=&#8220;Junge Schweiz \u2013 Neue Winzer&#8220; use_theme_fonts=&#8220;yes&#8220; link=&#8220;url:http%3A%2F%2Fwww.jsnw.ch%2Fhome%2F||target:%20_blank|&#8220;][\/vc_column][vc_column css_animation=&#8220;none&#8220; width=&#8220;2\/3&#8243; offset=&#8220;vc_col-lg-offset-2 vc_col-md-offset-2&#8243; el_class=&#8220;aos fade-up&#8220;][vc_column_text css=&#8220;.vc_custom_1598252574919{padding-bottom: 50px !important;}&#8220;]Eine Vereinigung junger, aufstrebender Schweizer Weinmacherinnen und Weinmacher. W\u00e4hrend den Wintermonaten treffen sie sich einmal im Monat, um zusammen Weine zu degustieren und sich \u00fcber ihre Erfahrungen auszutauschen. Wir organisieren Anl\u00e4sse rund um das Thema Wein und treten gemeinsam an Messen auf.<br \/>\n<a href=\"http:\/\/www.jsnw.ch\/home\/\" target=\"_blank\" rel=\"noopener noreferrer\">www.jsnw.ch<\/a>[\/vc_column_text][\/vc_column][\/vc_row][vc_row type=&#8220;boxed&#8220; el_class=&#8220;custom-width-1024&#8243;][vc_column width=&#8220;1\/3&#8243; offset=&#8220;vc_col-lg-2 vc_col-md-2&#8243; el_class=&#8220;aos fade-up&#8220;][vc_custom_heading text=&#8220;Artisanes de la vigne et du vin&#8220; use_theme_fonts=&#8220;yes&#8220; link=&#8220;url:https%3A%2F%2Fartisanes.ch%2F||target:%20_blank|&#8220;][\/vc_column][vc_column css_animation=&#8220;none&#8220; width=&#8220;2\/3&#8243; offset=&#8220;vc_col-lg-offset-2 vc_col-md-offset-2&#8243; el_class=&#8220;aos fade-up&#8220;][vc_column_text css=&#8220;.vc_custom_1597317776940{padding-bottom: 50px !important;}&#8220;]1999 gegr\u00fcndete Vereinigung von Winzerinnen aus der ganzen Schweiz, die ihr eigenes Weingut leiten und dort Reben anbauen und Weine kreieren. Die Liebe zu diesem Beruf verbindet sie.<br \/>\n<a href=\"https:\/\/artisanes.ch\/\" target=\"_blank\" rel=\"noopener noreferrer\">https:\/\/artisanes.ch\/<\/a>[\/vc_column_text][\/vc_column][\/vc_row][vc_row type=&#8220;boxed&#8220; el_class=&#8220;custom-width-1024&#8243;][vc_column width=&#8220;1\/3&#8243; offset=&#8220;vc_col-lg-2 vc_col-md-2&#8243; el_class=&#8220;aos fade-up&#8220;][vc_empty_space height=&#8220;40px&#8220;][vc_custom_heading text=&#8220;CDV&#8220; use_theme_fonts=&#8220;yes&#8220; link=&#8220;url:https%3A%2F%2Fcavecaloz.ch%2Fde%2Frechtliche-hinweise%2F|title:Mentions%20legales|target:%20_blank|&#8220;][vc_empty_space height=&#8220;80px&#8220;][\/vc_column][vc_column css_animation=&#8220;none&#8220; width=&#8220;2\/3&#8243; offset=&#8220;vc_col-lg-offset-2 vc_col-md-offset-2&#8243; el_class=&#8220;aos fade-up&#8220;][\/vc_column][\/vc_row]<\/p>\n<\/div>","protected":false},"excerpt":{"rendered":"<p>[vc_row type=&#8220;full-nopad&#8220;][vc_column][vc_empty_space height=&#8220;80px&#8220;][\/vc_column][\/vc_row][vc_row type=&#8220;boxed&#8220; el_class=&#8220;custom-width-1024&#8243;][vc_column width=&#8220;1\/3&#8243; offset=&#8220;vc_col-lg-2 vc_col-md-2&#8243; el_class=&#8220;aos fade-up&#8220;][vc_custom_heading text=&#8220;Walliser Weine&#8220; use_theme_fonts=&#8220;yes&#8220; link=&#8220;url:https%3A%2F%2Flesvinsduvalais.ch%2F||target:%20_blank|&#8220;][\/vc_column][vc_column css_animation=&#8220;none&#8220; width=&#8220;2\/3&#8243; offset=&#8220;vc_col-lg-offset-2 vc_col-md-offset-2&#8243; el_class=&#8220;aos fade-up&#8220;][vc_column_text css=&#8220;.vc_custom_1598252100794{padding-bottom: 50px !important;}&#8220;]Der Branchenverband der Walliser Weine ist f\u00fcr die F\u00f6rderung aller Walliser Weine zust\u00e4ndig. Auf der Website finden Sie s\u00e4mtliche im Wallis stattfindenden Veranstaltungen. www.lesvinsduvalais.ch[\/vc_column_text][\/vc_column][\/vc_row][vc_row type=&#8220;boxed&#8220; el_class=&#8220;custom-width-1024&#8243;][vc_column width=&#8220;1\/3&#8243; offset=&#8220;vc_col-lg-2 vc_col-md-2&#8243; el_class=&#8220;aos fade-up&#8220;][vc_custom_heading text=&#8220;Vinum Montis&#8220; &hellip;<\/p>\n","protected":false},"author":1,"featured_media":0,"parent":0,"menu_order":0,"comment_status":"closed","ping_status":"closed","template":"templates\/page-full.php","meta":{"footnotes":""},"class_list":["post-3080","page","type-page","status-publish","hentry"],"yoast_head":"<!-- This site is optimized with the Yoast SEO plugin v27.5 - https:\/\/yoast.com\/product\/yoast-seo-wordpress\/ -->\n<title>Cave Caloz | Vigneron-encaveur, artisan du vin<\/title>\n<meta name=\"description\" content=\"Vigneron-encaveur, artisan du vin\" \/>\n<meta name=\"robots\" content=\"index, follow, max-snippet:-1, max-image-preview:large, max-video-preview:-1\" \/>\n<link rel=\"canonical\" href=\"https:\/\/cavecaloz.ch\/de\/links\/\" \/>\n<meta property=\"og:locale\" content=\"de_DE\" \/>\n<meta property=\"og:type\" content=\"article\" \/>\n<meta property=\"og:title\" content=\"Cave Caloz | Vigneron-encaveur, artisan du vin\" \/>\n<meta property=\"og:description\" content=\"Vigneron-encaveur, artisan du vin\" \/>\n<meta property=\"og:url\" content=\"https:\/\/cavecaloz.ch\/de\/links\/\" \/>\n<meta property=\"og:site_name\" content=\"Cavecaloz\" \/>\n<meta property=\"article:modified_time\" content=\"2020-08-24T07:03:37+00:00\" \/>\n<meta name=\"twitter:card\" content=\"summary_large_image\" \/>\n<meta name=\"twitter:label1\" content=\"Gesch\u00e4tzte Lesezeit\" \/>\n\t<meta name=\"twitter:data1\" content=\"4\u00a0Minuten\" \/>\n<script type=\"application\/ld+json\" class=\"yoast-schema-graph\">{\"@context\":\"https:\\\/\\\/schema.org\",\"@graph\":[{\"@type\":\"WebPage\",\"@id\":\"https:\\\/\\\/cavecaloz.ch\\\/de\\\/links\\\/\",\"url\":\"https:\\\/\\\/cavecaloz.ch\\\/de\\\/links\\\/\",\"name\":\"Cave Caloz | Vigneron-encaveur, artisan du vin\",\"isPartOf\":{\"@id\":\"https:\\\/\\\/cavecaloz.ch\\\/de\\\/#website\"},\"datePublished\":\"2020-06-08T09:09:13+00:00\",\"dateModified\":\"2020-08-24T07:03:37+00:00\",\"description\":\"Vigneron-encaveur, artisan du vin\",\"breadcrumb\":{\"@id\":\"https:\\\/\\\/cavecaloz.ch\\\/de\\\/links\\\/#breadcrumb\"},\"inLanguage\":\"de\",\"potentialAction\":[{\"@type\":\"ReadAction\",\"target\":[\"https:\\\/\\\/cavecaloz.ch\\\/de\\\/links\\\/\"]}]},{\"@type\":\"BreadcrumbList\",\"@id\":\"https:\\\/\\\/cavecaloz.ch\\\/de\\\/links\\\/#breadcrumb\",\"itemListElement\":[{\"@type\":\"ListItem\",\"position\":1,\"name\":\"Accueil\",\"item\":\"https:\\\/\\\/cavecaloz.ch\\\/de\\\/\"},{\"@type\":\"ListItem\",\"position\":2,\"name\":\"LINKS\"}]},{\"@type\":\"WebSite\",\"@id\":\"https:\\\/\\\/cavecaloz.ch\\\/de\\\/#website\",\"url\":\"https:\\\/\\\/cavecaloz.ch\\\/de\\\/\",\"name\":\"Cavecaloz\",\"description\":\"Vigneron-encaveur, artisan du vin\",\"publisher\":{\"@id\":\"https:\\\/\\\/cavecaloz.ch\\\/de\\\/#organization\"},\"potentialAction\":[{\"@type\":\"SearchAction\",\"target\":{\"@type\":\"EntryPoint\",\"urlTemplate\":\"https:\\\/\\\/cavecaloz.ch\\\/de\\\/?s={search_term_string}\"},\"query-input\":{\"@type\":\"PropertyValueSpecification\",\"valueRequired\":true,\"valueName\":\"search_term_string\"}}],\"inLanguage\":\"de\"},{\"@type\":\"Organization\",\"@id\":\"https:\\\/\\\/cavecaloz.ch\\\/de\\\/#organization\",\"name\":\"Cave Caloz | Vigneron-encaveur, artisan du vin\",\"url\":\"https:\\\/\\\/cavecaloz.ch\\\/de\\\/\",\"logo\":{\"@type\":\"ImageObject\",\"inLanguage\":\"de\",\"@id\":\"https:\\\/\\\/cavecaloz.ch\\\/de\\\/#\\\/schema\\\/logo\\\/image\\\/\",\"url\":\"https:\\\/\\\/cavecaloz.ch\\\/wp-content\\\/uploads\\\/2020\\\/06\\\/Cave_Caloz_mouton_rgb_rose.jpg\",\"contentUrl\":\"https:\\\/\\\/cavecaloz.ch\\\/wp-content\\\/uploads\\\/2020\\\/06\\\/Cave_Caloz_mouton_rgb_rose.jpg\",\"width\":1890,\"height\":1890,\"caption\":\"Cave Caloz | Vigneron-encaveur, artisan du vin\"},\"image\":{\"@id\":\"https:\\\/\\\/cavecaloz.ch\\\/de\\\/#\\\/schema\\\/logo\\\/image\\\/\"}}]}<\/script>\n<!-- \/ Yoast SEO plugin. -->","yoast_head_json":{"title":"Cave Caloz | Vigneron-encaveur, artisan du vin","description":"Vigneron-encaveur, artisan du vin","robots":{"index":"index","follow":"follow","max-snippet":"max-snippet:-1","max-image-preview":"max-image-preview:large","max-video-preview":"max-video-preview:-1"},"canonical":"https:\/\/cavecaloz.ch\/de\/links\/","og_locale":"de_DE","og_type":"article","og_title":"Cave Caloz | Vigneron-encaveur, artisan du vin","og_description":"Vigneron-encaveur, artisan du vin","og_url":"https:\/\/cavecaloz.ch\/de\/links\/","og_site_name":"Cavecaloz","article_modified_time":"2020-08-24T07:03:37+00:00","twitter_card":"summary_large_image","twitter_misc":{"Gesch\u00e4tzte Lesezeit":"4\u00a0Minuten"},"schema":{"@context":"https:\/\/schema.org","@graph":[{"@type":"WebPage","@id":"https:\/\/cavecaloz.ch\/de\/links\/","url":"https:\/\/cavecaloz.ch\/de\/links\/","name":"Cave Caloz | Vigneron-encaveur, artisan du vin","isPartOf":{"@id":"https:\/\/cavecaloz.ch\/de\/#website"},"datePublished":"2020-06-08T09:09:13+00:00","dateModified":"2020-08-24T07:03:37+00:00","description":"Vigneron-encaveur, artisan du vin","breadcrumb":{"@id":"https:\/\/cavecaloz.ch\/de\/links\/#breadcrumb"},"inLanguage":"de","potentialAction":[{"@type":"ReadAction","target":["https:\/\/cavecaloz.ch\/de\/links\/"]}]},{"@type":"BreadcrumbList","@id":"https:\/\/cavecaloz.ch\/de\/links\/#breadcrumb","itemListElement":[{"@type":"ListItem","position":1,"name":"Accueil","item":"https:\/\/cavecaloz.ch\/de\/"},{"@type":"ListItem","position":2,"name":"LINKS"}]},{"@type":"WebSite","@id":"https:\/\/cavecaloz.ch\/de\/#website","url":"https:\/\/cavecaloz.ch\/de\/","name":"Cavecaloz","description":"Vigneron-encaveur, artisan du vin","publisher":{"@id":"https:\/\/cavecaloz.ch\/de\/#organization"},"potentialAction":[{"@type":"SearchAction","target":{"@type":"EntryPoint","urlTemplate":"https:\/\/cavecaloz.ch\/de\/?s={search_term_string}"},"query-input":{"@type":"PropertyValueSpecification","valueRequired":true,"valueName":"search_term_string"}}],"inLanguage":"de"},{"@type":"Organization","@id":"https:\/\/cavecaloz.ch\/de\/#organization","name":"Cave Caloz | Vigneron-encaveur, artisan du vin","url":"https:\/\/cavecaloz.ch\/de\/","logo":{"@type":"ImageObject","inLanguage":"de","@id":"https:\/\/cavecaloz.ch\/de\/#\/schema\/logo\/image\/","url":"https:\/\/cavecaloz.ch\/wp-content\/uploads\/2020\/06\/Cave_Caloz_mouton_rgb_rose.jpg","contentUrl":"https:\/\/cavecaloz.ch\/wp-content\/uploads\/2020\/06\/Cave_Caloz_mouton_rgb_rose.jpg","width":1890,"height":1890,"caption":"Cave Caloz | Vigneron-encaveur, artisan du vin"},"image":{"@id":"https:\/\/cavecaloz.ch\/de\/#\/schema\/logo\/image\/"}}]}},"_links":{"self":[{"href":"https:\/\/cavecaloz.ch\/de\/wp-json\/wp\/v2\/pages\/3080","targetHints":{"allow":["GET"]}}],"collection":[{"href":"https:\/\/cavecaloz.ch\/de\/wp-json\/wp\/v2\/pages"}],"about":[{"href":"https:\/\/cavecaloz.ch\/de\/wp-json\/wp\/v2\/types\/page"}],"author":[{"embeddable":true,"href":"https:\/\/cavecaloz.ch\/de\/wp-json\/wp\/v2\/users\/1"}],"replies":[{"embeddable":true,"href":"https:\/\/cavecaloz.ch\/de\/wp-json\/wp\/v2\/comments?post=3080"}],"version-history":[{"count":4,"href":"https:\/\/cavecaloz.ch\/de\/wp-json\/wp\/v2\/pages\/3080\/revisions"}],"predecessor-version":[{"id":3374,"href":"https:\/\/cavecaloz.ch\/de\/wp-json\/wp\/v2\/pages\/3080\/revisions\/3374"}],"wp:attachment":[{"href":"https:\/\/cavecaloz.ch\/de\/wp-json\/wp\/v2\/media?parent=3080"}],"curies":[{"name":"wp","href":"https:\/\/api.w.org\/{rel}","templated":true}]}}