{"id":3107,"date":"2020-04-28T01:13:46","date_gmt":"2020-04-28T01:13:46","guid":{"rendered":"https:\/\/cavecaloz.ch\/mentions-legales\/"},"modified":"2020-08-24T06:40:13","modified_gmt":"2020-08-24T06:40:13","slug":"rechtliche-hinweise","status":"publish","type":"page","link":"https:\/\/cavecaloz.ch\/de\/rechtliche-hinweise\/","title":{"rendered":"Rechtliche hinweise"},"content":{"rendered":"<div class=\"wpb-content-wrapper\"><p>[vc_row type=&#8220;boxed&#8220; max_width=&#8220;1200&#8243; equal_height=&#8220;yes&#8220; el_class=&#8220;cavecaloz-row&#8220;][vc_column][vc_column_text]<\/p>\n<h1>Rechtliche hinweise<\/h1>\n<p>[\/vc_column_text][vc_empty_space height=&#8220;30px&#8220;][vc_tta_tabs][vc_tta_section title=&#8220;Lieferbedingungen&#8220; tab_id=&#8220;1589967800948-c13fe373-0109&#8243;][vc_column_text]Unsere Preise verstehen sich \u00abab Keller\u00bb. Ab 36 Flaschen entfallen die Versandkosten.<br \/>\nWir versuchen, Ihre Bestellung so kosteng\u00fcnstig und sicher wie m\u00f6glich zuzustellen.<br \/>\nSollten Sie mit dem Lieferservice unzufrieden sein, kontaktieren Sie uns bitte unter 079 410 77 47.<\/p>\n<ul>\n<li>1 bis 12 Flaschen: CHF 20.\u2013<\/li>\n<li>13 bis 24 Flaschen: CHF 34.\u2013<\/li>\n<li>ab 24 Flaschen: Lieferung frei Haus<\/li>\n<\/ul>\n<p>&nbsp;<\/p>\n<p>Der Versand von 1 bis 12 Flaschen erfolgt mit der Post. Ab 12 Flaschen holt unser eigener Zusteller die Bestellungen am Montag im Weinkeller ab und stellt sie unter der Woche zu. Vor der Lieferung kontaktiert unser Zusteller die Kunden telefonisch.[\/vc_column_text][\/vc_tta_section][vc_tta_section title=&#8220;Allgemeine Gesch\u00e4ftsbedingungen&#8220; tab_id=&#8220;1589967666058-75ea1330-d3ea&#8220;][vc_column_text]<\/p>\n<h2>1. Domaine d\u2019application<\/h2>\n<p>1.1 Les pr\u00e9sentes conditions sont applicables dans toutes les relations commerciales \u2013 produits et services \u2013 entre la Cave Caloz et ses clients. Toutes autres conditions ne sont reconnues valables que si elles sont libell\u00e9es par \u00e9crit et sign\u00e9es par des personnes autoris\u00e9es.<\/p>\n<h2>2. Prix<\/h2>\n<p>2.1 Tous les prix des catalogues ou les prix publi\u00e9s sur internet s\u2019entendent sans engagement de dur\u00e9e. L\u2019adaptation au prix du jour reste r\u00e9serv\u00e9e. Les modifications de prix et du programme d\u2019articles demeurent r\u00e9serv\u00e9es. Les variations de prix seront appliqu\u00e9es de suite sans avis pr\u00e9alable. La TVA sera indiqu\u00e9e s\u00e9par\u00e9ment sur la facture. Des frais suppl\u00e9mentaires seront factur\u00e9s pour l\u2019emballage et l\u2019exp\u00e9dition. Toutes les prestations, de m\u00eame que les transports, les services et les d\u00e9chargements sont assujettis \u00e0 la TVA.<\/p>\n<h2>3. Offres<\/h2>\n<p>3.1 Les offres ont une validit\u00e9 limit\u00e9e dans le temps, celle-ci est sp\u00e9cifi\u00e9e. Une fois le d\u00e9lai pass\u00e9, la Cave Caloz peut disposer de la marchandise propos\u00e9e dans l\u2019offre.<br \/>\n3.2 Une offre n\u2019est valable que pour les quantit\u00e9s et les conditions d\u00e9finies sur celle-ci.<\/p>\n<h2>4. Commandes<\/h2>\n<p>4.1 Les produits sont command\u00e9s par le client sur la base de commandes isol\u00e9es, en personne, par \u00e9crit, par e-mail ou par t\u00e9l\u00e9phone.<br \/>\n4.2 Une annulation de commande que la Cave Caloz n\u2019a pas accept\u00e9e am\u00e8ne \u00e0 un paiement de la part du client d\u2019un montant \u00e9quivalent aux frais engag\u00e9s par la soci\u00e9t\u00e9.<br \/>\n4.3 Aucune marchandise ne sera d\u00e9livr\u00e9e sur facture \u00e0 une personne pour le compte de tiers, sans autorisation de ces derniers.<br \/>\n4.4 Dans le cas o\u00f9 elle n\u2019est pas sp\u00e9cifi\u00e9e sur l\u2019offre \u00e9crite, la dur\u00e9e pour retirer la marchandise \u00e0 la cave est de 30 jours. Pass\u00e9 ce d\u00e9lai, la commande sera annul\u00e9e et les frais engag\u00e9s par la soci\u00e9t\u00e9 pourront \u00eatre factur\u00e9s au client.<\/p>\n<h2>5. Transports et frais de port<\/h2>\n<p>Diff\u00e9rents types de livraison existent.<br \/>\n5.1 Prix d\u00e9part cave : marchandise prise par le client sur le site de la cave.<br \/>\n5.2 Prix franco : marchandise livr\u00e9e par camion.<br \/>\n5.3 Prix envoi postal : marchandise livr\u00e9e par poste et retir\u00e9e par les soins du client.<\/p>\n<h2>6. Pr\u00e9paration de la marchandise<\/h2>\n<p>6.1 Les marchandises conditionn\u00e9es, ainsi que les vins enlev\u00e9s depuis le d\u00e9p\u00f4t, par les soins du client, voyagent aux risques et p\u00e9rils de l\u2019acheteur. L\u2019engagement de tenir les d\u00e9lais part du jour o\u00f9 la marchandise quitte les locaux de la Cave Caloz. Les frais de port et d\u2019emballage sont \u00e0 la charge du client.<\/p>\n<h2>7. Emballages<\/h2>\n<p>7.1 Les emballages perdus (verres, cartons, etc.) seront compens\u00e9s et ne seront pas repris au domicile du client.<\/p>\n<h2>8. Retard de livraison<\/h2>\n<p>8.1 La Cave Caloz ne peut \u00eatre tenue pour responsable des retards de livraison dus \u00e0 des difficult\u00e9s de transport. En cas de retard, tous frais, dommages et int\u00e9r\u00eats seront exclus.<\/p>\n<h2>9. R\u00e9ception de la marchandise<\/h2>\n<p>9.1 Par sa signature lors de la r\u00e9ception de la marchandise, le client atteste de la bonne et due forme de la livraison.<br \/>\n9.2 La marchandise doit \u00eatre contr\u00f4l\u00e9e lors de sa r\u00e9ception. Les d\u00e9fauts \u00e9ventuels seront signal\u00e9s sans d\u00e9lai sur le bulletin de livraison, sous forme de r\u00e9serves manuscrites, accompagn\u00e9es de la signature du client. Les produits d\u00e9fectueux ne doivent pas \u00eatre r\u00e9ceptionn\u00e9s, sinon ils sont consid\u00e9r\u00e9s comme accept\u00e9s.<br \/>\n9.3 Les r\u00e9clamations sont \u00e0 effectuer de suite, mais au plus tard dans les 8 jours suivant la livraison.<\/p>\n<h2>10. Retours de marchandise<\/h2>\n<p>10.1 La Cave Caloz n\u2019est pas en mesure d\u2019accepter des retours de marchandise, sans avis pr\u00e9alable ni sans son accord. La marchandise achet\u00e9e en trop est reprise, pour autant qu\u2019elle soit en parfait \u00e9tat et qu\u2019elle soit encore dans le stock courant de la Cave Caloz. Seuls les cartons scell\u00e9s d\u2019origine par la Cave Caloz donnent lieu \u00e0 l\u2019\u00e9tablissement d\u2019une note de cr\u00e9dit. Les frais de transport pour le retour de marchandise sont aux frais du client, sauf arrangement particulier avec la Cave Caloz. Les commandes sp\u00e9ciales ne sont pas reprises.<\/p>\n<h2>11. Garantie<\/h2>\n<p>11.1 Une marchandise qui donne lieu \u00e0 une r\u00e9clamation ne doit en aucun cas \u00eatre utilis\u00e9e. Tous les co\u00fbts entra\u00een\u00e9s par la non-observation de cette r\u00e8gle sont \u00e0 la charge du client. Un produit d\u00e9fectueux r\u00e9ceptionn\u00e9 ou utilis\u00e9 est consid\u00e9r\u00e9 comme accept\u00e9.<br \/>\n11.2 En cas de r\u00e9clamations adress\u00e9es dans le d\u00e9lai imparti concernant un produit pr\u00e9sentant une qualit\u00e9 d\u00e9fectueuse pouvant \u00eatre imput\u00e9e \u00e0 la Cave Caloz, celle-ci remplace gratuitement et aussi rapidement que possible la marchandise incrimin\u00e9e. Toute autre demande de d\u00e9dommagement ou pr\u00e9tention civile est exclue. La Cave Caloz d\u00e9cline toute responsabilit\u00e9 quant au choix des produits livr\u00e9s, ainsi que sur les cons\u00e9quences de leur utilisation, de m\u00eame que des cons\u00e9quences de l\u2019emploi de produits d\u00e9fectueux.<br \/>\n11.3 Pour les produits remplac\u00e9s, la Cave Caloz donne la m\u00eame garantie que pour les prestations initiales.<br \/>\n11.4 La Cave Caloz d\u00e9cline toute responsabilit\u00e9 en cas d\u2019utilisation ou de traitement ne satisfaisant pas aux r\u00e8gles de l\u2019art, en cas de consommation abusive, de non-observation de prescription, d\u2019entreposage inad\u00e9quat ou cas similaires.<br \/>\n11.5 Les r\u00e9clamations au sujet de la marchandise livr\u00e9e ne lib\u00e8rent pas le client de l\u2019obligation du paiement dans les d\u00e9lais impartis.<br \/>\n11.6 Aucune autre pr\u00e9tention du client ne sera prise en consid\u00e9ration, en particulier, une pr\u00e9tention \u00e0 un d\u00e9dommagement pour des d\u00e9g\u00e2ts ne concernant pas directement la livraison proprement dite.<\/p>\n<h2>12. R\u00e9clamation facture<\/h2>\n<p>12.1 Les r\u00e9clamations relatives \u00e0 une \u00e9ventuelle erreur de facturation doivent \u00eatre faites dans les 8 jours d\u00e8s la r\u00e9ception de la facture.<\/p>\n<h2>13. Paiements<\/h2>\n<p>13.1 Les factures portant sur des montants exigibles sont payables, sans frais compl\u00e9mentaires, dans les 30 jours suivant la date de facturation. La marchandise livr\u00e9e demeure la propri\u00e9t\u00e9 de la Cave Caloz jusqu\u2019au paiement complet de la facture. Aucune autre d\u00e9duction n\u2019est accept\u00e9e, sauf accord \u00e9crit de la part de la Cave Caloz. Le paiement par carte de cr\u00e9dit est net et ne donne pas droit \u00e0 l\u2019escompte.<br \/>\n13.2 Un int\u00e9r\u00eat de retard au taux usuel en vigueur sera factur\u00e9 d\u00e8s le lendemain de la date d\u2019\u00e9ch\u00e9ance. Les escomptes injustement d\u00e9duits et les frais de rappel seront factur\u00e9s. Les frais de rappel se montent \u00e0 CHF 20.\u2014 pour le 2e rappel et \u00e0 CHF 30.\u2014 pour le 3e rappel.<br \/>\n13.3 Tout avantage accord\u00e9 par la Cave Caloz deviendra caduc si elle doit poursuivre le client en cas de faillite ou si la cr\u00e9ance du commerce est incluse dans une proc\u00e9dure concordataire. Au cas o\u00f9 la Cave Caloz met un client en poursuite, la totalit\u00e9 de la cr\u00e9ance et les int\u00e9r\u00eats de retard deviennent exigibles.<br \/>\n13.4 La Cave Caloz se r\u00e9serve le droit d\u2019exiger un paiement comptant, une production de garantie ou un paiement \u00e0 l\u2019avance.<br \/>\n13.5 Les livraisons \u00e0 cr\u00e9dit peuvent \u00eatre bloqu\u00e9es avec effet imm\u00e9diat pour des clients ayant d\u00e9pass\u00e9 les limites de cr\u00e9dit attribu\u00e9es par la Cave Caloz ou en retard sur leurs paiements.<\/p>\n<h2>14. For juridique<\/h2>\n<p>14.1 Pour tout litige, le for juridique est Mi\u00e8ge, si\u00e8ge principal de la Cave Caloz. La Cave Caloz est en droit de poursuivre le client au si\u00e8ge social de ce dernier.<br \/>\n14.2 Le droit suisse est applicable.[\/vc_column_text][\/vc_tta_section][vc_tta_section title=&#8220;Allgemeine Informationen&#8220; tab_id=&#8220;1589967666083-4c4d8aff-c00f&#8220;][vc_column_text]<\/p>\n<h2>Conditions d\u2019utilisation<\/h2>\n<p>En consultant et en utilisant le site internet cavecaloz.ch, vous acceptez les conditions d\u2019utilisation d\u00e9crites ci-apr\u00e8s.<\/p>\n<h2>Age<\/h2>\n<p>Seules les personnes qui ont atteint l\u2019\u00e2ge l\u00e9gal pour consommer des boissons alcoolis\u00e9es peuvent consulter le site.<\/p>\n<h2>Absence d\u2019incitation<\/h2>\n<p>Les informations et les opinions exprim\u00e9es sur le site ne peuvent \u00eatre comprises comme des incitations \u00e0 consommer des boissons alcoolis\u00e9es.<\/p>\n<h2>Exclusion de garantie<\/h2>\n<p>La Cave Caloz s\u2019efforce d\u2019assurer au mieux l\u2019exactitude et la mise \u00e0 jour du contenu du site. N\u00e9anmoins, la soci\u00e9t\u00e9 d\u00e9cline toute responsabilit\u00e9 en ce qui concerne les informations qui peuvent \u00eatre consult\u00e9es sur ou \u00e0 partir du site, en particulier le contenu, son exhaustivit\u00e9, son exactitude ou sa fiabilit\u00e9. La Cave Caloz ne donne aucune garantie quelle qu\u2019elle soit, expresse ou implicite, notamment quant \u00e0 l\u2019absence d\u2019interruption ou d\u2019erreur du service, aux performances ou r\u00e9sultats d\u00e9coulant de l\u2019utilisation du site. Les informations contenues sur le site peuvent \u00eatre modifi\u00e9es \u00e0 tout moment. La Cave Caloz ne peut pas garantir que les informations sont compl\u00e8tes, v\u00e9ridiques ou actuelles.<\/p>\n<h2>Exclusion de responsabilit\u00e9<\/h2>\n<p>La Cave Caloz ne pourra \u00eatre tenue responsable \u00e0 votre encontre ou \u00e0 l\u2019encontre de tout tiers pour tout dommage direct, indirects ou cons\u00e9cutifs d\u00e9coulant de l\u2019utilisation des informations et mat\u00e9riels contenus sur le site ou d\u2019autres contenus auxquels vous pourriez avoir acc\u00e8s par le biais de liens \u00e0 partir du site. Le site peut contenir des liens hypertextes qui sont destin\u00e9s uniquement \u00e0 vous aider \u00e0 localiser des contenus pouvant pr\u00e9senter un int\u00e9r\u00eat. Sauf mention contraire, aucune relation contractuelle n\u2019existe cependant entre la Cave Caloz et les sites li\u00e9s. La Cave Caloz n\u2019a pas v\u00e9rifi\u00e9 le contenu des sites li\u00e9s. Elle n\u2019est responsable ni de leur contenu, ni des contenus des sites qui y seraient li\u00e9s, ni des prestations et des produits qui y seraient offerts ou accessibles. C\u2019est donc \u00e0 vos risques et p\u00e9rils que vous utilisez ces liens et consultez les sites li\u00e9s.<\/p>\n<h2>Protection de la vie priv\u00e9e<\/h2>\n<p>La Cave Caloz s\u2019engage \u00e0 respecter votre droit \u00e0 la vie priv\u00e9e par l\u2019application de la r\u00e9glementation suisse en mati\u00e8re de protection des donn\u00e9es, en particulier la loi f\u00e9d\u00e9rale sur la protection des donn\u00e9es du 19 juin 1992 et ses ordonnances d\u2019application.<\/p>\n<p>Seules sont enregistr\u00e9es et trait\u00e9es les donn\u00e9es n\u00e9cessaires pour assurer l\u2019\u00e9tablissement de la communication, le maintien des prestations de service de haut niveau, la s\u00e9curit\u00e9 technique de fonctionnement du site et des prestations de la Cave Caloz, ainsi que la prise de contact avec les personnes int\u00e9ress\u00e9es et \u00e0 des fins de marketing, par exemple pour mieux vous informer des nouveaut\u00e9s.<\/p>\n<p>La Cave Caloz s\u2019engage \u00e0 ne divulguer aucune donn\u00e9e personnelle vous concernant \u00e0 des tiers. Vous consentez cependant express\u00e9ment \u00e0 ce que vos donn\u00e9es soient h\u00e9berg\u00e9es par un tiers. Par ailleurs, La Cave Caloz se r\u00e9serve le droit de v\u00e9rifier les informations et donn\u00e9es que vous avez indiqu\u00e9es.<\/p>\n<p>Vous pouvez \u00e0 tout moment demander des renseignements sur les donn\u00e9es trait\u00e9es vous concernant par email \u00e0 sandrine.caloz@bluewin.ch. Vous pouvez \u00e9galement demander que des donn\u00e9es soient modifi\u00e9es lorsqu\u2019elles contiennent des inexactitudes.<\/p>\n<h2>Copyright Photo<\/h2>\n<p>Les photos se trouvant sur ce site sont la propri\u00e9t\u00e9 de La Cave Caloz et prot\u00e9g\u00e9es par copyright.<\/p>\n<h2>For et droit applicable<\/h2>\n<p>Le droit mat\u00e9riel suisse est applicable aux pr\u00e9sentes conditions d\u2019utilisation. Tout litige est soumis \u00e0 la comp\u00e9tence exclusive des tribunaux de la R\u00e9publique et Canton du Valais.[\/vc_column_text][\/vc_tta_section][\/vc_tta_tabs][\/vc_column][\/vc_row]<\/p>\n<\/div>","protected":false},"excerpt":{"rendered":"<p>[vc_row type=&#8220;boxed&#8220; max_width=&#8220;1200&#8243; equal_height=&#8220;yes&#8220; el_class=&#8220;cavecaloz-row&#8220;][vc_column][vc_column_text] Rechtliche hinweise [\/vc_column_text][vc_empty_space height=&#8220;30px&#8220;][vc_tta_tabs][vc_tta_section title=&#8220;Lieferbedingungen&#8220; tab_id=&#8220;1589967800948-c13fe373-0109&#8243;][vc_column_text]Unsere Preise verstehen sich \u00abab Keller\u00bb. Ab 36 Flaschen entfallen die Versandkosten. Wir versuchen, Ihre Bestellung so kosteng\u00fcnstig und sicher wie m\u00f6glich zuzustellen. Sollten Sie mit dem Lieferservice unzufrieden sein, kontaktieren Sie uns bitte unter 079 410 77 47. 1 bis 12 Flaschen: CHF 20.\u2013 &hellip;<\/p>\n","protected":false},"author":1,"featured_media":0,"parent":0,"menu_order":0,"comment_status":"closed","ping_status":"open","template":"templates\/page-full.php","meta":{"footnotes":""},"class_list":["post-3107","page","type-page","status-publish","hentry"],"yoast_head":"<!-- This site is optimized with the Yoast SEO plugin v27.4 - https:\/\/yoast.com\/product\/yoast-seo-wordpress\/ -->\n<title>Cave Caloz | Vigneron-encaveur, artisan du vin<\/title>\n<meta name=\"description\" content=\"Vigneron-encaveur, artisan du vin\" \/>\n<meta name=\"robots\" content=\"index, follow, max-snippet:-1, max-image-preview:large, max-video-preview:-1\" \/>\n<link rel=\"canonical\" href=\"https:\/\/cavecaloz.ch\/de\/rechtliche-hinweise\/\" \/>\n<meta property=\"og:locale\" content=\"de_DE\" \/>\n<meta property=\"og:type\" content=\"article\" \/>\n<meta property=\"og:title\" content=\"Cave Caloz | Vigneron-encaveur, artisan du vin\" \/>\n<meta property=\"og:description\" content=\"Vigneron-encaveur, artisan du vin\" \/>\n<meta property=\"og:url\" content=\"https:\/\/cavecaloz.ch\/de\/rechtliche-hinweise\/\" \/>\n<meta property=\"og:site_name\" content=\"Cavecaloz\" \/>\n<meta property=\"article:modified_time\" content=\"2020-08-24T06:40:13+00:00\" \/>\n<meta name=\"twitter:card\" content=\"summary_large_image\" \/>\n<meta name=\"twitter:label1\" content=\"Gesch\u00e4tzte Lesezeit\" \/>\n\t<meta name=\"twitter:data1\" content=\"10\u00a0Minuten\" \/>\n<script type=\"application\/ld+json\" class=\"yoast-schema-graph\">{\"@context\":\"https:\\\/\\\/schema.org\",\"@graph\":[{\"@type\":\"WebPage\",\"@id\":\"https:\\\/\\\/cavecaloz.ch\\\/de\\\/rechtliche-hinweise\\\/\",\"url\":\"https:\\\/\\\/cavecaloz.ch\\\/de\\\/rechtliche-hinweise\\\/\",\"name\":\"Cave Caloz | Vigneron-encaveur, artisan du vin\",\"isPartOf\":{\"@id\":\"https:\\\/\\\/cavecaloz.ch\\\/de\\\/#website\"},\"datePublished\":\"2020-04-28T01:13:46+00:00\",\"dateModified\":\"2020-08-24T06:40:13+00:00\",\"description\":\"Vigneron-encaveur, artisan du vin\",\"breadcrumb\":{\"@id\":\"https:\\\/\\\/cavecaloz.ch\\\/de\\\/rechtliche-hinweise\\\/#breadcrumb\"},\"inLanguage\":\"de\",\"potentialAction\":[{\"@type\":\"ReadAction\",\"target\":[\"https:\\\/\\\/cavecaloz.ch\\\/de\\\/rechtliche-hinweise\\\/\"]}]},{\"@type\":\"BreadcrumbList\",\"@id\":\"https:\\\/\\\/cavecaloz.ch\\\/de\\\/rechtliche-hinweise\\\/#breadcrumb\",\"itemListElement\":[{\"@type\":\"ListItem\",\"position\":1,\"name\":\"Accueil\",\"item\":\"https:\\\/\\\/cavecaloz.ch\\\/de\\\/\"},{\"@type\":\"ListItem\",\"position\":2,\"name\":\"Rechtliche hinweise\"}]},{\"@type\":\"WebSite\",\"@id\":\"https:\\\/\\\/cavecaloz.ch\\\/de\\\/#website\",\"url\":\"https:\\\/\\\/cavecaloz.ch\\\/de\\\/\",\"name\":\"Cavecaloz\",\"description\":\"Vigneron-encaveur, artisan du vin\",\"publisher\":{\"@id\":\"https:\\\/\\\/cavecaloz.ch\\\/de\\\/#organization\"},\"potentialAction\":[{\"@type\":\"SearchAction\",\"target\":{\"@type\":\"EntryPoint\",\"urlTemplate\":\"https:\\\/\\\/cavecaloz.ch\\\/de\\\/?s={search_term_string}\"},\"query-input\":{\"@type\":\"PropertyValueSpecification\",\"valueRequired\":true,\"valueName\":\"search_term_string\"}}],\"inLanguage\":\"de\"},{\"@type\":\"Organization\",\"@id\":\"https:\\\/\\\/cavecaloz.ch\\\/de\\\/#organization\",\"name\":\"Cave Caloz | Vigneron-encaveur, artisan du vin\",\"url\":\"https:\\\/\\\/cavecaloz.ch\\\/de\\\/\",\"logo\":{\"@type\":\"ImageObject\",\"inLanguage\":\"de\",\"@id\":\"https:\\\/\\\/cavecaloz.ch\\\/de\\\/#\\\/schema\\\/logo\\\/image\\\/\",\"url\":\"https:\\\/\\\/cavecaloz.ch\\\/wp-content\\\/uploads\\\/2020\\\/06\\\/Cave_Caloz_mouton_rgb_rose.jpg\",\"contentUrl\":\"https:\\\/\\\/cavecaloz.ch\\\/wp-content\\\/uploads\\\/2020\\\/06\\\/Cave_Caloz_mouton_rgb_rose.jpg\",\"width\":1890,\"height\":1890,\"caption\":\"Cave Caloz | Vigneron-encaveur, artisan du vin\"},\"image\":{\"@id\":\"https:\\\/\\\/cavecaloz.ch\\\/de\\\/#\\\/schema\\\/logo\\\/image\\\/\"}}]}<\/script>\n<!-- \/ Yoast SEO plugin. -->","yoast_head_json":{"title":"Cave Caloz | Vigneron-encaveur, artisan du vin","description":"Vigneron-encaveur, artisan du vin","robots":{"index":"index","follow":"follow","max-snippet":"max-snippet:-1","max-image-preview":"max-image-preview:large","max-video-preview":"max-video-preview:-1"},"canonical":"https:\/\/cavecaloz.ch\/de\/rechtliche-hinweise\/","og_locale":"de_DE","og_type":"article","og_title":"Cave Caloz | Vigneron-encaveur, artisan du vin","og_description":"Vigneron-encaveur, artisan du vin","og_url":"https:\/\/cavecaloz.ch\/de\/rechtliche-hinweise\/","og_site_name":"Cavecaloz","article_modified_time":"2020-08-24T06:40:13+00:00","twitter_card":"summary_large_image","twitter_misc":{"Gesch\u00e4tzte Lesezeit":"10\u00a0Minuten"},"schema":{"@context":"https:\/\/schema.org","@graph":[{"@type":"WebPage","@id":"https:\/\/cavecaloz.ch\/de\/rechtliche-hinweise\/","url":"https:\/\/cavecaloz.ch\/de\/rechtliche-hinweise\/","name":"Cave Caloz | Vigneron-encaveur, artisan du vin","isPartOf":{"@id":"https:\/\/cavecaloz.ch\/de\/#website"},"datePublished":"2020-04-28T01:13:46+00:00","dateModified":"2020-08-24T06:40:13+00:00","description":"Vigneron-encaveur, artisan du vin","breadcrumb":{"@id":"https:\/\/cavecaloz.ch\/de\/rechtliche-hinweise\/#breadcrumb"},"inLanguage":"de","potentialAction":[{"@type":"ReadAction","target":["https:\/\/cavecaloz.ch\/de\/rechtliche-hinweise\/"]}]},{"@type":"BreadcrumbList","@id":"https:\/\/cavecaloz.ch\/de\/rechtliche-hinweise\/#breadcrumb","itemListElement":[{"@type":"ListItem","position":1,"name":"Accueil","item":"https:\/\/cavecaloz.ch\/de\/"},{"@type":"ListItem","position":2,"name":"Rechtliche hinweise"}]},{"@type":"WebSite","@id":"https:\/\/cavecaloz.ch\/de\/#website","url":"https:\/\/cavecaloz.ch\/de\/","name":"Cavecaloz","description":"Vigneron-encaveur, artisan du vin","publisher":{"@id":"https:\/\/cavecaloz.ch\/de\/#organization"},"potentialAction":[{"@type":"SearchAction","target":{"@type":"EntryPoint","urlTemplate":"https:\/\/cavecaloz.ch\/de\/?s={search_term_string}"},"query-input":{"@type":"PropertyValueSpecification","valueRequired":true,"valueName":"search_term_string"}}],"inLanguage":"de"},{"@type":"Organization","@id":"https:\/\/cavecaloz.ch\/de\/#organization","name":"Cave Caloz | Vigneron-encaveur, artisan du vin","url":"https:\/\/cavecaloz.ch\/de\/","logo":{"@type":"ImageObject","inLanguage":"de","@id":"https:\/\/cavecaloz.ch\/de\/#\/schema\/logo\/image\/","url":"https:\/\/cavecaloz.ch\/wp-content\/uploads\/2020\/06\/Cave_Caloz_mouton_rgb_rose.jpg","contentUrl":"https:\/\/cavecaloz.ch\/wp-content\/uploads\/2020\/06\/Cave_Caloz_mouton_rgb_rose.jpg","width":1890,"height":1890,"caption":"Cave Caloz | Vigneron-encaveur, artisan du vin"},"image":{"@id":"https:\/\/cavecaloz.ch\/de\/#\/schema\/logo\/image\/"}}]}},"_links":{"self":[{"href":"https:\/\/cavecaloz.ch\/de\/wp-json\/wp\/v2\/pages\/3107","targetHints":{"allow":["GET"]}}],"collection":[{"href":"https:\/\/cavecaloz.ch\/de\/wp-json\/wp\/v2\/pages"}],"about":[{"href":"https:\/\/cavecaloz.ch\/de\/wp-json\/wp\/v2\/types\/page"}],"author":[{"embeddable":true,"href":"https:\/\/cavecaloz.ch\/de\/wp-json\/wp\/v2\/users\/1"}],"replies":[{"embeddable":true,"href":"https:\/\/cavecaloz.ch\/de\/wp-json\/wp\/v2\/comments?post=3107"}],"version-history":[{"count":5,"href":"https:\/\/cavecaloz.ch\/de\/wp-json\/wp\/v2\/pages\/3107\/revisions"}],"predecessor-version":[{"id":3373,"href":"https:\/\/cavecaloz.ch\/de\/wp-json\/wp\/v2\/pages\/3107\/revisions\/3373"}],"wp:attachment":[{"href":"https:\/\/cavecaloz.ch\/de\/wp-json\/wp\/v2\/media?parent=3107"}],"curies":[{"name":"wp","href":"https:\/\/api.w.org\/{rel}","templated":true}]}}