{"id":7766,"date":"2023-10-25T14:12:11","date_gmt":"2023-10-25T14:12:11","guid":{"rendered":"https:\/\/cavecaloz.ch\/?page_id=7766"},"modified":"2023-10-26T09:14:54","modified_gmt":"2023-10-26T09:14:54","slug":"cuveespeciales","status":"publish","type":"page","link":"https:\/\/cavecaloz.ch\/de\/cuveespeciales\/","title":{"rendered":"Spezielle Cuv\u00e9es"},"content":{"rendered":"<div class=\"wpb-content-wrapper\"><p>[vc_row][vc_column][vc_empty_space][\/vc_column][\/vc_row][vc_row][vc_column width=&#8220;1\/6&#8243;][\/vc_column][vc_column width=&#8220;1\/6&#8243;][\/vc_column][vc_column width=&#8220;1\/6&#8243;][vc_column_text]<\/p>\n<h2>Spezielle Cuv\u00e9es<\/h2>\n<p>[\/vc_column_text][\/vc_column][vc_column width=&#8220;1\/6&#8243;][\/vc_column][vc_column width=&#8220;1\/6&#8243;][\/vc_column][vc_column width=&#8220;1\/6&#8243;][\/vc_column][\/vc_row][vc_row][vc_column][vc_empty_space][\/vc_column][\/vc_row][vc_row][vc_column width=&#8220;1\/4&#8243;][\/vc_column][vc_column width=&#8220;1\/4&#8243;][vc_single_image image=&#8220;7747&#8243; img_size=&#8220;316X600&#8243; alignment=&#8220;center&#8220;][\/vc_column][vc_column width=&#8220;1\/4&#8243;][vc_column_text]<\/p>\n<h4>Cuv\u00e9e S\u00e9l\u00e8ne 2022<\/h4>\n<p>[\/vc_column_text][vc_separator][vc_empty_space height=&#8220;15px&#8220;][vc_column_text]Die Cuv\u00e9e S\u00e9l\u00e8ne ist ein Wein, der nur aus Cabernet Franc besteht und ohne jegliche \u00f6nologische Hilfsmittel nach den Vorgaben des ASVN <a href=\"https:\/\/www.vin-nature.ch\/\">https:\/\/www.vin-nature.ch\/<\/a> vinifiziert wird.<\/p>\n<p>Es handelt sich um eine naturbelassene Cuv\u00e9e ohne Schwefel, die in der Nase Noten von Leder, schwarzen Fr\u00fcchten, Paprika und warmen Gew\u00fcrzen aufweist. Im Mund \u00fcberrascht das nat\u00fcrliche CO2 des Weins, der nicht entgast wurde, und wir empfehlen Ihnen daher dringend, ihn in seiner Jugend zu dekantieren. Er zeigt eine komplexe und kr\u00e4ftige Frucht und einen Mund, der von einer gro\u00dfen, aber schmeichelnden Tanninmasse gepr\u00e4gt ist.<\/p>\n<p>Es w\u00e4re optimal, diese Flaschen liegend, vor Licht gesch\u00fctzt und zwischen 10 und 17 \u00b0C zu lagern, wobei Temperaturschwankungen zu vermeiden sind.<\/p>\n<p>Hier sind die Verkostungskommentare des Robert Parker Wine Advocate zum Jahrgang 2017 :<\/p>\n<p>The wine has a deep, dark color and opens with a clear pure and fresh sour-cherry bouquet. Lean, fresh and elegant on the palate, this is a bone-dry, lush and elegant red with fine tannins and stimulating salty notes but no chocoate or toast flavors. The perfectly balanced wine reveals remarkable purity and finesse, and its lovely cherry and black berry fruit is fleshy and authentic. This is a lovely red with a tart finish and it should be excellent with meat and cheese. Rating\u00a0: 90 Parker Points[\/vc_column_text][\/vc_column][vc_column width=&#8220;1\/4&#8243;][\/vc_column][\/vc_row][vc_row][vc_column][vc_empty_space][\/vc_column][\/vc_row][vc_row][vc_column width=&#8220;1\/4&#8243;][\/vc_column][vc_column width=&#8220;1\/4&#8243;][vc_single_image image=&#8220;7744&#8243; img_size=&#8220;316X600&#8243; alignment=&#8220;center&#8220;][\/vc_column][vc_column width=&#8220;1\/4&#8243;][vc_column_text]<\/p>\n<h4>Cuv\u00e9e Le\u00efla\u00a02022<\/h4>\n<p>[\/vc_column_text][vc_separator][vc_empty_space height=&#8220;15px&#8220;][vc_column_text]Dieser Wein wird durch die Mazeration von Muscat und Pinot Gris auf den H\u00e4uten gewonnen. Es handelt sich also um einen Wei\u00dfwein, der dank der nat\u00fcrlichen Hefen der Parzelle etwa sechs Wochen lang mit seinen Schalen g\u00e4rt.<\/p>\n<p>Diese besondere Vinifikationstechnik verleiht ihm eine orangefarbene T\u00f6nung. In der Nase zeigt dieser Cru Noten von wei\u00dfem Tee, getrockneten Kr\u00e4utern, Zitrusfr\u00fcchten und Orangenbl\u00fcten.<\/p>\n<p>Im Mund ist er ein trockener und straffer Wein mit der Aromatik der besonderen Mazeration. Er weist eine gewisse Bitterkeit und einen langen Abgang auf, was vor allem auf die Tannine zur\u00fcckzuf\u00fchren ist, die aus den in Kontakt mit dem Saft verbliebenen Schalen stammen. Die malolaktische G\u00e4rung findet ebenfalls unter den Schalen statt, und beim Abstich wird ein einziger Zusatz von Schwefel vorgenommen, bevor der Wein ohne Filtration in Flaschen abgef\u00fcllt wird.<\/p>\n<p>Es w\u00e4re optimal, diese Flaschen liegend, lichtgesch\u00fctzt und zwischen 10 und 17 \u00b0C zu lagern, wobei Temperaturschwankungen zu vermeiden sind.<\/p>\n<p>Hier sind die Verkostungskommentare des Robert Parker Wine Advocate zum Jahrgang 2018 :<\/p>\n<p>The 2018 Muscat Le\u00efla was fermented on the skins with indigenous yeasts for more than six weeks, aged in a 225-liter barrel and bottled without filtration. This wine is an homage to Sandrine\u2019s grandfather who planted Muscat in the 1960s and used to vinify his whites in this way. Le\u00efla however, is the name of Sandrine\u2019s second daughter, who was born in 2017. The wine dispays a cloudy, yellow-golden color and opens with a deep, very pure, fresh and herbal bouquet with notes of mandarin and orange skins as well as crushed stones and herbs. Round, very elegant and perfectly balanced on the palate, this is a medium-bodied, pure, straight and fresh Muscat that is bone-dry, salty and stimulatingly piquant on the fihish. The Le\u00efla should get older soon, but as some of us know, serious Muscats can age terribly well. Rating\u00a0: 92 Parker Points[\/vc_column_text][\/vc_column][vc_column width=&#8220;1\/4&#8243;][\/vc_column][\/vc_row][vc_row][vc_column][vc_empty_space][\/vc_column][\/vc_row][vc_row][vc_column width=&#8220;1\/4&#8243;][\/vc_column][vc_column width=&#8220;1\/4&#8243;][vc_single_image image=&#8220;7750&#8243; img_size=&#8220;316X600&#8243; alignment=&#8220;center&#8220;][\/vc_column][vc_column width=&#8220;1\/4&#8243;][vc_column_text]<\/p>\n<h4>Cuv\u00e9e A\u00efda\u00a02022<\/h4>\n<p>[\/vc_column_text][vc_separator][vc_empty_space height=&#8220;15px&#8220;][vc_column_text]Die Cuv\u00e9e A\u00efda stammt von unseren \u00e4ltesten Rebst\u00f6cken der Sorte Savagnin Blanc, die auf unseren sch\u00f6nsten Kalksteinb\u00f6den w\u00e4chst. Diese Rebsorte wird im Wallis auch Pa\u00efen oder Heida genannt. Dieser Cru wird in Stockinger-Halbf\u00e4ssern mit einem Fassungsverm\u00f6gen von 600 Litern vinifiziert und ausgebaut. Der Ausbau erfolgt 12 Monate lang auf der groben Hefe ohne Aufr\u00fchren. Der Ausbau in neuen Halb-F\u00e4ssern verleiht diesem Wein eine besondere Dichte und Textur.<\/p>\n<p>Dieser Wein wird mit Sulfiten vinifiziert und leicht gefiltert. Das Alterungspotenzial des Savagnin Blanc ist bei einigen Jahrg\u00e4ngen spektakul\u00e4r. Wir empfehlen Ihnen daher, etwas zu warten oder den Wein zu dekantieren, wenn Sie ihn innerhalb von zwei Jahren trinken m\u00f6chten.[\/vc_column_text][\/vc_column][vc_column width=&#8220;1\/4&#8243;][\/vc_column][\/vc_row]<\/p>\n<\/div>","protected":false},"excerpt":{"rendered":"<p>[vc_row][vc_column][vc_empty_space][\/vc_column][\/vc_row][vc_row][vc_column width=&#8220;1\/6&#8243;][\/vc_column][vc_column width=&#8220;1\/6&#8243;][\/vc_column][vc_column width=&#8220;1\/6&#8243;][vc_column_text] Spezielle Cuv\u00e9es [\/vc_column_text][\/vc_column][vc_column width=&#8220;1\/6&#8243;][\/vc_column][vc_column width=&#8220;1\/6&#8243;][\/vc_column][vc_column width=&#8220;1\/6&#8243;][\/vc_column][\/vc_row][vc_row][vc_column][vc_empty_space][\/vc_column][\/vc_row][vc_row][vc_column width=&#8220;1\/4&#8243;][\/vc_column][vc_column width=&#8220;1\/4&#8243;][vc_single_image image=&#8220;7747&#8243; img_size=&#8220;316X600&#8243; alignment=&#8220;center&#8220;][\/vc_column][vc_column width=&#8220;1\/4&#8243;][vc_column_text] Cuv\u00e9e S\u00e9l\u00e8ne 2022 [\/vc_column_text][vc_separator][vc_empty_space height=&#8220;15px&#8220;][vc_column_text]Die Cuv\u00e9e S\u00e9l\u00e8ne ist ein Wein, der nur aus Cabernet Franc besteht und ohne jegliche \u00f6nologische Hilfsmittel nach den Vorgaben des ASVN https:\/\/www.vin-nature.ch\/ vinifiziert wird. Es handelt sich um eine naturbelassene Cuv\u00e9e ohne Schwefel, die &hellip;<\/p>\n","protected":false},"author":8,"featured_media":0,"parent":0,"menu_order":0,"comment_status":"closed","ping_status":"closed","template":"","meta":{"footnotes":""},"class_list":["post-7766","page","type-page","status-publish","hentry"],"yoast_head":"<!-- This site is optimized with the Yoast SEO plugin v27.2 - https:\/\/yoast.com\/product\/yoast-seo-wordpress\/ -->\n<title>Cave Caloz | Vigneron-encaveur, artisan du vin<\/title>\n<meta name=\"description\" content=\"Vigneron-encaveur, artisan du vin\" \/>\n<meta name=\"robots\" content=\"index, follow, max-snippet:-1, max-image-preview:large, max-video-preview:-1\" \/>\n<link rel=\"canonical\" href=\"https:\/\/cavecaloz.ch\/de\/cuveespeciales\/\" \/>\n<meta property=\"og:locale\" content=\"de_DE\" \/>\n<meta property=\"og:type\" content=\"article\" \/>\n<meta property=\"og:title\" content=\"Cave Caloz | Vigneron-encaveur, artisan du vin\" \/>\n<meta property=\"og:description\" content=\"Vigneron-encaveur, artisan du vin\" \/>\n<meta property=\"og:url\" content=\"https:\/\/cavecaloz.ch\/de\/cuveespeciales\/\" \/>\n<meta property=\"og:site_name\" content=\"Cavecaloz\" \/>\n<meta property=\"article:modified_time\" content=\"2023-10-26T09:14:54+00:00\" \/>\n<meta name=\"twitter:card\" content=\"summary_large_image\" \/>\n<meta name=\"twitter:label1\" content=\"Gesch\u00e4tzte Lesezeit\" \/>\n\t<meta name=\"twitter:data1\" content=\"4\u00a0Minuten\" \/>\n<script type=\"application\/ld+json\" class=\"yoast-schema-graph\">{\"@context\":\"https:\/\/schema.org\",\"@graph\":[{\"@type\":\"WebPage\",\"@id\":\"https:\/\/cavecaloz.ch\/de\/cuveespeciales\/\",\"url\":\"https:\/\/cavecaloz.ch\/de\/cuveespeciales\/\",\"name\":\"Cave Caloz | Vigneron-encaveur, artisan du vin\",\"isPartOf\":{\"@id\":\"https:\/\/cavecaloz.ch\/de\/#website\"},\"datePublished\":\"2023-10-25T14:12:11+00:00\",\"dateModified\":\"2023-10-26T09:14:54+00:00\",\"description\":\"Vigneron-encaveur, artisan du vin\",\"breadcrumb\":{\"@id\":\"https:\/\/cavecaloz.ch\/de\/cuveespeciales\/#breadcrumb\"},\"inLanguage\":\"de\",\"potentialAction\":[{\"@type\":\"ReadAction\",\"target\":[\"https:\/\/cavecaloz.ch\/de\/cuveespeciales\/\"]}]},{\"@type\":\"BreadcrumbList\",\"@id\":\"https:\/\/cavecaloz.ch\/de\/cuveespeciales\/#breadcrumb\",\"itemListElement\":[{\"@type\":\"ListItem\",\"position\":1,\"name\":\"Accueil\",\"item\":\"https:\/\/cavecaloz.ch\/de\/\"},{\"@type\":\"ListItem\",\"position\":2,\"name\":\"Spezielle Cuv\u00e9es\"}]},{\"@type\":\"WebSite\",\"@id\":\"https:\/\/cavecaloz.ch\/de\/#website\",\"url\":\"https:\/\/cavecaloz.ch\/de\/\",\"name\":\"Cavecaloz\",\"description\":\"Vigneron-encaveur, artisan du vin\",\"publisher\":{\"@id\":\"https:\/\/cavecaloz.ch\/de\/#organization\"},\"potentialAction\":[{\"@type\":\"SearchAction\",\"target\":{\"@type\":\"EntryPoint\",\"urlTemplate\":\"https:\/\/cavecaloz.ch\/de\/?s={search_term_string}\"},\"query-input\":{\"@type\":\"PropertyValueSpecification\",\"valueRequired\":true,\"valueName\":\"search_term_string\"}}],\"inLanguage\":\"de\"},{\"@type\":\"Organization\",\"@id\":\"https:\/\/cavecaloz.ch\/de\/#organization\",\"name\":\"Cave Caloz | Vigneron-encaveur, artisan du vin\",\"url\":\"https:\/\/cavecaloz.ch\/de\/\",\"logo\":{\"@type\":\"ImageObject\",\"inLanguage\":\"de\",\"@id\":\"https:\/\/cavecaloz.ch\/de\/#\/schema\/logo\/image\/\",\"url\":\"https:\/\/cavecaloz.ch\/wp-content\/uploads\/2020\/06\/Cave_Caloz_mouton_rgb_rose.jpg\",\"contentUrl\":\"https:\/\/cavecaloz.ch\/wp-content\/uploads\/2020\/06\/Cave_Caloz_mouton_rgb_rose.jpg\",\"width\":1890,\"height\":1890,\"caption\":\"Cave Caloz | Vigneron-encaveur, artisan du vin\"},\"image\":{\"@id\":\"https:\/\/cavecaloz.ch\/de\/#\/schema\/logo\/image\/\"}}]}<\/script>\n<!-- \/ Yoast SEO plugin. -->","yoast_head_json":{"title":"Cave Caloz | Vigneron-encaveur, artisan du vin","description":"Vigneron-encaveur, artisan du vin","robots":{"index":"index","follow":"follow","max-snippet":"max-snippet:-1","max-image-preview":"max-image-preview:large","max-video-preview":"max-video-preview:-1"},"canonical":"https:\/\/cavecaloz.ch\/de\/cuveespeciales\/","og_locale":"de_DE","og_type":"article","og_title":"Cave Caloz | Vigneron-encaveur, artisan du vin","og_description":"Vigneron-encaveur, artisan du vin","og_url":"https:\/\/cavecaloz.ch\/de\/cuveespeciales\/","og_site_name":"Cavecaloz","article_modified_time":"2023-10-26T09:14:54+00:00","twitter_card":"summary_large_image","twitter_misc":{"Gesch\u00e4tzte Lesezeit":"4\u00a0Minuten"},"schema":{"@context":"https:\/\/schema.org","@graph":[{"@type":"WebPage","@id":"https:\/\/cavecaloz.ch\/de\/cuveespeciales\/","url":"https:\/\/cavecaloz.ch\/de\/cuveespeciales\/","name":"Cave Caloz | Vigneron-encaveur, artisan du vin","isPartOf":{"@id":"https:\/\/cavecaloz.ch\/de\/#website"},"datePublished":"2023-10-25T14:12:11+00:00","dateModified":"2023-10-26T09:14:54+00:00","description":"Vigneron-encaveur, artisan du vin","breadcrumb":{"@id":"https:\/\/cavecaloz.ch\/de\/cuveespeciales\/#breadcrumb"},"inLanguage":"de","potentialAction":[{"@type":"ReadAction","target":["https:\/\/cavecaloz.ch\/de\/cuveespeciales\/"]}]},{"@type":"BreadcrumbList","@id":"https:\/\/cavecaloz.ch\/de\/cuveespeciales\/#breadcrumb","itemListElement":[{"@type":"ListItem","position":1,"name":"Accueil","item":"https:\/\/cavecaloz.ch\/de\/"},{"@type":"ListItem","position":2,"name":"Spezielle Cuv\u00e9es"}]},{"@type":"WebSite","@id":"https:\/\/cavecaloz.ch\/de\/#website","url":"https:\/\/cavecaloz.ch\/de\/","name":"Cavecaloz","description":"Vigneron-encaveur, artisan du vin","publisher":{"@id":"https:\/\/cavecaloz.ch\/de\/#organization"},"potentialAction":[{"@type":"SearchAction","target":{"@type":"EntryPoint","urlTemplate":"https:\/\/cavecaloz.ch\/de\/?s={search_term_string}"},"query-input":{"@type":"PropertyValueSpecification","valueRequired":true,"valueName":"search_term_string"}}],"inLanguage":"de"},{"@type":"Organization","@id":"https:\/\/cavecaloz.ch\/de\/#organization","name":"Cave Caloz | Vigneron-encaveur, artisan du vin","url":"https:\/\/cavecaloz.ch\/de\/","logo":{"@type":"ImageObject","inLanguage":"de","@id":"https:\/\/cavecaloz.ch\/de\/#\/schema\/logo\/image\/","url":"https:\/\/cavecaloz.ch\/wp-content\/uploads\/2020\/06\/Cave_Caloz_mouton_rgb_rose.jpg","contentUrl":"https:\/\/cavecaloz.ch\/wp-content\/uploads\/2020\/06\/Cave_Caloz_mouton_rgb_rose.jpg","width":1890,"height":1890,"caption":"Cave Caloz | Vigneron-encaveur, artisan du vin"},"image":{"@id":"https:\/\/cavecaloz.ch\/de\/#\/schema\/logo\/image\/"}}]}},"_links":{"self":[{"href":"https:\/\/cavecaloz.ch\/de\/wp-json\/wp\/v2\/pages\/7766","targetHints":{"allow":["GET"]}}],"collection":[{"href":"https:\/\/cavecaloz.ch\/de\/wp-json\/wp\/v2\/pages"}],"about":[{"href":"https:\/\/cavecaloz.ch\/de\/wp-json\/wp\/v2\/types\/page"}],"author":[{"embeddable":true,"href":"https:\/\/cavecaloz.ch\/de\/wp-json\/wp\/v2\/users\/8"}],"replies":[{"embeddable":true,"href":"https:\/\/cavecaloz.ch\/de\/wp-json\/wp\/v2\/comments?post=7766"}],"version-history":[{"count":9,"href":"https:\/\/cavecaloz.ch\/de\/wp-json\/wp\/v2\/pages\/7766\/revisions"}],"predecessor-version":[{"id":7776,"href":"https:\/\/cavecaloz.ch\/de\/wp-json\/wp\/v2\/pages\/7766\/revisions\/7776"}],"wp:attachment":[{"href":"https:\/\/cavecaloz.ch\/de\/wp-json\/wp\/v2\/media?parent=7766"}],"curies":[{"name":"wp","href":"https:\/\/api.w.org\/{rel}","templated":true}]}}