{"id":3154,"date":"2015-08-11T21:55:15","date_gmt":"2015-08-11T21:55:15","guid":{"rendered":"https:\/\/cavecaloz.ch\/produit\/pinot-gris\/"},"modified":"2026-03-16T13:37:01","modified_gmt":"2026-03-16T13:37:01","slug":"pinot-gris","status":"publish","type":"product","link":"https:\/\/cavecaloz.ch\/de\/produkt\/pinot-gris\/","title":{"rendered":"Pinot Gris"},"content":{"rendered":"","protected":false},"excerpt":{"rendered":"<p>Die Cuv\u00e9e Olivia ist ein Wein mit einer sch\u00f6nen Komplexit\u00e4t in der Nase, wo sich Noten von weissem Pfeffer, Aprikose, Moos und Honig vereinen. Am Gaumen ist der Wein vollmundig, breit und angenehm lebhaft mit einer sch\u00f6nen Struktur. Da unsere h\u00f6chstgelegenen Pinot-gris-Rebst\u00f6cke auf \u00fcber 800 Metern stehen, ist es ein frischer und filigraner \u00abAlpen-Cru\u00bb.<\/p>\n","protected":false},"featured_media":3046,"template":"","meta":[],"product_brand":[],"product_cat":[227],"product_tag":[192,191,184],"class_list":{"0":"post-3154","1":"product","2":"type-product","3":"status-publish","4":"has-post-thumbnail","6":"product_cat-weissweine","7":"product_tag-fisch","8":"product_tag-pinot-gris-de","9":"product_tag-susswein","11":"first","12":"instock","13":"shipping-taxable","14":"purchasable","15":"product-type-variable","16":"has-default-attributes"},"yoast_head":"<!-- This site is optimized with the Yoast SEO plugin v27.2 - https:\/\/yoast.com\/product\/yoast-seo-wordpress\/ -->\n<title>Pinot Gris - Cavecaloz<\/title>\n<meta name=\"robots\" content=\"index, follow, max-snippet:-1, max-image-preview:large, max-video-preview:-1\" \/>\n<link rel=\"canonical\" href=\"https:\/\/cavecaloz.ch\/de\/produkt\/pinot-gris\/\" \/>\n<meta property=\"og:locale\" content=\"de_DE\" \/>\n<meta property=\"og:type\" content=\"article\" \/>\n<meta property=\"og:title\" content=\"Pinot Gris - Cavecaloz\" \/>\n<meta property=\"og:description\" content=\"Die Cuv\u00e9e Olivia ist ein Wein mit einer sch\u00f6nen Komplexit\u00e4t in der Nase, wo sich Noten von weissem Pfeffer, Aprikose, Moos und Honig vereinen. Am Gaumen ist der Wein vollmundig, breit und angenehm lebhaft mit einer sch\u00f6nen Struktur. Da unsere h\u00f6chstgelegenen Pinot-gris-Rebst\u00f6cke auf \u00fcber 800 Metern stehen, ist es ein frischer und filigraner \u00abAlpen-Cru\u00bb.\" \/>\n<meta property=\"og:url\" content=\"https:\/\/cavecaloz.ch\/de\/produkt\/pinot-gris\/\" \/>\n<meta property=\"og:site_name\" content=\"Cavecaloz\" \/>\n<meta property=\"article:modified_time\" content=\"2026-03-16T13:37:01+00:00\" \/>\n<meta property=\"og:image\" content=\"https:\/\/cavecaloz.ch\/wp-content\/uploads\/2015\/08\/Bl_PinotGris_CuveeOlivia-3.png\" \/>\n\t<meta property=\"og:image:width\" content=\"301\" \/>\n\t<meta property=\"og:image:height\" content=\"810\" \/>\n\t<meta property=\"og:image:type\" content=\"image\/png\" \/>\n<meta name=\"twitter:card\" content=\"summary_large_image\" \/>\n<meta name=\"twitter:label1\" content=\"Gesch\u00e4tzte Lesezeit\" \/>\n\t<meta name=\"twitter:data1\" content=\"1\u00a0Minute\" \/>\n<script type=\"application\/ld+json\" class=\"yoast-schema-graph\">{\"@context\":\"https:\/\/schema.org\",\"@graph\":[{\"@type\":\"WebPage\",\"@id\":\"https:\/\/cavecaloz.ch\/de\/produkt\/pinot-gris\/\",\"url\":\"https:\/\/cavecaloz.ch\/de\/produkt\/pinot-gris\/\",\"name\":\"Pinot Gris - Cavecaloz\",\"isPartOf\":{\"@id\":\"https:\/\/cavecaloz.ch\/de\/#website\"},\"primaryImageOfPage\":{\"@id\":\"https:\/\/cavecaloz.ch\/de\/produkt\/pinot-gris\/#primaryimage\"},\"image\":{\"@id\":\"https:\/\/cavecaloz.ch\/de\/produkt\/pinot-gris\/#primaryimage\"},\"thumbnailUrl\":\"https:\/\/cavecaloz.ch\/wp-content\/uploads\/2015\/08\/Bl_PinotGris_CuveeOlivia-3.png\",\"datePublished\":\"2015-08-11T21:55:15+00:00\",\"dateModified\":\"2026-03-16T13:37:01+00:00\",\"breadcrumb\":{\"@id\":\"https:\/\/cavecaloz.ch\/de\/produkt\/pinot-gris\/#breadcrumb\"},\"inLanguage\":\"de\",\"potentialAction\":[{\"@type\":\"ReadAction\",\"target\":[\"https:\/\/cavecaloz.ch\/de\/produkt\/pinot-gris\/\"]}]},{\"@type\":\"ImageObject\",\"inLanguage\":\"de\",\"@id\":\"https:\/\/cavecaloz.ch\/de\/produkt\/pinot-gris\/#primaryimage\",\"url\":\"https:\/\/cavecaloz.ch\/wp-content\/uploads\/2015\/08\/Bl_PinotGris_CuveeOlivia-3.png\",\"contentUrl\":\"https:\/\/cavecaloz.ch\/wp-content\/uploads\/2015\/08\/Bl_PinotGris_CuveeOlivia-3.png\",\"width\":301,\"height\":810},{\"@type\":\"BreadcrumbList\",\"@id\":\"https:\/\/cavecaloz.ch\/de\/produkt\/pinot-gris\/#breadcrumb\",\"itemListElement\":[{\"@type\":\"ListItem\",\"position\":1,\"name\":\"Accueil\",\"item\":\"https:\/\/cavecaloz.ch\/de\/\"},{\"@type\":\"ListItem\",\"position\":2,\"name\":\"boutique\",\"item\":\"https:\/\/cavecaloz.ch\/de\/shop\/\"},{\"@type\":\"ListItem\",\"position\":3,\"name\":\"Pinot Gris\"}]},{\"@type\":\"WebSite\",\"@id\":\"https:\/\/cavecaloz.ch\/de\/#website\",\"url\":\"https:\/\/cavecaloz.ch\/de\/\",\"name\":\"Cavecaloz\",\"description\":\"Vigneron-encaveur, artisan du vin\",\"publisher\":{\"@id\":\"https:\/\/cavecaloz.ch\/de\/#organization\"},\"potentialAction\":[{\"@type\":\"SearchAction\",\"target\":{\"@type\":\"EntryPoint\",\"urlTemplate\":\"https:\/\/cavecaloz.ch\/de\/?s={search_term_string}\"},\"query-input\":{\"@type\":\"PropertyValueSpecification\",\"valueRequired\":true,\"valueName\":\"search_term_string\"}}],\"inLanguage\":\"de\"},{\"@type\":\"Organization\",\"@id\":\"https:\/\/cavecaloz.ch\/de\/#organization\",\"name\":\"Cave Caloz | Vigneron-encaveur, artisan du vin\",\"url\":\"https:\/\/cavecaloz.ch\/de\/\",\"logo\":{\"@type\":\"ImageObject\",\"inLanguage\":\"de\",\"@id\":\"https:\/\/cavecaloz.ch\/de\/#\/schema\/logo\/image\/\",\"url\":\"https:\/\/cavecaloz.ch\/wp-content\/uploads\/2020\/06\/Cave_Caloz_mouton_rgb_rose.jpg\",\"contentUrl\":\"https:\/\/cavecaloz.ch\/wp-content\/uploads\/2020\/06\/Cave_Caloz_mouton_rgb_rose.jpg\",\"width\":1890,\"height\":1890,\"caption\":\"Cave Caloz | Vigneron-encaveur, artisan du vin\"},\"image\":{\"@id\":\"https:\/\/cavecaloz.ch\/de\/#\/schema\/logo\/image\/\"}}]}<\/script>\n<!-- \/ Yoast SEO plugin. -->","yoast_head_json":{"title":"Pinot Gris - Cavecaloz","robots":{"index":"index","follow":"follow","max-snippet":"max-snippet:-1","max-image-preview":"max-image-preview:large","max-video-preview":"max-video-preview:-1"},"canonical":"https:\/\/cavecaloz.ch\/de\/produkt\/pinot-gris\/","og_locale":"de_DE","og_type":"article","og_title":"Pinot Gris - Cavecaloz","og_description":"Die Cuv\u00e9e Olivia ist ein Wein mit einer sch\u00f6nen Komplexit\u00e4t in der Nase, wo sich Noten von weissem Pfeffer, Aprikose, Moos und Honig vereinen. Am Gaumen ist der Wein vollmundig, breit und angenehm lebhaft mit einer sch\u00f6nen Struktur. Da unsere h\u00f6chstgelegenen Pinot-gris-Rebst\u00f6cke auf \u00fcber 800 Metern stehen, ist es ein frischer und filigraner \u00abAlpen-Cru\u00bb.","og_url":"https:\/\/cavecaloz.ch\/de\/produkt\/pinot-gris\/","og_site_name":"Cavecaloz","article_modified_time":"2026-03-16T13:37:01+00:00","og_image":[{"width":301,"height":810,"url":"https:\/\/cavecaloz.ch\/wp-content\/uploads\/2015\/08\/Bl_PinotGris_CuveeOlivia-3.png","type":"image\/png"}],"twitter_card":"summary_large_image","twitter_misc":{"Gesch\u00e4tzte Lesezeit":"1\u00a0Minute"},"schema":{"@context":"https:\/\/schema.org","@graph":[{"@type":"WebPage","@id":"https:\/\/cavecaloz.ch\/de\/produkt\/pinot-gris\/","url":"https:\/\/cavecaloz.ch\/de\/produkt\/pinot-gris\/","name":"Pinot Gris - Cavecaloz","isPartOf":{"@id":"https:\/\/cavecaloz.ch\/de\/#website"},"primaryImageOfPage":{"@id":"https:\/\/cavecaloz.ch\/de\/produkt\/pinot-gris\/#primaryimage"},"image":{"@id":"https:\/\/cavecaloz.ch\/de\/produkt\/pinot-gris\/#primaryimage"},"thumbnailUrl":"https:\/\/cavecaloz.ch\/wp-content\/uploads\/2015\/08\/Bl_PinotGris_CuveeOlivia-3.png","datePublished":"2015-08-11T21:55:15+00:00","dateModified":"2026-03-16T13:37:01+00:00","breadcrumb":{"@id":"https:\/\/cavecaloz.ch\/de\/produkt\/pinot-gris\/#breadcrumb"},"inLanguage":"de","potentialAction":[{"@type":"ReadAction","target":["https:\/\/cavecaloz.ch\/de\/produkt\/pinot-gris\/"]}]},{"@type":"ImageObject","inLanguage":"de","@id":"https:\/\/cavecaloz.ch\/de\/produkt\/pinot-gris\/#primaryimage","url":"https:\/\/cavecaloz.ch\/wp-content\/uploads\/2015\/08\/Bl_PinotGris_CuveeOlivia-3.png","contentUrl":"https:\/\/cavecaloz.ch\/wp-content\/uploads\/2015\/08\/Bl_PinotGris_CuveeOlivia-3.png","width":301,"height":810},{"@type":"BreadcrumbList","@id":"https:\/\/cavecaloz.ch\/de\/produkt\/pinot-gris\/#breadcrumb","itemListElement":[{"@type":"ListItem","position":1,"name":"Accueil","item":"https:\/\/cavecaloz.ch\/de\/"},{"@type":"ListItem","position":2,"name":"boutique","item":"https:\/\/cavecaloz.ch\/de\/shop\/"},{"@type":"ListItem","position":3,"name":"Pinot Gris"}]},{"@type":"WebSite","@id":"https:\/\/cavecaloz.ch\/de\/#website","url":"https:\/\/cavecaloz.ch\/de\/","name":"Cavecaloz","description":"Vigneron-encaveur, artisan du vin","publisher":{"@id":"https:\/\/cavecaloz.ch\/de\/#organization"},"potentialAction":[{"@type":"SearchAction","target":{"@type":"EntryPoint","urlTemplate":"https:\/\/cavecaloz.ch\/de\/?s={search_term_string}"},"query-input":{"@type":"PropertyValueSpecification","valueRequired":true,"valueName":"search_term_string"}}],"inLanguage":"de"},{"@type":"Organization","@id":"https:\/\/cavecaloz.ch\/de\/#organization","name":"Cave Caloz | Vigneron-encaveur, artisan du vin","url":"https:\/\/cavecaloz.ch\/de\/","logo":{"@type":"ImageObject","inLanguage":"de","@id":"https:\/\/cavecaloz.ch\/de\/#\/schema\/logo\/image\/","url":"https:\/\/cavecaloz.ch\/wp-content\/uploads\/2020\/06\/Cave_Caloz_mouton_rgb_rose.jpg","contentUrl":"https:\/\/cavecaloz.ch\/wp-content\/uploads\/2020\/06\/Cave_Caloz_mouton_rgb_rose.jpg","width":1890,"height":1890,"caption":"Cave Caloz | Vigneron-encaveur, artisan du vin"},"image":{"@id":"https:\/\/cavecaloz.ch\/de\/#\/schema\/logo\/image\/"}}]}},"_links":{"self":[{"href":"https:\/\/cavecaloz.ch\/de\/wp-json\/wp\/v2\/product\/3154","targetHints":{"allow":["GET"]}}],"collection":[{"href":"https:\/\/cavecaloz.ch\/de\/wp-json\/wp\/v2\/product"}],"about":[{"href":"https:\/\/cavecaloz.ch\/de\/wp-json\/wp\/v2\/types\/product"}],"wp:featuredmedia":[{"embeddable":true,"href":"https:\/\/cavecaloz.ch\/de\/wp-json\/wp\/v2\/media\/3046"}],"wp:attachment":[{"href":"https:\/\/cavecaloz.ch\/de\/wp-json\/wp\/v2\/media?parent=3154"}],"wp:term":[{"taxonomy":"product_brand","embeddable":true,"href":"https:\/\/cavecaloz.ch\/de\/wp-json\/wp\/v2\/product_brand?post=3154"},{"taxonomy":"product_cat","embeddable":true,"href":"https:\/\/cavecaloz.ch\/de\/wp-json\/wp\/v2\/product_cat?post=3154"},{"taxonomy":"product_tag","embeddable":true,"href":"https:\/\/cavecaloz.ch\/de\/wp-json\/wp\/v2\/product_tag?post=3154"}],"curies":[{"name":"wp","href":"https:\/\/api.w.org\/{rel}","templated":true}]}}