{"id":3168,"date":"2015-08-11T22:00:19","date_gmt":"2015-08-11T22:00:19","guid":{"rendered":"https:\/\/cavecaloz.ch\/produit\/paien-heida\/"},"modified":"2025-10-01T14:59:32","modified_gmt":"2025-10-01T14:59:32","slug":"paien-heida","status":"publish","type":"product","link":"https:\/\/cavecaloz.ch\/de\/produkt\/paien-heida\/","title":{"rendered":"Pa\u00efen \/ Heida"},"content":{"rendered":"","protected":false},"excerpt":{"rendered":"<p>Unser Pa\u00efen zeigt Noten von exotischen Fr\u00fcchten und Akazie. Nach einem tiefen Atemzug durch die Nase kommt das Bouquet besonders gut zur Geltung. Am Gaumen intensiv, seidig und rund, sehr k\u00f6rperreich. Ein kr\u00e4ftiger, rassiger, eleganter Wein mit sehr langem Abgang. Lebhaft und trocken. Die kalkhaltigen B\u00f6den der Region Les Bernunes verleihen ihm oft leichte Rauchnoten, obwohl dieser Wein nicht im Holzfass ausgebaut wird.<\/p>\n","protected":false},"featured_media":7906,"template":"","meta":[],"product_brand":[],"product_cat":[227],"product_tag":[192,188,189,197,198],"class_list":{"0":"post-3168","1":"product","2":"type-product","3":"status-publish","4":"has-post-thumbnail","6":"product_cat-weissweine","7":"product_tag-fisch","8":"product_tag-paien-de","9":"product_tag-parker-de","10":"product_tag-savagnin-blanc-de","11":"product_tag-trocken","13":"first","14":"instock","15":"shipping-taxable","16":"purchasable","17":"product-type-variable","18":"has-default-attributes"},"yoast_head":"<!-- This site is optimized with the Yoast SEO plugin v27.2 - https:\/\/yoast.com\/product\/yoast-seo-wordpress\/ -->\n<title>Pa\u00efen \/ Heida - Cavecaloz<\/title>\n<meta name=\"robots\" content=\"index, follow, max-snippet:-1, max-image-preview:large, max-video-preview:-1\" \/>\n<link rel=\"canonical\" href=\"https:\/\/cavecaloz.ch\/de\/produkt\/paien-heida\/\" \/>\n<meta property=\"og:locale\" content=\"de_DE\" \/>\n<meta property=\"og:type\" content=\"article\" \/>\n<meta property=\"og:title\" content=\"Pa\u00efen \/ Heida - Cavecaloz\" \/>\n<meta property=\"og:description\" content=\"Unser Pa\u00efen zeigt Noten von exotischen Fr\u00fcchten und Akazie. Nach einem tiefen Atemzug durch die Nase kommt das Bouquet besonders gut zur Geltung. Am Gaumen intensiv, seidig und rund, sehr k\u00f6rperreich. Ein kr\u00e4ftiger, rassiger, eleganter Wein mit sehr langem Abgang. Lebhaft und trocken. Die kalkhaltigen B\u00f6den der Region Les Bernunes verleihen ihm oft leichte Rauchnoten, obwohl dieser Wein nicht im Holzfass ausgebaut wird.\" \/>\n<meta property=\"og:url\" content=\"https:\/\/cavecaloz.ch\/de\/produkt\/paien-heida\/\" \/>\n<meta property=\"og:site_name\" content=\"Cavecaloz\" \/>\n<meta property=\"article:modified_time\" content=\"2025-10-01T14:59:32+00:00\" \/>\n<meta property=\"og:image\" content=\"https:\/\/cavecaloz.ch\/wp-content\/uploads\/2023\/11\/Bl_Paien_Heidatif.png\" \/>\n\t<meta property=\"og:image:width\" content=\"292\" \/>\n\t<meta property=\"og:image:height\" content=\"797\" \/>\n\t<meta property=\"og:image:type\" content=\"image\/png\" \/>\n<meta name=\"twitter:card\" content=\"summary_large_image\" \/>\n<meta name=\"twitter:label1\" content=\"Gesch\u00e4tzte Lesezeit\" \/>\n\t<meta name=\"twitter:data1\" content=\"1\u00a0Minute\" \/>\n<script type=\"application\/ld+json\" class=\"yoast-schema-graph\">{\"@context\":\"https:\/\/schema.org\",\"@graph\":[{\"@type\":\"WebPage\",\"@id\":\"https:\/\/cavecaloz.ch\/de\/produkt\/paien-heida\/\",\"url\":\"https:\/\/cavecaloz.ch\/de\/produkt\/paien-heida\/\",\"name\":\"Pa\u00efen \/ Heida - Cavecaloz\",\"isPartOf\":{\"@id\":\"https:\/\/cavecaloz.ch\/de\/#website\"},\"primaryImageOfPage\":{\"@id\":\"https:\/\/cavecaloz.ch\/de\/produkt\/paien-heida\/#primaryimage\"},\"image\":{\"@id\":\"https:\/\/cavecaloz.ch\/de\/produkt\/paien-heida\/#primaryimage\"},\"thumbnailUrl\":\"https:\/\/cavecaloz.ch\/wp-content\/uploads\/2023\/11\/Bl_Paien_Heidatif.png\",\"datePublished\":\"2015-08-11T22:00:19+00:00\",\"dateModified\":\"2025-10-01T14:59:32+00:00\",\"breadcrumb\":{\"@id\":\"https:\/\/cavecaloz.ch\/de\/produkt\/paien-heida\/#breadcrumb\"},\"inLanguage\":\"de\",\"potentialAction\":[{\"@type\":\"ReadAction\",\"target\":[\"https:\/\/cavecaloz.ch\/de\/produkt\/paien-heida\/\"]}]},{\"@type\":\"ImageObject\",\"inLanguage\":\"de\",\"@id\":\"https:\/\/cavecaloz.ch\/de\/produkt\/paien-heida\/#primaryimage\",\"url\":\"https:\/\/cavecaloz.ch\/wp-content\/uploads\/2023\/11\/Bl_Paien_Heidatif.png\",\"contentUrl\":\"https:\/\/cavecaloz.ch\/wp-content\/uploads\/2023\/11\/Bl_Paien_Heidatif.png\",\"width\":292,\"height\":797},{\"@type\":\"BreadcrumbList\",\"@id\":\"https:\/\/cavecaloz.ch\/de\/produkt\/paien-heida\/#breadcrumb\",\"itemListElement\":[{\"@type\":\"ListItem\",\"position\":1,\"name\":\"Accueil\",\"item\":\"https:\/\/cavecaloz.ch\/de\/\"},{\"@type\":\"ListItem\",\"position\":2,\"name\":\"boutique\",\"item\":\"https:\/\/cavecaloz.ch\/de\/shop\/\"},{\"@type\":\"ListItem\",\"position\":3,\"name\":\"Pa\u00efen \/ Heida\"}]},{\"@type\":\"WebSite\",\"@id\":\"https:\/\/cavecaloz.ch\/de\/#website\",\"url\":\"https:\/\/cavecaloz.ch\/de\/\",\"name\":\"Cavecaloz\",\"description\":\"Vigneron-encaveur, artisan du vin\",\"publisher\":{\"@id\":\"https:\/\/cavecaloz.ch\/de\/#organization\"},\"potentialAction\":[{\"@type\":\"SearchAction\",\"target\":{\"@type\":\"EntryPoint\",\"urlTemplate\":\"https:\/\/cavecaloz.ch\/de\/?s={search_term_string}\"},\"query-input\":{\"@type\":\"PropertyValueSpecification\",\"valueRequired\":true,\"valueName\":\"search_term_string\"}}],\"inLanguage\":\"de\"},{\"@type\":\"Organization\",\"@id\":\"https:\/\/cavecaloz.ch\/de\/#organization\",\"name\":\"Cave Caloz | Vigneron-encaveur, artisan du vin\",\"url\":\"https:\/\/cavecaloz.ch\/de\/\",\"logo\":{\"@type\":\"ImageObject\",\"inLanguage\":\"de\",\"@id\":\"https:\/\/cavecaloz.ch\/de\/#\/schema\/logo\/image\/\",\"url\":\"https:\/\/cavecaloz.ch\/wp-content\/uploads\/2020\/06\/Cave_Caloz_mouton_rgb_rose.jpg\",\"contentUrl\":\"https:\/\/cavecaloz.ch\/wp-content\/uploads\/2020\/06\/Cave_Caloz_mouton_rgb_rose.jpg\",\"width\":1890,\"height\":1890,\"caption\":\"Cave Caloz | Vigneron-encaveur, artisan du vin\"},\"image\":{\"@id\":\"https:\/\/cavecaloz.ch\/de\/#\/schema\/logo\/image\/\"}}]}<\/script>\n<!-- \/ Yoast SEO plugin. -->","yoast_head_json":{"title":"Pa\u00efen \/ Heida - Cavecaloz","robots":{"index":"index","follow":"follow","max-snippet":"max-snippet:-1","max-image-preview":"max-image-preview:large","max-video-preview":"max-video-preview:-1"},"canonical":"https:\/\/cavecaloz.ch\/de\/produkt\/paien-heida\/","og_locale":"de_DE","og_type":"article","og_title":"Pa\u00efen \/ Heida - Cavecaloz","og_description":"Unser Pa\u00efen zeigt Noten von exotischen Fr\u00fcchten und Akazie. Nach einem tiefen Atemzug durch die Nase kommt das Bouquet besonders gut zur Geltung. Am Gaumen intensiv, seidig und rund, sehr k\u00f6rperreich. Ein kr\u00e4ftiger, rassiger, eleganter Wein mit sehr langem Abgang. Lebhaft und trocken. Die kalkhaltigen B\u00f6den der Region Les Bernunes verleihen ihm oft leichte Rauchnoten, obwohl dieser Wein nicht im Holzfass ausgebaut wird.","og_url":"https:\/\/cavecaloz.ch\/de\/produkt\/paien-heida\/","og_site_name":"Cavecaloz","article_modified_time":"2025-10-01T14:59:32+00:00","og_image":[{"width":292,"height":797,"url":"https:\/\/cavecaloz.ch\/wp-content\/uploads\/2023\/11\/Bl_Paien_Heidatif.png","type":"image\/png"}],"twitter_card":"summary_large_image","twitter_misc":{"Gesch\u00e4tzte Lesezeit":"1\u00a0Minute"},"schema":{"@context":"https:\/\/schema.org","@graph":[{"@type":"WebPage","@id":"https:\/\/cavecaloz.ch\/de\/produkt\/paien-heida\/","url":"https:\/\/cavecaloz.ch\/de\/produkt\/paien-heida\/","name":"Pa\u00efen \/ Heida - Cavecaloz","isPartOf":{"@id":"https:\/\/cavecaloz.ch\/de\/#website"},"primaryImageOfPage":{"@id":"https:\/\/cavecaloz.ch\/de\/produkt\/paien-heida\/#primaryimage"},"image":{"@id":"https:\/\/cavecaloz.ch\/de\/produkt\/paien-heida\/#primaryimage"},"thumbnailUrl":"https:\/\/cavecaloz.ch\/wp-content\/uploads\/2023\/11\/Bl_Paien_Heidatif.png","datePublished":"2015-08-11T22:00:19+00:00","dateModified":"2025-10-01T14:59:32+00:00","breadcrumb":{"@id":"https:\/\/cavecaloz.ch\/de\/produkt\/paien-heida\/#breadcrumb"},"inLanguage":"de","potentialAction":[{"@type":"ReadAction","target":["https:\/\/cavecaloz.ch\/de\/produkt\/paien-heida\/"]}]},{"@type":"ImageObject","inLanguage":"de","@id":"https:\/\/cavecaloz.ch\/de\/produkt\/paien-heida\/#primaryimage","url":"https:\/\/cavecaloz.ch\/wp-content\/uploads\/2023\/11\/Bl_Paien_Heidatif.png","contentUrl":"https:\/\/cavecaloz.ch\/wp-content\/uploads\/2023\/11\/Bl_Paien_Heidatif.png","width":292,"height":797},{"@type":"BreadcrumbList","@id":"https:\/\/cavecaloz.ch\/de\/produkt\/paien-heida\/#breadcrumb","itemListElement":[{"@type":"ListItem","position":1,"name":"Accueil","item":"https:\/\/cavecaloz.ch\/de\/"},{"@type":"ListItem","position":2,"name":"boutique","item":"https:\/\/cavecaloz.ch\/de\/shop\/"},{"@type":"ListItem","position":3,"name":"Pa\u00efen \/ Heida"}]},{"@type":"WebSite","@id":"https:\/\/cavecaloz.ch\/de\/#website","url":"https:\/\/cavecaloz.ch\/de\/","name":"Cavecaloz","description":"Vigneron-encaveur, artisan du vin","publisher":{"@id":"https:\/\/cavecaloz.ch\/de\/#organization"},"potentialAction":[{"@type":"SearchAction","target":{"@type":"EntryPoint","urlTemplate":"https:\/\/cavecaloz.ch\/de\/?s={search_term_string}"},"query-input":{"@type":"PropertyValueSpecification","valueRequired":true,"valueName":"search_term_string"}}],"inLanguage":"de"},{"@type":"Organization","@id":"https:\/\/cavecaloz.ch\/de\/#organization","name":"Cave Caloz | Vigneron-encaveur, artisan du vin","url":"https:\/\/cavecaloz.ch\/de\/","logo":{"@type":"ImageObject","inLanguage":"de","@id":"https:\/\/cavecaloz.ch\/de\/#\/schema\/logo\/image\/","url":"https:\/\/cavecaloz.ch\/wp-content\/uploads\/2020\/06\/Cave_Caloz_mouton_rgb_rose.jpg","contentUrl":"https:\/\/cavecaloz.ch\/wp-content\/uploads\/2020\/06\/Cave_Caloz_mouton_rgb_rose.jpg","width":1890,"height":1890,"caption":"Cave Caloz | Vigneron-encaveur, artisan du vin"},"image":{"@id":"https:\/\/cavecaloz.ch\/de\/#\/schema\/logo\/image\/"}}]}},"_links":{"self":[{"href":"https:\/\/cavecaloz.ch\/de\/wp-json\/wp\/v2\/product\/3168","targetHints":{"allow":["GET"]}}],"collection":[{"href":"https:\/\/cavecaloz.ch\/de\/wp-json\/wp\/v2\/product"}],"about":[{"href":"https:\/\/cavecaloz.ch\/de\/wp-json\/wp\/v2\/types\/product"}],"wp:featuredmedia":[{"embeddable":true,"href":"https:\/\/cavecaloz.ch\/de\/wp-json\/wp\/v2\/media\/7906"}],"wp:attachment":[{"href":"https:\/\/cavecaloz.ch\/de\/wp-json\/wp\/v2\/media?parent=3168"}],"wp:term":[{"taxonomy":"product_brand","embeddable":true,"href":"https:\/\/cavecaloz.ch\/de\/wp-json\/wp\/v2\/product_brand?post=3168"},{"taxonomy":"product_cat","embeddable":true,"href":"https:\/\/cavecaloz.ch\/de\/wp-json\/wp\/v2\/product_cat?post=3168"},{"taxonomy":"product_tag","embeddable":true,"href":"https:\/\/cavecaloz.ch\/de\/wp-json\/wp\/v2\/product_tag?post=3168"}],"curies":[{"name":"wp","href":"https:\/\/api.w.org\/{rel}","templated":true}]}}