{"id":3235,"date":"2020-05-19T11:57:30","date_gmt":"2020-05-19T11:57:30","guid":{"rendered":"https:\/\/cavecaloz.ch\/produit\/cornalin\/"},"modified":"2025-10-01T15:06:47","modified_gmt":"2025-10-01T15:06:47","slug":"cornalin","status":"publish","type":"product","link":"https:\/\/cavecaloz.ch\/de\/produkt\/cornalin\/","title":{"rendered":"Cornalin"},"content":{"rendered":"","protected":false},"excerpt":{"rendered":"<p>Unser Cornalin reift in Edelstahltanks, um die lebendigen und \u00fcppigen Fr\u00fcchte dieser Rebsorte zu beg\u00fcnstigen. Eine unverwechselbare Nase nach reifen Kirschen, Sauerkirschen und Trockenblumen und ein Mund voller Geschmeidigkeit und Rondeur. Feste Tannine, aber schon angenehm gerundet f\u00fcr diesen noch sehr jungen Wein, den man problemlos noch ein bisschen im Weinkeller reifen lassen kann.<\/p>\n","protected":false},"featured_media":7942,"template":"","meta":[],"product_brand":[],"product_cat":[230],"product_tag":[189,203,201],"class_list":{"0":"post-3235","1":"product","2":"type-product","3":"status-publish","4":"has-post-thumbnail","6":"product_cat-rotweine","7":"product_tag-parker-de","8":"product_tag-rotes-fleisch","9":"product_tag-tanninhaltig","11":"first","12":"instock","13":"shipping-taxable","14":"purchasable","15":"product-type-variable","16":"has-default-attributes"},"yoast_head":"<!-- This site is optimized with the Yoast SEO plugin v27.2 - https:\/\/yoast.com\/product\/yoast-seo-wordpress\/ -->\n<title>Cornalin - Cavecaloz<\/title>\n<meta name=\"robots\" content=\"index, follow, max-snippet:-1, max-image-preview:large, max-video-preview:-1\" \/>\n<link rel=\"canonical\" href=\"https:\/\/cavecaloz.ch\/de\/produkt\/cornalin\/\" \/>\n<meta property=\"og:locale\" content=\"de_DE\" \/>\n<meta property=\"og:type\" content=\"article\" \/>\n<meta property=\"og:title\" content=\"Cornalin - Cavecaloz\" \/>\n<meta property=\"og:description\" content=\"Unser Cornalin reift in Edelstahltanks, um die lebendigen und \u00fcppigen Fr\u00fcchte dieser Rebsorte zu beg\u00fcnstigen. Eine unverwechselbare Nase nach reifen Kirschen, Sauerkirschen und Trockenblumen und ein Mund voller Geschmeidigkeit und Rondeur. Feste Tannine, aber schon angenehm gerundet f\u00fcr diesen noch sehr jungen Wein, den man problemlos noch ein bisschen im Weinkeller reifen lassen kann.\" \/>\n<meta property=\"og:url\" content=\"https:\/\/cavecaloz.ch\/de\/produkt\/cornalin\/\" \/>\n<meta property=\"og:site_name\" content=\"Cavecaloz\" \/>\n<meta property=\"article:modified_time\" content=\"2025-10-01T15:06:47+00:00\" \/>\n<meta property=\"og:image\" content=\"https:\/\/cavecaloz.ch\/wp-content\/uploads\/2023\/11\/R_Cornalin.png\" \/>\n\t<meta property=\"og:image:width\" content=\"292\" \/>\n\t<meta property=\"og:image:height\" content=\"810\" \/>\n\t<meta property=\"og:image:type\" content=\"image\/png\" \/>\n<meta name=\"twitter:card\" content=\"summary_large_image\" \/>\n<meta name=\"twitter:label1\" content=\"Gesch\u00e4tzte Lesezeit\" \/>\n\t<meta name=\"twitter:data1\" content=\"1\u00a0Minute\" \/>\n<script type=\"application\/ld+json\" class=\"yoast-schema-graph\">{\"@context\":\"https:\/\/schema.org\",\"@graph\":[{\"@type\":\"WebPage\",\"@id\":\"https:\/\/cavecaloz.ch\/de\/produkt\/cornalin\/\",\"url\":\"https:\/\/cavecaloz.ch\/de\/produkt\/cornalin\/\",\"name\":\"Cornalin - Cavecaloz\",\"isPartOf\":{\"@id\":\"https:\/\/cavecaloz.ch\/de\/#website\"},\"primaryImageOfPage\":{\"@id\":\"https:\/\/cavecaloz.ch\/de\/produkt\/cornalin\/#primaryimage\"},\"image\":{\"@id\":\"https:\/\/cavecaloz.ch\/de\/produkt\/cornalin\/#primaryimage\"},\"thumbnailUrl\":\"https:\/\/cavecaloz.ch\/wp-content\/uploads\/2023\/11\/R_Cornalin.png\",\"datePublished\":\"2020-05-19T11:57:30+00:00\",\"dateModified\":\"2025-10-01T15:06:47+00:00\",\"breadcrumb\":{\"@id\":\"https:\/\/cavecaloz.ch\/de\/produkt\/cornalin\/#breadcrumb\"},\"inLanguage\":\"de\",\"potentialAction\":[{\"@type\":\"ReadAction\",\"target\":[\"https:\/\/cavecaloz.ch\/de\/produkt\/cornalin\/\"]}]},{\"@type\":\"ImageObject\",\"inLanguage\":\"de\",\"@id\":\"https:\/\/cavecaloz.ch\/de\/produkt\/cornalin\/#primaryimage\",\"url\":\"https:\/\/cavecaloz.ch\/wp-content\/uploads\/2023\/11\/R_Cornalin.png\",\"contentUrl\":\"https:\/\/cavecaloz.ch\/wp-content\/uploads\/2023\/11\/R_Cornalin.png\",\"width\":292,\"height\":810},{\"@type\":\"BreadcrumbList\",\"@id\":\"https:\/\/cavecaloz.ch\/de\/produkt\/cornalin\/#breadcrumb\",\"itemListElement\":[{\"@type\":\"ListItem\",\"position\":1,\"name\":\"Accueil\",\"item\":\"https:\/\/cavecaloz.ch\/de\/\"},{\"@type\":\"ListItem\",\"position\":2,\"name\":\"boutique\",\"item\":\"https:\/\/cavecaloz.ch\/de\/shop\/\"},{\"@type\":\"ListItem\",\"position\":3,\"name\":\"Cornalin\"}]},{\"@type\":\"WebSite\",\"@id\":\"https:\/\/cavecaloz.ch\/de\/#website\",\"url\":\"https:\/\/cavecaloz.ch\/de\/\",\"name\":\"Cavecaloz\",\"description\":\"Vigneron-encaveur, artisan du vin\",\"publisher\":{\"@id\":\"https:\/\/cavecaloz.ch\/de\/#organization\"},\"potentialAction\":[{\"@type\":\"SearchAction\",\"target\":{\"@type\":\"EntryPoint\",\"urlTemplate\":\"https:\/\/cavecaloz.ch\/de\/?s={search_term_string}\"},\"query-input\":{\"@type\":\"PropertyValueSpecification\",\"valueRequired\":true,\"valueName\":\"search_term_string\"}}],\"inLanguage\":\"de\"},{\"@type\":\"Organization\",\"@id\":\"https:\/\/cavecaloz.ch\/de\/#organization\",\"name\":\"Cave Caloz | Vigneron-encaveur, artisan du vin\",\"url\":\"https:\/\/cavecaloz.ch\/de\/\",\"logo\":{\"@type\":\"ImageObject\",\"inLanguage\":\"de\",\"@id\":\"https:\/\/cavecaloz.ch\/de\/#\/schema\/logo\/image\/\",\"url\":\"https:\/\/cavecaloz.ch\/wp-content\/uploads\/2020\/06\/Cave_Caloz_mouton_rgb_rose.jpg\",\"contentUrl\":\"https:\/\/cavecaloz.ch\/wp-content\/uploads\/2020\/06\/Cave_Caloz_mouton_rgb_rose.jpg\",\"width\":1890,\"height\":1890,\"caption\":\"Cave Caloz | Vigneron-encaveur, artisan du vin\"},\"image\":{\"@id\":\"https:\/\/cavecaloz.ch\/de\/#\/schema\/logo\/image\/\"}}]}<\/script>\n<!-- \/ Yoast SEO plugin. -->","yoast_head_json":{"title":"Cornalin - Cavecaloz","robots":{"index":"index","follow":"follow","max-snippet":"max-snippet:-1","max-image-preview":"max-image-preview:large","max-video-preview":"max-video-preview:-1"},"canonical":"https:\/\/cavecaloz.ch\/de\/produkt\/cornalin\/","og_locale":"de_DE","og_type":"article","og_title":"Cornalin - Cavecaloz","og_description":"Unser Cornalin reift in Edelstahltanks, um die lebendigen und \u00fcppigen Fr\u00fcchte dieser Rebsorte zu beg\u00fcnstigen. Eine unverwechselbare Nase nach reifen Kirschen, Sauerkirschen und Trockenblumen und ein Mund voller Geschmeidigkeit und Rondeur. Feste Tannine, aber schon angenehm gerundet f\u00fcr diesen noch sehr jungen Wein, den man problemlos noch ein bisschen im Weinkeller reifen lassen kann.","og_url":"https:\/\/cavecaloz.ch\/de\/produkt\/cornalin\/","og_site_name":"Cavecaloz","article_modified_time":"2025-10-01T15:06:47+00:00","og_image":[{"width":292,"height":810,"url":"https:\/\/cavecaloz.ch\/wp-content\/uploads\/2023\/11\/R_Cornalin.png","type":"image\/png"}],"twitter_card":"summary_large_image","twitter_misc":{"Gesch\u00e4tzte Lesezeit":"1\u00a0Minute"},"schema":{"@context":"https:\/\/schema.org","@graph":[{"@type":"WebPage","@id":"https:\/\/cavecaloz.ch\/de\/produkt\/cornalin\/","url":"https:\/\/cavecaloz.ch\/de\/produkt\/cornalin\/","name":"Cornalin - Cavecaloz","isPartOf":{"@id":"https:\/\/cavecaloz.ch\/de\/#website"},"primaryImageOfPage":{"@id":"https:\/\/cavecaloz.ch\/de\/produkt\/cornalin\/#primaryimage"},"image":{"@id":"https:\/\/cavecaloz.ch\/de\/produkt\/cornalin\/#primaryimage"},"thumbnailUrl":"https:\/\/cavecaloz.ch\/wp-content\/uploads\/2023\/11\/R_Cornalin.png","datePublished":"2020-05-19T11:57:30+00:00","dateModified":"2025-10-01T15:06:47+00:00","breadcrumb":{"@id":"https:\/\/cavecaloz.ch\/de\/produkt\/cornalin\/#breadcrumb"},"inLanguage":"de","potentialAction":[{"@type":"ReadAction","target":["https:\/\/cavecaloz.ch\/de\/produkt\/cornalin\/"]}]},{"@type":"ImageObject","inLanguage":"de","@id":"https:\/\/cavecaloz.ch\/de\/produkt\/cornalin\/#primaryimage","url":"https:\/\/cavecaloz.ch\/wp-content\/uploads\/2023\/11\/R_Cornalin.png","contentUrl":"https:\/\/cavecaloz.ch\/wp-content\/uploads\/2023\/11\/R_Cornalin.png","width":292,"height":810},{"@type":"BreadcrumbList","@id":"https:\/\/cavecaloz.ch\/de\/produkt\/cornalin\/#breadcrumb","itemListElement":[{"@type":"ListItem","position":1,"name":"Accueil","item":"https:\/\/cavecaloz.ch\/de\/"},{"@type":"ListItem","position":2,"name":"boutique","item":"https:\/\/cavecaloz.ch\/de\/shop\/"},{"@type":"ListItem","position":3,"name":"Cornalin"}]},{"@type":"WebSite","@id":"https:\/\/cavecaloz.ch\/de\/#website","url":"https:\/\/cavecaloz.ch\/de\/","name":"Cavecaloz","description":"Vigneron-encaveur, artisan du vin","publisher":{"@id":"https:\/\/cavecaloz.ch\/de\/#organization"},"potentialAction":[{"@type":"SearchAction","target":{"@type":"EntryPoint","urlTemplate":"https:\/\/cavecaloz.ch\/de\/?s={search_term_string}"},"query-input":{"@type":"PropertyValueSpecification","valueRequired":true,"valueName":"search_term_string"}}],"inLanguage":"de"},{"@type":"Organization","@id":"https:\/\/cavecaloz.ch\/de\/#organization","name":"Cave Caloz | Vigneron-encaveur, artisan du vin","url":"https:\/\/cavecaloz.ch\/de\/","logo":{"@type":"ImageObject","inLanguage":"de","@id":"https:\/\/cavecaloz.ch\/de\/#\/schema\/logo\/image\/","url":"https:\/\/cavecaloz.ch\/wp-content\/uploads\/2020\/06\/Cave_Caloz_mouton_rgb_rose.jpg","contentUrl":"https:\/\/cavecaloz.ch\/wp-content\/uploads\/2020\/06\/Cave_Caloz_mouton_rgb_rose.jpg","width":1890,"height":1890,"caption":"Cave Caloz | Vigneron-encaveur, artisan du vin"},"image":{"@id":"https:\/\/cavecaloz.ch\/de\/#\/schema\/logo\/image\/"}}]}},"_links":{"self":[{"href":"https:\/\/cavecaloz.ch\/de\/wp-json\/wp\/v2\/product\/3235","targetHints":{"allow":["GET"]}}],"collection":[{"href":"https:\/\/cavecaloz.ch\/de\/wp-json\/wp\/v2\/product"}],"about":[{"href":"https:\/\/cavecaloz.ch\/de\/wp-json\/wp\/v2\/types\/product"}],"wp:featuredmedia":[{"embeddable":true,"href":"https:\/\/cavecaloz.ch\/de\/wp-json\/wp\/v2\/media\/7942"}],"wp:attachment":[{"href":"https:\/\/cavecaloz.ch\/de\/wp-json\/wp\/v2\/media?parent=3235"}],"wp:term":[{"taxonomy":"product_brand","embeddable":true,"href":"https:\/\/cavecaloz.ch\/de\/wp-json\/wp\/v2\/product_brand?post=3235"},{"taxonomy":"product_cat","embeddable":true,"href":"https:\/\/cavecaloz.ch\/de\/wp-json\/wp\/v2\/product_cat?post=3235"},{"taxonomy":"product_tag","embeddable":true,"href":"https:\/\/cavecaloz.ch\/de\/wp-json\/wp\/v2\/product_tag?post=3235"}],"curies":[{"name":"wp","href":"https:\/\/api.w.org\/{rel}","templated":true}]}}