{"id":3242,"date":"2020-05-19T11:57:48","date_gmt":"2020-05-19T11:57:48","guid":{"rendered":"https:\/\/cavecaloz.ch\/produit\/assemblage\/"},"modified":"2026-03-16T13:36:35","modified_gmt":"2026-03-16T13:36:35","slug":"assemblage","status":"publish","type":"product","link":"https:\/\/cavecaloz.ch\/de\/produkt\/assemblage\/","title":{"rendered":"Assemblage"},"content":{"rendered":"","protected":false},"excerpt":{"rendered":"<p>Assemblage Gamaret 45%, Cabernet Franc 22%, Syrah 17% et Pinot Noir 16%. Alle Weine werden separat in Holzf\u00e4ssern vinifiziert. Das Ergebnis: ein zarter und eleganter Wein, voller Frische, mit einer leichten Holzigkeit, der Noten von hellem Tabak, Bl\u00fcten, Gew\u00fcrzen und Agen-Pflaumen enth\u00e4lt.<\/p>\n","protected":false},"featured_media":5885,"template":"","meta":[],"product_brand":[],"product_cat":[230],"product_tag":[194,203,200],"class_list":{"0":"post-3242","1":"product","2":"type-product","3":"status-publish","4":"has-post-thumbnail","6":"product_cat-rotweine","7":"product_tag-kraftig","8":"product_tag-rotes-fleisch","9":"product_tag-syrah-de","11":"first","12":"instock","13":"shipping-taxable","14":"purchasable","15":"product-type-variable","16":"has-default-attributes"},"yoast_head":"<!-- This site is optimized with the Yoast SEO plugin v27.4 - https:\/\/yoast.com\/product\/yoast-seo-wordpress\/ -->\n<title>Assemblage - Cavecaloz<\/title>\n<meta name=\"robots\" content=\"index, follow, max-snippet:-1, max-image-preview:large, max-video-preview:-1\" \/>\n<link rel=\"canonical\" href=\"https:\/\/cavecaloz.ch\/de\/produkt\/assemblage\/\" \/>\n<meta property=\"og:locale\" content=\"de_DE\" \/>\n<meta property=\"og:type\" content=\"article\" \/>\n<meta property=\"og:title\" content=\"Assemblage - Cavecaloz\" \/>\n<meta property=\"og:description\" content=\"Assemblage Gamaret 45%, Cabernet Franc 22%, Syrah 17% et Pinot Noir 16%. Alle Weine werden separat in Holzf\u00e4ssern vinifiziert. Das Ergebnis: ein zarter und eleganter Wein, voller Frische, mit einer leichten Holzigkeit, der Noten von hellem Tabak, Bl\u00fcten, Gew\u00fcrzen und Agen-Pflaumen enth\u00e4lt.\" \/>\n<meta property=\"og:url\" content=\"https:\/\/cavecaloz.ch\/de\/produkt\/assemblage\/\" \/>\n<meta property=\"og:site_name\" content=\"Cavecaloz\" \/>\n<meta property=\"article:modified_time\" content=\"2026-03-16T13:36:35+00:00\" \/>\n<meta property=\"og:image\" content=\"https:\/\/cavecaloz.ch\/wp-content\/uploads\/2020\/05\/2022-05-08-21_41_23-moutoncaloz.png\" \/>\n\t<meta property=\"og:image:width\" content=\"273\" \/>\n\t<meta property=\"og:image:height\" content=\"1069\" \/>\n\t<meta property=\"og:image:type\" content=\"image\/png\" \/>\n<meta name=\"twitter:card\" content=\"summary_large_image\" \/>\n<meta name=\"twitter:label1\" content=\"Gesch\u00e4tzte Lesezeit\" \/>\n\t<meta name=\"twitter:data1\" content=\"1\u00a0Minute\" \/>\n<script type=\"application\/ld+json\" class=\"yoast-schema-graph\">{\"@context\":\"https:\\\/\\\/schema.org\",\"@graph\":[{\"@type\":\"WebPage\",\"@id\":\"https:\\\/\\\/cavecaloz.ch\\\/de\\\/produkt\\\/assemblage\\\/\",\"url\":\"https:\\\/\\\/cavecaloz.ch\\\/de\\\/produkt\\\/assemblage\\\/\",\"name\":\"Assemblage - Cavecaloz\",\"isPartOf\":{\"@id\":\"https:\\\/\\\/cavecaloz.ch\\\/de\\\/#website\"},\"primaryImageOfPage\":{\"@id\":\"https:\\\/\\\/cavecaloz.ch\\\/de\\\/produkt\\\/assemblage\\\/#primaryimage\"},\"image\":{\"@id\":\"https:\\\/\\\/cavecaloz.ch\\\/de\\\/produkt\\\/assemblage\\\/#primaryimage\"},\"thumbnailUrl\":\"https:\\\/\\\/cavecaloz.ch\\\/wp-content\\\/uploads\\\/2020\\\/05\\\/2022-05-08-21_41_23-moutoncaloz.png\",\"datePublished\":\"2020-05-19T11:57:48+00:00\",\"dateModified\":\"2026-03-16T13:36:35+00:00\",\"breadcrumb\":{\"@id\":\"https:\\\/\\\/cavecaloz.ch\\\/de\\\/produkt\\\/assemblage\\\/#breadcrumb\"},\"inLanguage\":\"de\",\"potentialAction\":[{\"@type\":\"ReadAction\",\"target\":[\"https:\\\/\\\/cavecaloz.ch\\\/de\\\/produkt\\\/assemblage\\\/\"]}]},{\"@type\":\"ImageObject\",\"inLanguage\":\"de\",\"@id\":\"https:\\\/\\\/cavecaloz.ch\\\/de\\\/produkt\\\/assemblage\\\/#primaryimage\",\"url\":\"https:\\\/\\\/cavecaloz.ch\\\/wp-content\\\/uploads\\\/2020\\\/05\\\/2022-05-08-21_41_23-moutoncaloz.png\",\"contentUrl\":\"https:\\\/\\\/cavecaloz.ch\\\/wp-content\\\/uploads\\\/2020\\\/05\\\/2022-05-08-21_41_23-moutoncaloz.png\",\"width\":273,\"height\":1069},{\"@type\":\"BreadcrumbList\",\"@id\":\"https:\\\/\\\/cavecaloz.ch\\\/de\\\/produkt\\\/assemblage\\\/#breadcrumb\",\"itemListElement\":[{\"@type\":\"ListItem\",\"position\":1,\"name\":\"Accueil\",\"item\":\"https:\\\/\\\/cavecaloz.ch\\\/de\\\/\"},{\"@type\":\"ListItem\",\"position\":2,\"name\":\"boutique\",\"item\":\"https:\\\/\\\/cavecaloz.ch\\\/de\\\/shop\\\/\"},{\"@type\":\"ListItem\",\"position\":3,\"name\":\"Assemblage\"}]},{\"@type\":\"WebSite\",\"@id\":\"https:\\\/\\\/cavecaloz.ch\\\/de\\\/#website\",\"url\":\"https:\\\/\\\/cavecaloz.ch\\\/de\\\/\",\"name\":\"Cavecaloz\",\"description\":\"Vigneron-encaveur, artisan du vin\",\"publisher\":{\"@id\":\"https:\\\/\\\/cavecaloz.ch\\\/de\\\/#organization\"},\"potentialAction\":[{\"@type\":\"SearchAction\",\"target\":{\"@type\":\"EntryPoint\",\"urlTemplate\":\"https:\\\/\\\/cavecaloz.ch\\\/de\\\/?s={search_term_string}\"},\"query-input\":{\"@type\":\"PropertyValueSpecification\",\"valueRequired\":true,\"valueName\":\"search_term_string\"}}],\"inLanguage\":\"de\"},{\"@type\":\"Organization\",\"@id\":\"https:\\\/\\\/cavecaloz.ch\\\/de\\\/#organization\",\"name\":\"Cave Caloz | Vigneron-encaveur, artisan du vin\",\"url\":\"https:\\\/\\\/cavecaloz.ch\\\/de\\\/\",\"logo\":{\"@type\":\"ImageObject\",\"inLanguage\":\"de\",\"@id\":\"https:\\\/\\\/cavecaloz.ch\\\/de\\\/#\\\/schema\\\/logo\\\/image\\\/\",\"url\":\"https:\\\/\\\/cavecaloz.ch\\\/wp-content\\\/uploads\\\/2020\\\/06\\\/Cave_Caloz_mouton_rgb_rose.jpg\",\"contentUrl\":\"https:\\\/\\\/cavecaloz.ch\\\/wp-content\\\/uploads\\\/2020\\\/06\\\/Cave_Caloz_mouton_rgb_rose.jpg\",\"width\":1890,\"height\":1890,\"caption\":\"Cave Caloz | Vigneron-encaveur, artisan du vin\"},\"image\":{\"@id\":\"https:\\\/\\\/cavecaloz.ch\\\/de\\\/#\\\/schema\\\/logo\\\/image\\\/\"}}]}<\/script>\n<!-- \/ Yoast SEO plugin. -->","yoast_head_json":{"title":"Assemblage - Cavecaloz","robots":{"index":"index","follow":"follow","max-snippet":"max-snippet:-1","max-image-preview":"max-image-preview:large","max-video-preview":"max-video-preview:-1"},"canonical":"https:\/\/cavecaloz.ch\/de\/produkt\/assemblage\/","og_locale":"de_DE","og_type":"article","og_title":"Assemblage - Cavecaloz","og_description":"Assemblage Gamaret 45%, Cabernet Franc 22%, Syrah 17% et Pinot Noir 16%. Alle Weine werden separat in Holzf\u00e4ssern vinifiziert. Das Ergebnis: ein zarter und eleganter Wein, voller Frische, mit einer leichten Holzigkeit, der Noten von hellem Tabak, Bl\u00fcten, Gew\u00fcrzen und Agen-Pflaumen enth\u00e4lt.","og_url":"https:\/\/cavecaloz.ch\/de\/produkt\/assemblage\/","og_site_name":"Cavecaloz","article_modified_time":"2026-03-16T13:36:35+00:00","og_image":[{"width":273,"height":1069,"url":"https:\/\/cavecaloz.ch\/wp-content\/uploads\/2020\/05\/2022-05-08-21_41_23-moutoncaloz.png","type":"image\/png"}],"twitter_card":"summary_large_image","twitter_misc":{"Gesch\u00e4tzte Lesezeit":"1\u00a0Minute"},"schema":{"@context":"https:\/\/schema.org","@graph":[{"@type":"WebPage","@id":"https:\/\/cavecaloz.ch\/de\/produkt\/assemblage\/","url":"https:\/\/cavecaloz.ch\/de\/produkt\/assemblage\/","name":"Assemblage - Cavecaloz","isPartOf":{"@id":"https:\/\/cavecaloz.ch\/de\/#website"},"primaryImageOfPage":{"@id":"https:\/\/cavecaloz.ch\/de\/produkt\/assemblage\/#primaryimage"},"image":{"@id":"https:\/\/cavecaloz.ch\/de\/produkt\/assemblage\/#primaryimage"},"thumbnailUrl":"https:\/\/cavecaloz.ch\/wp-content\/uploads\/2020\/05\/2022-05-08-21_41_23-moutoncaloz.png","datePublished":"2020-05-19T11:57:48+00:00","dateModified":"2026-03-16T13:36:35+00:00","breadcrumb":{"@id":"https:\/\/cavecaloz.ch\/de\/produkt\/assemblage\/#breadcrumb"},"inLanguage":"de","potentialAction":[{"@type":"ReadAction","target":["https:\/\/cavecaloz.ch\/de\/produkt\/assemblage\/"]}]},{"@type":"ImageObject","inLanguage":"de","@id":"https:\/\/cavecaloz.ch\/de\/produkt\/assemblage\/#primaryimage","url":"https:\/\/cavecaloz.ch\/wp-content\/uploads\/2020\/05\/2022-05-08-21_41_23-moutoncaloz.png","contentUrl":"https:\/\/cavecaloz.ch\/wp-content\/uploads\/2020\/05\/2022-05-08-21_41_23-moutoncaloz.png","width":273,"height":1069},{"@type":"BreadcrumbList","@id":"https:\/\/cavecaloz.ch\/de\/produkt\/assemblage\/#breadcrumb","itemListElement":[{"@type":"ListItem","position":1,"name":"Accueil","item":"https:\/\/cavecaloz.ch\/de\/"},{"@type":"ListItem","position":2,"name":"boutique","item":"https:\/\/cavecaloz.ch\/de\/shop\/"},{"@type":"ListItem","position":3,"name":"Assemblage"}]},{"@type":"WebSite","@id":"https:\/\/cavecaloz.ch\/de\/#website","url":"https:\/\/cavecaloz.ch\/de\/","name":"Cavecaloz","description":"Vigneron-encaveur, artisan du vin","publisher":{"@id":"https:\/\/cavecaloz.ch\/de\/#organization"},"potentialAction":[{"@type":"SearchAction","target":{"@type":"EntryPoint","urlTemplate":"https:\/\/cavecaloz.ch\/de\/?s={search_term_string}"},"query-input":{"@type":"PropertyValueSpecification","valueRequired":true,"valueName":"search_term_string"}}],"inLanguage":"de"},{"@type":"Organization","@id":"https:\/\/cavecaloz.ch\/de\/#organization","name":"Cave Caloz | Vigneron-encaveur, artisan du vin","url":"https:\/\/cavecaloz.ch\/de\/","logo":{"@type":"ImageObject","inLanguage":"de","@id":"https:\/\/cavecaloz.ch\/de\/#\/schema\/logo\/image\/","url":"https:\/\/cavecaloz.ch\/wp-content\/uploads\/2020\/06\/Cave_Caloz_mouton_rgb_rose.jpg","contentUrl":"https:\/\/cavecaloz.ch\/wp-content\/uploads\/2020\/06\/Cave_Caloz_mouton_rgb_rose.jpg","width":1890,"height":1890,"caption":"Cave Caloz | Vigneron-encaveur, artisan du vin"},"image":{"@id":"https:\/\/cavecaloz.ch\/de\/#\/schema\/logo\/image\/"}}]}},"_links":{"self":[{"href":"https:\/\/cavecaloz.ch\/de\/wp-json\/wp\/v2\/product\/3242","targetHints":{"allow":["GET"]}}],"collection":[{"href":"https:\/\/cavecaloz.ch\/de\/wp-json\/wp\/v2\/product"}],"about":[{"href":"https:\/\/cavecaloz.ch\/de\/wp-json\/wp\/v2\/types\/product"}],"wp:featuredmedia":[{"embeddable":true,"href":"https:\/\/cavecaloz.ch\/de\/wp-json\/wp\/v2\/media\/5885"}],"wp:attachment":[{"href":"https:\/\/cavecaloz.ch\/de\/wp-json\/wp\/v2\/media?parent=3242"}],"wp:term":[{"taxonomy":"product_brand","embeddable":true,"href":"https:\/\/cavecaloz.ch\/de\/wp-json\/wp\/v2\/product_brand?post=3242"},{"taxonomy":"product_cat","embeddable":true,"href":"https:\/\/cavecaloz.ch\/de\/wp-json\/wp\/v2\/product_cat?post=3242"},{"taxonomy":"product_tag","embeddable":true,"href":"https:\/\/cavecaloz.ch\/de\/wp-json\/wp\/v2\/product_tag?post=3242"}],"curies":[{"name":"wp","href":"https:\/\/api.w.org\/{rel}","templated":true}]}}