{"id":3248,"date":"2015-08-11T21:53:39","date_gmt":"2015-08-11T21:53:39","guid":{"rendered":"https:\/\/cavecaloz.ch\/produit\/porto\/"},"modified":"2024-11-22T08:31:32","modified_gmt":"2024-11-22T08:31:32","slug":"cabernet-franc-mute","status":"publish","type":"product","link":"https:\/\/cavecaloz.ch\/de\/produkt\/cabernet-franc-mute\/","title":{"rendered":"Pinot Noir mut\u00e9 Barrique"},"content":{"rendered":"","protected":false},"excerpt":{"rendered":"<p>Wir vinifizieren auch einen mutierten Rotwein nach portugiesischer Art. Dieser spannende Wein zeichnet sich durch sein Aroma von kandierten Orangen, warmen Gew\u00fcrzen und Tabak aus. Die beeindruckende Ausgewogenheit von Zucker und Alkohol macht ihn besonders schmackhaft. Ein interessanter Cru f\u00fcr Sommeliers auf der Suche nach originellen Weinen, da er verbl\u00fcffend gut zu bestimmten Desserts und K\u00e4sen passt.<\/p>\n","protected":false},"featured_media":5179,"template":"","meta":[],"product_brand":[],"product_cat":[230],"product_tag":[241],"class_list":{"0":"post-3248","1":"product","2":"type-product","3":"status-publish","4":"has-post-thumbnail","6":"product_cat-rotweine","7":"product_tag-cabernet-franc-mute-de","9":"first","10":"instock","11":"shipping-taxable","12":"purchasable","13":"product-type-variable","14":"has-default-attributes"},"yoast_head":"<!-- This site is optimized with the Yoast SEO plugin v27.5 - https:\/\/yoast.com\/product\/yoast-seo-wordpress\/ -->\n<title>Pinot Noir mut\u00e9 Barrique - Cavecaloz<\/title>\n<meta name=\"robots\" content=\"index, follow, max-snippet:-1, max-image-preview:large, max-video-preview:-1\" \/>\n<link rel=\"canonical\" href=\"https:\/\/cavecaloz.ch\/de\/produkt\/cabernet-franc-mute\/\" \/>\n<meta property=\"og:locale\" content=\"de_DE\" \/>\n<meta property=\"og:type\" content=\"article\" \/>\n<meta property=\"og:title\" content=\"Pinot Noir mut\u00e9 Barrique - Cavecaloz\" \/>\n<meta property=\"og:description\" content=\"Wir vinifizieren auch einen mutierten Rotwein nach portugiesischer Art. Dieser spannende Wein zeichnet sich durch sein Aroma von kandierten Orangen, warmen Gew\u00fcrzen und Tabak aus. Die beeindruckende Ausgewogenheit von Zucker und Alkohol macht ihn besonders schmackhaft. Ein interessanter Cru f\u00fcr Sommeliers auf der Suche nach originellen Weinen, da er verbl\u00fcffend gut zu bestimmten Desserts und K\u00e4sen passt.\" \/>\n<meta property=\"og:url\" content=\"https:\/\/cavecaloz.ch\/de\/produkt\/cabernet-franc-mute\/\" \/>\n<meta property=\"og:site_name\" content=\"Cavecaloz\" \/>\n<meta property=\"article:modified_time\" content=\"2024-11-22T08:31:32+00:00\" \/>\n<meta property=\"og:image\" content=\"https:\/\/cavecaloz.ch\/wp-content\/uploads\/2015\/08\/Caloz_Cabernet-Franc-Mute\u0301-2018-2.png\" \/>\n\t<meta property=\"og:image:width\" content=\"281\" \/>\n\t<meta property=\"og:image:height\" content=\"810\" \/>\n\t<meta property=\"og:image:type\" content=\"image\/png\" \/>\n<meta name=\"twitter:card\" content=\"summary_large_image\" \/>\n<meta name=\"twitter:label1\" content=\"Gesch\u00e4tzte Lesezeit\" \/>\n\t<meta name=\"twitter:data1\" content=\"1\u00a0Minute\" \/>\n<script type=\"application\/ld+json\" class=\"yoast-schema-graph\">{\"@context\":\"https:\\\/\\\/schema.org\",\"@graph\":[{\"@type\":\"WebPage\",\"@id\":\"https:\\\/\\\/cavecaloz.ch\\\/de\\\/produkt\\\/cabernet-franc-mute\\\/\",\"url\":\"https:\\\/\\\/cavecaloz.ch\\\/de\\\/produkt\\\/cabernet-franc-mute\\\/\",\"name\":\"Pinot Noir mut\u00e9 Barrique - Cavecaloz\",\"isPartOf\":{\"@id\":\"https:\\\/\\\/cavecaloz.ch\\\/de\\\/#website\"},\"primaryImageOfPage\":{\"@id\":\"https:\\\/\\\/cavecaloz.ch\\\/de\\\/produkt\\\/cabernet-franc-mute\\\/#primaryimage\"},\"image\":{\"@id\":\"https:\\\/\\\/cavecaloz.ch\\\/de\\\/produkt\\\/cabernet-franc-mute\\\/#primaryimage\"},\"thumbnailUrl\":\"https:\\\/\\\/cavecaloz.ch\\\/wp-content\\\/uploads\\\/2015\\\/08\\\/Caloz_Cabernet-Franc-Mute\u0301-2018-2.png\",\"datePublished\":\"2015-08-11T21:53:39+00:00\",\"dateModified\":\"2024-11-22T08:31:32+00:00\",\"breadcrumb\":{\"@id\":\"https:\\\/\\\/cavecaloz.ch\\\/de\\\/produkt\\\/cabernet-franc-mute\\\/#breadcrumb\"},\"inLanguage\":\"de\",\"potentialAction\":[{\"@type\":\"ReadAction\",\"target\":[\"https:\\\/\\\/cavecaloz.ch\\\/de\\\/produkt\\\/cabernet-franc-mute\\\/\"]}]},{\"@type\":\"ImageObject\",\"inLanguage\":\"de\",\"@id\":\"https:\\\/\\\/cavecaloz.ch\\\/de\\\/produkt\\\/cabernet-franc-mute\\\/#primaryimage\",\"url\":\"https:\\\/\\\/cavecaloz.ch\\\/wp-content\\\/uploads\\\/2015\\\/08\\\/Caloz_Cabernet-Franc-Mute\u0301-2018-2.png\",\"contentUrl\":\"https:\\\/\\\/cavecaloz.ch\\\/wp-content\\\/uploads\\\/2015\\\/08\\\/Caloz_Cabernet-Franc-Mute\u0301-2018-2.png\",\"width\":281,\"height\":810,\"caption\":\"Cabernet franc mute\"},{\"@type\":\"BreadcrumbList\",\"@id\":\"https:\\\/\\\/cavecaloz.ch\\\/de\\\/produkt\\\/cabernet-franc-mute\\\/#breadcrumb\",\"itemListElement\":[{\"@type\":\"ListItem\",\"position\":1,\"name\":\"Accueil\",\"item\":\"https:\\\/\\\/cavecaloz.ch\\\/de\\\/\"},{\"@type\":\"ListItem\",\"position\":2,\"name\":\"boutique\",\"item\":\"https:\\\/\\\/cavecaloz.ch\\\/de\\\/shop\\\/\"},{\"@type\":\"ListItem\",\"position\":3,\"name\":\"Pinot Noir mut\u00e9 Barrique\"}]},{\"@type\":\"WebSite\",\"@id\":\"https:\\\/\\\/cavecaloz.ch\\\/de\\\/#website\",\"url\":\"https:\\\/\\\/cavecaloz.ch\\\/de\\\/\",\"name\":\"Cavecaloz\",\"description\":\"Vigneron-encaveur, artisan du vin\",\"publisher\":{\"@id\":\"https:\\\/\\\/cavecaloz.ch\\\/de\\\/#organization\"},\"potentialAction\":[{\"@type\":\"SearchAction\",\"target\":{\"@type\":\"EntryPoint\",\"urlTemplate\":\"https:\\\/\\\/cavecaloz.ch\\\/de\\\/?s={search_term_string}\"},\"query-input\":{\"@type\":\"PropertyValueSpecification\",\"valueRequired\":true,\"valueName\":\"search_term_string\"}}],\"inLanguage\":\"de\"},{\"@type\":\"Organization\",\"@id\":\"https:\\\/\\\/cavecaloz.ch\\\/de\\\/#organization\",\"name\":\"Cave Caloz | Vigneron-encaveur, artisan du vin\",\"url\":\"https:\\\/\\\/cavecaloz.ch\\\/de\\\/\",\"logo\":{\"@type\":\"ImageObject\",\"inLanguage\":\"de\",\"@id\":\"https:\\\/\\\/cavecaloz.ch\\\/de\\\/#\\\/schema\\\/logo\\\/image\\\/\",\"url\":\"https:\\\/\\\/cavecaloz.ch\\\/wp-content\\\/uploads\\\/2020\\\/06\\\/Cave_Caloz_mouton_rgb_rose.jpg\",\"contentUrl\":\"https:\\\/\\\/cavecaloz.ch\\\/wp-content\\\/uploads\\\/2020\\\/06\\\/Cave_Caloz_mouton_rgb_rose.jpg\",\"width\":1890,\"height\":1890,\"caption\":\"Cave Caloz | Vigneron-encaveur, artisan du vin\"},\"image\":{\"@id\":\"https:\\\/\\\/cavecaloz.ch\\\/de\\\/#\\\/schema\\\/logo\\\/image\\\/\"}}]}<\/script>\n<!-- \/ Yoast SEO plugin. -->","yoast_head_json":{"title":"Pinot Noir mut\u00e9 Barrique - Cavecaloz","robots":{"index":"index","follow":"follow","max-snippet":"max-snippet:-1","max-image-preview":"max-image-preview:large","max-video-preview":"max-video-preview:-1"},"canonical":"https:\/\/cavecaloz.ch\/de\/produkt\/cabernet-franc-mute\/","og_locale":"de_DE","og_type":"article","og_title":"Pinot Noir mut\u00e9 Barrique - Cavecaloz","og_description":"Wir vinifizieren auch einen mutierten Rotwein nach portugiesischer Art. Dieser spannende Wein zeichnet sich durch sein Aroma von kandierten Orangen, warmen Gew\u00fcrzen und Tabak aus. Die beeindruckende Ausgewogenheit von Zucker und Alkohol macht ihn besonders schmackhaft. Ein interessanter Cru f\u00fcr Sommeliers auf der Suche nach originellen Weinen, da er verbl\u00fcffend gut zu bestimmten Desserts und K\u00e4sen passt.","og_url":"https:\/\/cavecaloz.ch\/de\/produkt\/cabernet-franc-mute\/","og_site_name":"Cavecaloz","article_modified_time":"2024-11-22T08:31:32+00:00","og_image":[{"width":281,"height":810,"url":"https:\/\/cavecaloz.ch\/wp-content\/uploads\/2015\/08\/Caloz_Cabernet-Franc-Mute\u0301-2018-2.png","type":"image\/png"}],"twitter_card":"summary_large_image","twitter_misc":{"Gesch\u00e4tzte Lesezeit":"1\u00a0Minute"},"schema":{"@context":"https:\/\/schema.org","@graph":[{"@type":"WebPage","@id":"https:\/\/cavecaloz.ch\/de\/produkt\/cabernet-franc-mute\/","url":"https:\/\/cavecaloz.ch\/de\/produkt\/cabernet-franc-mute\/","name":"Pinot Noir mut\u00e9 Barrique - Cavecaloz","isPartOf":{"@id":"https:\/\/cavecaloz.ch\/de\/#website"},"primaryImageOfPage":{"@id":"https:\/\/cavecaloz.ch\/de\/produkt\/cabernet-franc-mute\/#primaryimage"},"image":{"@id":"https:\/\/cavecaloz.ch\/de\/produkt\/cabernet-franc-mute\/#primaryimage"},"thumbnailUrl":"https:\/\/cavecaloz.ch\/wp-content\/uploads\/2015\/08\/Caloz_Cabernet-Franc-Mute\u0301-2018-2.png","datePublished":"2015-08-11T21:53:39+00:00","dateModified":"2024-11-22T08:31:32+00:00","breadcrumb":{"@id":"https:\/\/cavecaloz.ch\/de\/produkt\/cabernet-franc-mute\/#breadcrumb"},"inLanguage":"de","potentialAction":[{"@type":"ReadAction","target":["https:\/\/cavecaloz.ch\/de\/produkt\/cabernet-franc-mute\/"]}]},{"@type":"ImageObject","inLanguage":"de","@id":"https:\/\/cavecaloz.ch\/de\/produkt\/cabernet-franc-mute\/#primaryimage","url":"https:\/\/cavecaloz.ch\/wp-content\/uploads\/2015\/08\/Caloz_Cabernet-Franc-Mute\u0301-2018-2.png","contentUrl":"https:\/\/cavecaloz.ch\/wp-content\/uploads\/2015\/08\/Caloz_Cabernet-Franc-Mute\u0301-2018-2.png","width":281,"height":810,"caption":"Cabernet franc mute"},{"@type":"BreadcrumbList","@id":"https:\/\/cavecaloz.ch\/de\/produkt\/cabernet-franc-mute\/#breadcrumb","itemListElement":[{"@type":"ListItem","position":1,"name":"Accueil","item":"https:\/\/cavecaloz.ch\/de\/"},{"@type":"ListItem","position":2,"name":"boutique","item":"https:\/\/cavecaloz.ch\/de\/shop\/"},{"@type":"ListItem","position":3,"name":"Pinot Noir mut\u00e9 Barrique"}]},{"@type":"WebSite","@id":"https:\/\/cavecaloz.ch\/de\/#website","url":"https:\/\/cavecaloz.ch\/de\/","name":"Cavecaloz","description":"Vigneron-encaveur, artisan du vin","publisher":{"@id":"https:\/\/cavecaloz.ch\/de\/#organization"},"potentialAction":[{"@type":"SearchAction","target":{"@type":"EntryPoint","urlTemplate":"https:\/\/cavecaloz.ch\/de\/?s={search_term_string}"},"query-input":{"@type":"PropertyValueSpecification","valueRequired":true,"valueName":"search_term_string"}}],"inLanguage":"de"},{"@type":"Organization","@id":"https:\/\/cavecaloz.ch\/de\/#organization","name":"Cave Caloz | Vigneron-encaveur, artisan du vin","url":"https:\/\/cavecaloz.ch\/de\/","logo":{"@type":"ImageObject","inLanguage":"de","@id":"https:\/\/cavecaloz.ch\/de\/#\/schema\/logo\/image\/","url":"https:\/\/cavecaloz.ch\/wp-content\/uploads\/2020\/06\/Cave_Caloz_mouton_rgb_rose.jpg","contentUrl":"https:\/\/cavecaloz.ch\/wp-content\/uploads\/2020\/06\/Cave_Caloz_mouton_rgb_rose.jpg","width":1890,"height":1890,"caption":"Cave Caloz | Vigneron-encaveur, artisan du vin"},"image":{"@id":"https:\/\/cavecaloz.ch\/de\/#\/schema\/logo\/image\/"}}]}},"_links":{"self":[{"href":"https:\/\/cavecaloz.ch\/de\/wp-json\/wp\/v2\/product\/3248","targetHints":{"allow":["GET"]}}],"collection":[{"href":"https:\/\/cavecaloz.ch\/de\/wp-json\/wp\/v2\/product"}],"about":[{"href":"https:\/\/cavecaloz.ch\/de\/wp-json\/wp\/v2\/types\/product"}],"wp:featuredmedia":[{"embeddable":true,"href":"https:\/\/cavecaloz.ch\/de\/wp-json\/wp\/v2\/media\/5179"}],"wp:attachment":[{"href":"https:\/\/cavecaloz.ch\/de\/wp-json\/wp\/v2\/media?parent=3248"}],"wp:term":[{"taxonomy":"product_brand","embeddable":true,"href":"https:\/\/cavecaloz.ch\/de\/wp-json\/wp\/v2\/product_brand?post=3248"},{"taxonomy":"product_cat","embeddable":true,"href":"https:\/\/cavecaloz.ch\/de\/wp-json\/wp\/v2\/product_cat?post=3248"},{"taxonomy":"product_tag","embeddable":true,"href":"https:\/\/cavecaloz.ch\/de\/wp-json\/wp\/v2\/product_tag?post=3248"}],"curies":[{"name":"wp","href":"https:\/\/api.w.org\/{rel}","templated":true}]}}