{"id":5783,"date":"2022-05-04T08:30:00","date_gmt":"2022-05-04T08:30:00","guid":{"rendered":"https:\/\/cavecaloz.ch\/?post_type=product&#038;p=5783"},"modified":"2026-03-16T13:35:38","modified_gmt":"2026-03-16T13:35:38","slug":"petite-arvine-75-50","status":"publish","type":"product","link":"https:\/\/cavecaloz.ch\/de\/produkt\/petite-arvine-75-50\/","title":{"rendered":"Petite Arvine"},"content":{"rendered":"","protected":false},"excerpt":{"rendered":"<p>Unser Petite Arvine besticht in der Nase mit Noten von frischer Grapefruit, Zitrusfruchtschalen und reifer Ananas. Im Auftakt geschmeidig, mit angenehmer F\u00fclligkeit, die die lebendige Struktur dieses charaktervollen Weins umh\u00fcllt. Dieser typische Petite Arvine ist trocken und weist deshalb eine besonders ausgepr\u00e4gte Salznote im Abgang auf.<\/p>\n","protected":false},"featured_media":7909,"template":"","meta":[],"product_brand":[],"product_cat":[227],"product_tag":[192,189,190,198],"class_list":{"0":"post-5783","1":"product","2":"type-product","3":"status-publish","4":"has-post-thumbnail","6":"product_cat-weissweine","7":"product_tag-fisch","8":"product_tag-parker-de","9":"product_tag-petite-arvine-de","10":"product_tag-trocken","12":"first","13":"instock","14":"shipping-taxable","15":"purchasable","16":"product-type-variable","17":"has-default-attributes"},"yoast_head":"<!-- This site is optimized with the Yoast SEO plugin v27.2 - https:\/\/yoast.com\/product\/yoast-seo-wordpress\/ -->\n<title>Petite Arvine - Cavecaloz<\/title>\n<meta name=\"robots\" content=\"index, follow, max-snippet:-1, max-image-preview:large, max-video-preview:-1\" \/>\n<link rel=\"canonical\" href=\"https:\/\/cavecaloz.ch\/de\/produkt\/petite-arvine-75-50\/\" \/>\n<meta property=\"og:locale\" content=\"de_DE\" \/>\n<meta property=\"og:type\" content=\"article\" \/>\n<meta property=\"og:title\" content=\"Petite Arvine - Cavecaloz\" \/>\n<meta property=\"og:description\" content=\"Unser Petite Arvine besticht in der Nase mit Noten von frischer Grapefruit, Zitrusfruchtschalen und reifer Ananas. Im Auftakt geschmeidig, mit angenehmer F\u00fclligkeit, die die lebendige Struktur dieses charaktervollen Weins umh\u00fcllt. Dieser typische Petite Arvine ist trocken und weist deshalb eine besonders ausgepr\u00e4gte Salznote im Abgang auf.\" \/>\n<meta property=\"og:url\" content=\"https:\/\/cavecaloz.ch\/de\/produkt\/petite-arvine-75-50\/\" \/>\n<meta property=\"og:site_name\" content=\"Cavecaloz\" \/>\n<meta property=\"article:modified_time\" content=\"2026-03-16T13:35:38+00:00\" \/>\n<meta property=\"og:image\" content=\"https:\/\/cavecaloz.ch\/wp-content\/uploads\/2023\/11\/Bl_PetiteArvine.png\" \/>\n\t<meta property=\"og:image:width\" content=\"292\" \/>\n\t<meta property=\"og:image:height\" content=\"785\" \/>\n\t<meta property=\"og:image:type\" content=\"image\/png\" \/>\n<meta name=\"twitter:card\" content=\"summary_large_image\" \/>\n<meta name=\"twitter:label1\" content=\"Gesch\u00e4tzte Lesezeit\" \/>\n\t<meta name=\"twitter:data1\" content=\"1\u00a0Minute\" \/>\n<script type=\"application\/ld+json\" class=\"yoast-schema-graph\">{\"@context\":\"https:\/\/schema.org\",\"@graph\":[{\"@type\":\"WebPage\",\"@id\":\"https:\/\/cavecaloz.ch\/de\/produkt\/petite-arvine-75-50\/\",\"url\":\"https:\/\/cavecaloz.ch\/de\/produkt\/petite-arvine-75-50\/\",\"name\":\"Petite Arvine - Cavecaloz\",\"isPartOf\":{\"@id\":\"https:\/\/cavecaloz.ch\/de\/#website\"},\"primaryImageOfPage\":{\"@id\":\"https:\/\/cavecaloz.ch\/de\/produkt\/petite-arvine-75-50\/#primaryimage\"},\"image\":{\"@id\":\"https:\/\/cavecaloz.ch\/de\/produkt\/petite-arvine-75-50\/#primaryimage\"},\"thumbnailUrl\":\"https:\/\/cavecaloz.ch\/wp-content\/uploads\/2023\/11\/Bl_PetiteArvine.png\",\"datePublished\":\"2022-05-04T08:30:00+00:00\",\"dateModified\":\"2026-03-16T13:35:38+00:00\",\"breadcrumb\":{\"@id\":\"https:\/\/cavecaloz.ch\/de\/produkt\/petite-arvine-75-50\/#breadcrumb\"},\"inLanguage\":\"de\",\"potentialAction\":[{\"@type\":\"ReadAction\",\"target\":[\"https:\/\/cavecaloz.ch\/de\/produkt\/petite-arvine-75-50\/\"]}]},{\"@type\":\"ImageObject\",\"inLanguage\":\"de\",\"@id\":\"https:\/\/cavecaloz.ch\/de\/produkt\/petite-arvine-75-50\/#primaryimage\",\"url\":\"https:\/\/cavecaloz.ch\/wp-content\/uploads\/2023\/11\/Bl_PetiteArvine.png\",\"contentUrl\":\"https:\/\/cavecaloz.ch\/wp-content\/uploads\/2023\/11\/Bl_PetiteArvine.png\",\"width\":292,\"height\":785},{\"@type\":\"BreadcrumbList\",\"@id\":\"https:\/\/cavecaloz.ch\/de\/produkt\/petite-arvine-75-50\/#breadcrumb\",\"itemListElement\":[{\"@type\":\"ListItem\",\"position\":1,\"name\":\"Accueil\",\"item\":\"https:\/\/cavecaloz.ch\/de\/\"},{\"@type\":\"ListItem\",\"position\":2,\"name\":\"boutique\",\"item\":\"https:\/\/cavecaloz.ch\/de\/shop\/\"},{\"@type\":\"ListItem\",\"position\":3,\"name\":\"Petite Arvine\"}]},{\"@type\":\"WebSite\",\"@id\":\"https:\/\/cavecaloz.ch\/de\/#website\",\"url\":\"https:\/\/cavecaloz.ch\/de\/\",\"name\":\"Cavecaloz\",\"description\":\"Vigneron-encaveur, artisan du vin\",\"publisher\":{\"@id\":\"https:\/\/cavecaloz.ch\/de\/#organization\"},\"potentialAction\":[{\"@type\":\"SearchAction\",\"target\":{\"@type\":\"EntryPoint\",\"urlTemplate\":\"https:\/\/cavecaloz.ch\/de\/?s={search_term_string}\"},\"query-input\":{\"@type\":\"PropertyValueSpecification\",\"valueRequired\":true,\"valueName\":\"search_term_string\"}}],\"inLanguage\":\"de\"},{\"@type\":\"Organization\",\"@id\":\"https:\/\/cavecaloz.ch\/de\/#organization\",\"name\":\"Cave Caloz | Vigneron-encaveur, artisan du vin\",\"url\":\"https:\/\/cavecaloz.ch\/de\/\",\"logo\":{\"@type\":\"ImageObject\",\"inLanguage\":\"de\",\"@id\":\"https:\/\/cavecaloz.ch\/de\/#\/schema\/logo\/image\/\",\"url\":\"https:\/\/cavecaloz.ch\/wp-content\/uploads\/2020\/06\/Cave_Caloz_mouton_rgb_rose.jpg\",\"contentUrl\":\"https:\/\/cavecaloz.ch\/wp-content\/uploads\/2020\/06\/Cave_Caloz_mouton_rgb_rose.jpg\",\"width\":1890,\"height\":1890,\"caption\":\"Cave Caloz | Vigneron-encaveur, artisan du vin\"},\"image\":{\"@id\":\"https:\/\/cavecaloz.ch\/de\/#\/schema\/logo\/image\/\"}}]}<\/script>\n<!-- \/ Yoast SEO plugin. -->","yoast_head_json":{"title":"Petite Arvine - Cavecaloz","robots":{"index":"index","follow":"follow","max-snippet":"max-snippet:-1","max-image-preview":"max-image-preview:large","max-video-preview":"max-video-preview:-1"},"canonical":"https:\/\/cavecaloz.ch\/de\/produkt\/petite-arvine-75-50\/","og_locale":"de_DE","og_type":"article","og_title":"Petite Arvine - Cavecaloz","og_description":"Unser Petite Arvine besticht in der Nase mit Noten von frischer Grapefruit, Zitrusfruchtschalen und reifer Ananas. Im Auftakt geschmeidig, mit angenehmer F\u00fclligkeit, die die lebendige Struktur dieses charaktervollen Weins umh\u00fcllt. Dieser typische Petite Arvine ist trocken und weist deshalb eine besonders ausgepr\u00e4gte Salznote im Abgang auf.","og_url":"https:\/\/cavecaloz.ch\/de\/produkt\/petite-arvine-75-50\/","og_site_name":"Cavecaloz","article_modified_time":"2026-03-16T13:35:38+00:00","og_image":[{"width":292,"height":785,"url":"https:\/\/cavecaloz.ch\/wp-content\/uploads\/2023\/11\/Bl_PetiteArvine.png","type":"image\/png"}],"twitter_card":"summary_large_image","twitter_misc":{"Gesch\u00e4tzte Lesezeit":"1\u00a0Minute"},"schema":{"@context":"https:\/\/schema.org","@graph":[{"@type":"WebPage","@id":"https:\/\/cavecaloz.ch\/de\/produkt\/petite-arvine-75-50\/","url":"https:\/\/cavecaloz.ch\/de\/produkt\/petite-arvine-75-50\/","name":"Petite Arvine - Cavecaloz","isPartOf":{"@id":"https:\/\/cavecaloz.ch\/de\/#website"},"primaryImageOfPage":{"@id":"https:\/\/cavecaloz.ch\/de\/produkt\/petite-arvine-75-50\/#primaryimage"},"image":{"@id":"https:\/\/cavecaloz.ch\/de\/produkt\/petite-arvine-75-50\/#primaryimage"},"thumbnailUrl":"https:\/\/cavecaloz.ch\/wp-content\/uploads\/2023\/11\/Bl_PetiteArvine.png","datePublished":"2022-05-04T08:30:00+00:00","dateModified":"2026-03-16T13:35:38+00:00","breadcrumb":{"@id":"https:\/\/cavecaloz.ch\/de\/produkt\/petite-arvine-75-50\/#breadcrumb"},"inLanguage":"de","potentialAction":[{"@type":"ReadAction","target":["https:\/\/cavecaloz.ch\/de\/produkt\/petite-arvine-75-50\/"]}]},{"@type":"ImageObject","inLanguage":"de","@id":"https:\/\/cavecaloz.ch\/de\/produkt\/petite-arvine-75-50\/#primaryimage","url":"https:\/\/cavecaloz.ch\/wp-content\/uploads\/2023\/11\/Bl_PetiteArvine.png","contentUrl":"https:\/\/cavecaloz.ch\/wp-content\/uploads\/2023\/11\/Bl_PetiteArvine.png","width":292,"height":785},{"@type":"BreadcrumbList","@id":"https:\/\/cavecaloz.ch\/de\/produkt\/petite-arvine-75-50\/#breadcrumb","itemListElement":[{"@type":"ListItem","position":1,"name":"Accueil","item":"https:\/\/cavecaloz.ch\/de\/"},{"@type":"ListItem","position":2,"name":"boutique","item":"https:\/\/cavecaloz.ch\/de\/shop\/"},{"@type":"ListItem","position":3,"name":"Petite Arvine"}]},{"@type":"WebSite","@id":"https:\/\/cavecaloz.ch\/de\/#website","url":"https:\/\/cavecaloz.ch\/de\/","name":"Cavecaloz","description":"Vigneron-encaveur, artisan du vin","publisher":{"@id":"https:\/\/cavecaloz.ch\/de\/#organization"},"potentialAction":[{"@type":"SearchAction","target":{"@type":"EntryPoint","urlTemplate":"https:\/\/cavecaloz.ch\/de\/?s={search_term_string}"},"query-input":{"@type":"PropertyValueSpecification","valueRequired":true,"valueName":"search_term_string"}}],"inLanguage":"de"},{"@type":"Organization","@id":"https:\/\/cavecaloz.ch\/de\/#organization","name":"Cave Caloz | Vigneron-encaveur, artisan du vin","url":"https:\/\/cavecaloz.ch\/de\/","logo":{"@type":"ImageObject","inLanguage":"de","@id":"https:\/\/cavecaloz.ch\/de\/#\/schema\/logo\/image\/","url":"https:\/\/cavecaloz.ch\/wp-content\/uploads\/2020\/06\/Cave_Caloz_mouton_rgb_rose.jpg","contentUrl":"https:\/\/cavecaloz.ch\/wp-content\/uploads\/2020\/06\/Cave_Caloz_mouton_rgb_rose.jpg","width":1890,"height":1890,"caption":"Cave Caloz | Vigneron-encaveur, artisan du vin"},"image":{"@id":"https:\/\/cavecaloz.ch\/de\/#\/schema\/logo\/image\/"}}]}},"_links":{"self":[{"href":"https:\/\/cavecaloz.ch\/de\/wp-json\/wp\/v2\/product\/5783","targetHints":{"allow":["GET"]}}],"collection":[{"href":"https:\/\/cavecaloz.ch\/de\/wp-json\/wp\/v2\/product"}],"about":[{"href":"https:\/\/cavecaloz.ch\/de\/wp-json\/wp\/v2\/types\/product"}],"wp:featuredmedia":[{"embeddable":true,"href":"https:\/\/cavecaloz.ch\/de\/wp-json\/wp\/v2\/media\/7909"}],"wp:attachment":[{"href":"https:\/\/cavecaloz.ch\/de\/wp-json\/wp\/v2\/media?parent=5783"}],"wp:term":[{"taxonomy":"product_brand","embeddable":true,"href":"https:\/\/cavecaloz.ch\/de\/wp-json\/wp\/v2\/product_brand?post=5783"},{"taxonomy":"product_cat","embeddable":true,"href":"https:\/\/cavecaloz.ch\/de\/wp-json\/wp\/v2\/product_cat?post=5783"},{"taxonomy":"product_tag","embeddable":true,"href":"https:\/\/cavecaloz.ch\/de\/wp-json\/wp\/v2\/product_tag?post=5783"}],"curies":[{"name":"wp","href":"https:\/\/api.w.org\/{rel}","templated":true}]}}