{"id":5795,"date":"2022-05-04T08:32:39","date_gmt":"2022-05-04T08:32:39","guid":{"rendered":"https:\/\/cavecaloz.ch\/?post_type=product&#038;p=5795"},"modified":"2026-03-16T13:36:07","modified_gmt":"2026-03-16T13:36:07","slug":"humagne-rouge-75-50","status":"publish","type":"product","link":"https:\/\/cavecaloz.ch\/de\/produkt\/humagne-rouge-75-50\/","title":{"rendered":"Humagne Rouge"},"content":{"rendered":"","protected":false},"excerpt":{"rendered":"<p>Unser Humagne besticht durch eine komplexe Nase, die Noten von Brennnessel, frischen Bl\u00e4ttern, Kirsche, Holunder und warmem Stein vereint. Der lebhafte Auftakt, der geradlinige Gaumen, das fruchtig s\u00fcsse Finale und ein Hauch von Menthol ergeben einen ausgewogenen Wein mit einer sch\u00f6nen Finesse. Ein eleganter und geradliniger Wein, ein typischer Walliser eben.<\/p>\n","protected":false},"featured_media":3060,"template":"","meta":[],"product_brand":[],"product_cat":[230],"product_tag":[189,203],"class_list":{"0":"post-5795","1":"product","2":"type-product","3":"status-publish","4":"has-post-thumbnail","6":"product_cat-rotweine","7":"product_tag-parker-de","8":"product_tag-rotes-fleisch","10":"first","11":"instock","12":"shipping-taxable","13":"purchasable","14":"product-type-variable"},"yoast_head":"<!-- This site is optimized with the Yoast SEO plugin v27.2 - https:\/\/yoast.com\/product\/yoast-seo-wordpress\/ -->\n<title>Humagne Rouge - Cavecaloz<\/title>\n<meta name=\"robots\" content=\"index, follow, max-snippet:-1, max-image-preview:large, max-video-preview:-1\" \/>\n<link rel=\"canonical\" href=\"https:\/\/cavecaloz.ch\/de\/produkt\/humagne-rouge-75-50\/\" \/>\n<meta property=\"og:locale\" content=\"de_DE\" \/>\n<meta property=\"og:type\" content=\"article\" \/>\n<meta property=\"og:title\" content=\"Humagne Rouge - Cavecaloz\" \/>\n<meta property=\"og:description\" content=\"Unser Humagne besticht durch eine komplexe Nase, die Noten von Brennnessel, frischen Bl\u00e4ttern, Kirsche, Holunder und warmem Stein vereint. Der lebhafte Auftakt, der geradlinige Gaumen, das fruchtig s\u00fcsse Finale und ein Hauch von Menthol ergeben einen ausgewogenen Wein mit einer sch\u00f6nen Finesse. Ein eleganter und geradliniger Wein, ein typischer Walliser eben.\" \/>\n<meta property=\"og:url\" content=\"https:\/\/cavecaloz.ch\/de\/produkt\/humagne-rouge-75-50\/\" \/>\n<meta property=\"og:site_name\" content=\"Cavecaloz\" \/>\n<meta property=\"article:modified_time\" content=\"2026-03-16T13:36:07+00:00\" \/>\n<meta property=\"og:image\" content=\"https:\/\/cavecaloz.ch\/wp-content\/uploads\/2015\/08\/R_HumagneRouge_LesBernunes-5.png\" \/>\n\t<meta property=\"og:image:width\" content=\"292\" \/>\n\t<meta property=\"og:image:height\" content=\"810\" \/>\n\t<meta property=\"og:image:type\" content=\"image\/png\" \/>\n<meta name=\"twitter:card\" content=\"summary_large_image\" \/>\n<meta name=\"twitter:label1\" content=\"Gesch\u00e4tzte Lesezeit\" \/>\n\t<meta name=\"twitter:data1\" content=\"1\u00a0Minute\" \/>\n<script type=\"application\/ld+json\" class=\"yoast-schema-graph\">{\"@context\":\"https:\/\/schema.org\",\"@graph\":[{\"@type\":\"WebPage\",\"@id\":\"https:\/\/cavecaloz.ch\/de\/produkt\/humagne-rouge-75-50\/\",\"url\":\"https:\/\/cavecaloz.ch\/de\/produkt\/humagne-rouge-75-50\/\",\"name\":\"Humagne Rouge - Cavecaloz\",\"isPartOf\":{\"@id\":\"https:\/\/cavecaloz.ch\/de\/#website\"},\"primaryImageOfPage\":{\"@id\":\"https:\/\/cavecaloz.ch\/de\/produkt\/humagne-rouge-75-50\/#primaryimage\"},\"image\":{\"@id\":\"https:\/\/cavecaloz.ch\/de\/produkt\/humagne-rouge-75-50\/#primaryimage\"},\"thumbnailUrl\":\"https:\/\/cavecaloz.ch\/wp-content\/uploads\/2015\/08\/R_HumagneRouge_LesBernunes-5.png\",\"datePublished\":\"2022-05-04T08:32:39+00:00\",\"dateModified\":\"2026-03-16T13:36:07+00:00\",\"breadcrumb\":{\"@id\":\"https:\/\/cavecaloz.ch\/de\/produkt\/humagne-rouge-75-50\/#breadcrumb\"},\"inLanguage\":\"de\",\"potentialAction\":[{\"@type\":\"ReadAction\",\"target\":[\"https:\/\/cavecaloz.ch\/de\/produkt\/humagne-rouge-75-50\/\"]}]},{\"@type\":\"ImageObject\",\"inLanguage\":\"de\",\"@id\":\"https:\/\/cavecaloz.ch\/de\/produkt\/humagne-rouge-75-50\/#primaryimage\",\"url\":\"https:\/\/cavecaloz.ch\/wp-content\/uploads\/2015\/08\/R_HumagneRouge_LesBernunes-5.png\",\"contentUrl\":\"https:\/\/cavecaloz.ch\/wp-content\/uploads\/2015\/08\/R_HumagneRouge_LesBernunes-5.png\",\"width\":292,\"height\":810},{\"@type\":\"BreadcrumbList\",\"@id\":\"https:\/\/cavecaloz.ch\/de\/produkt\/humagne-rouge-75-50\/#breadcrumb\",\"itemListElement\":[{\"@type\":\"ListItem\",\"position\":1,\"name\":\"Accueil\",\"item\":\"https:\/\/cavecaloz.ch\/de\/\"},{\"@type\":\"ListItem\",\"position\":2,\"name\":\"boutique\",\"item\":\"https:\/\/cavecaloz.ch\/de\/shop\/\"},{\"@type\":\"ListItem\",\"position\":3,\"name\":\"Humagne Rouge\"}]},{\"@type\":\"WebSite\",\"@id\":\"https:\/\/cavecaloz.ch\/de\/#website\",\"url\":\"https:\/\/cavecaloz.ch\/de\/\",\"name\":\"Cavecaloz\",\"description\":\"Vigneron-encaveur, artisan du vin\",\"publisher\":{\"@id\":\"https:\/\/cavecaloz.ch\/de\/#organization\"},\"potentialAction\":[{\"@type\":\"SearchAction\",\"target\":{\"@type\":\"EntryPoint\",\"urlTemplate\":\"https:\/\/cavecaloz.ch\/de\/?s={search_term_string}\"},\"query-input\":{\"@type\":\"PropertyValueSpecification\",\"valueRequired\":true,\"valueName\":\"search_term_string\"}}],\"inLanguage\":\"de\"},{\"@type\":\"Organization\",\"@id\":\"https:\/\/cavecaloz.ch\/de\/#organization\",\"name\":\"Cave Caloz | Vigneron-encaveur, artisan du vin\",\"url\":\"https:\/\/cavecaloz.ch\/de\/\",\"logo\":{\"@type\":\"ImageObject\",\"inLanguage\":\"de\",\"@id\":\"https:\/\/cavecaloz.ch\/de\/#\/schema\/logo\/image\/\",\"url\":\"https:\/\/cavecaloz.ch\/wp-content\/uploads\/2020\/06\/Cave_Caloz_mouton_rgb_rose.jpg\",\"contentUrl\":\"https:\/\/cavecaloz.ch\/wp-content\/uploads\/2020\/06\/Cave_Caloz_mouton_rgb_rose.jpg\",\"width\":1890,\"height\":1890,\"caption\":\"Cave Caloz | Vigneron-encaveur, artisan du vin\"},\"image\":{\"@id\":\"https:\/\/cavecaloz.ch\/de\/#\/schema\/logo\/image\/\"}}]}<\/script>\n<!-- \/ Yoast SEO plugin. -->","yoast_head_json":{"title":"Humagne Rouge - Cavecaloz","robots":{"index":"index","follow":"follow","max-snippet":"max-snippet:-1","max-image-preview":"max-image-preview:large","max-video-preview":"max-video-preview:-1"},"canonical":"https:\/\/cavecaloz.ch\/de\/produkt\/humagne-rouge-75-50\/","og_locale":"de_DE","og_type":"article","og_title":"Humagne Rouge - Cavecaloz","og_description":"Unser Humagne besticht durch eine komplexe Nase, die Noten von Brennnessel, frischen Bl\u00e4ttern, Kirsche, Holunder und warmem Stein vereint. Der lebhafte Auftakt, der geradlinige Gaumen, das fruchtig s\u00fcsse Finale und ein Hauch von Menthol ergeben einen ausgewogenen Wein mit einer sch\u00f6nen Finesse. Ein eleganter und geradliniger Wein, ein typischer Walliser eben.","og_url":"https:\/\/cavecaloz.ch\/de\/produkt\/humagne-rouge-75-50\/","og_site_name":"Cavecaloz","article_modified_time":"2026-03-16T13:36:07+00:00","og_image":[{"width":292,"height":810,"url":"https:\/\/cavecaloz.ch\/wp-content\/uploads\/2015\/08\/R_HumagneRouge_LesBernunes-5.png","type":"image\/png"}],"twitter_card":"summary_large_image","twitter_misc":{"Gesch\u00e4tzte Lesezeit":"1\u00a0Minute"},"schema":{"@context":"https:\/\/schema.org","@graph":[{"@type":"WebPage","@id":"https:\/\/cavecaloz.ch\/de\/produkt\/humagne-rouge-75-50\/","url":"https:\/\/cavecaloz.ch\/de\/produkt\/humagne-rouge-75-50\/","name":"Humagne Rouge - Cavecaloz","isPartOf":{"@id":"https:\/\/cavecaloz.ch\/de\/#website"},"primaryImageOfPage":{"@id":"https:\/\/cavecaloz.ch\/de\/produkt\/humagne-rouge-75-50\/#primaryimage"},"image":{"@id":"https:\/\/cavecaloz.ch\/de\/produkt\/humagne-rouge-75-50\/#primaryimage"},"thumbnailUrl":"https:\/\/cavecaloz.ch\/wp-content\/uploads\/2015\/08\/R_HumagneRouge_LesBernunes-5.png","datePublished":"2022-05-04T08:32:39+00:00","dateModified":"2026-03-16T13:36:07+00:00","breadcrumb":{"@id":"https:\/\/cavecaloz.ch\/de\/produkt\/humagne-rouge-75-50\/#breadcrumb"},"inLanguage":"de","potentialAction":[{"@type":"ReadAction","target":["https:\/\/cavecaloz.ch\/de\/produkt\/humagne-rouge-75-50\/"]}]},{"@type":"ImageObject","inLanguage":"de","@id":"https:\/\/cavecaloz.ch\/de\/produkt\/humagne-rouge-75-50\/#primaryimage","url":"https:\/\/cavecaloz.ch\/wp-content\/uploads\/2015\/08\/R_HumagneRouge_LesBernunes-5.png","contentUrl":"https:\/\/cavecaloz.ch\/wp-content\/uploads\/2015\/08\/R_HumagneRouge_LesBernunes-5.png","width":292,"height":810},{"@type":"BreadcrumbList","@id":"https:\/\/cavecaloz.ch\/de\/produkt\/humagne-rouge-75-50\/#breadcrumb","itemListElement":[{"@type":"ListItem","position":1,"name":"Accueil","item":"https:\/\/cavecaloz.ch\/de\/"},{"@type":"ListItem","position":2,"name":"boutique","item":"https:\/\/cavecaloz.ch\/de\/shop\/"},{"@type":"ListItem","position":3,"name":"Humagne Rouge"}]},{"@type":"WebSite","@id":"https:\/\/cavecaloz.ch\/de\/#website","url":"https:\/\/cavecaloz.ch\/de\/","name":"Cavecaloz","description":"Vigneron-encaveur, artisan du vin","publisher":{"@id":"https:\/\/cavecaloz.ch\/de\/#organization"},"potentialAction":[{"@type":"SearchAction","target":{"@type":"EntryPoint","urlTemplate":"https:\/\/cavecaloz.ch\/de\/?s={search_term_string}"},"query-input":{"@type":"PropertyValueSpecification","valueRequired":true,"valueName":"search_term_string"}}],"inLanguage":"de"},{"@type":"Organization","@id":"https:\/\/cavecaloz.ch\/de\/#organization","name":"Cave Caloz | Vigneron-encaveur, artisan du vin","url":"https:\/\/cavecaloz.ch\/de\/","logo":{"@type":"ImageObject","inLanguage":"de","@id":"https:\/\/cavecaloz.ch\/de\/#\/schema\/logo\/image\/","url":"https:\/\/cavecaloz.ch\/wp-content\/uploads\/2020\/06\/Cave_Caloz_mouton_rgb_rose.jpg","contentUrl":"https:\/\/cavecaloz.ch\/wp-content\/uploads\/2020\/06\/Cave_Caloz_mouton_rgb_rose.jpg","width":1890,"height":1890,"caption":"Cave Caloz | Vigneron-encaveur, artisan du vin"},"image":{"@id":"https:\/\/cavecaloz.ch\/de\/#\/schema\/logo\/image\/"}}]}},"_links":{"self":[{"href":"https:\/\/cavecaloz.ch\/de\/wp-json\/wp\/v2\/product\/5795","targetHints":{"allow":["GET"]}}],"collection":[{"href":"https:\/\/cavecaloz.ch\/de\/wp-json\/wp\/v2\/product"}],"about":[{"href":"https:\/\/cavecaloz.ch\/de\/wp-json\/wp\/v2\/types\/product"}],"wp:featuredmedia":[{"embeddable":true,"href":"https:\/\/cavecaloz.ch\/de\/wp-json\/wp\/v2\/media\/3060"}],"wp:attachment":[{"href":"https:\/\/cavecaloz.ch\/de\/wp-json\/wp\/v2\/media?parent=5795"}],"wp:term":[{"taxonomy":"product_brand","embeddable":true,"href":"https:\/\/cavecaloz.ch\/de\/wp-json\/wp\/v2\/product_brand?post=5795"},{"taxonomy":"product_cat","embeddable":true,"href":"https:\/\/cavecaloz.ch\/de\/wp-json\/wp\/v2\/product_cat?post=5795"},{"taxonomy":"product_tag","embeddable":true,"href":"https:\/\/cavecaloz.ch\/de\/wp-json\/wp\/v2\/product_tag?post=5795"}],"curies":[{"name":"wp","href":"https:\/\/api.w.org\/{rel}","templated":true}]}}