{"id":5803,"date":"2022-05-04T08:33:08","date_gmt":"2022-05-04T08:33:09","guid":{"rendered":"https:\/\/cavecaloz.ch\/?post_type=product&#038;p=5803"},"modified":"2025-10-01T14:54:40","modified_gmt":"2025-10-01T14:54:40","slug":"pinot-noir-2","status":"publish","type":"product","link":"https:\/\/cavecaloz.ch\/de\/produkt\/pinot-noir-2\/","title":{"rendered":"Pinot Noir"},"content":{"rendered":"","protected":false},"excerpt":{"rendered":"<p>Unser zarter Pinot noir vereint Frische und seidige Tannine, am Gaumen gut ausbalanciert. Ein Bouquet mit Noten von schwarzen Fr\u00fcchten, Zeder und getrockneter Rose zeichnet diesen feinen Wein aus, in dem die kalkhaltigen B\u00f6den der H\u00e4nge von Siders zum Ausdruck kommen.<\/p>\n<p><span style=\"color: #ff0000;\">Fehler in der Papierpreisliste: Der Preis f\u00fcr die 50cl betr\u00e4gt tats\u00e4chlich 14.\u2013<\/span><\/p>\n","protected":false},"featured_media":7951,"template":"","meta":[],"product_brand":[],"product_cat":[230],"product_tag":[203],"class_list":{"0":"post-5803","1":"product","2":"type-product","3":"status-publish","4":"has-post-thumbnail","6":"product_cat-rotweine","7":"product_tag-rotes-fleisch","9":"first","10":"instock","11":"shipping-taxable","12":"purchasable","13":"product-type-variable"},"yoast_head":"<!-- This site is optimized with the Yoast SEO plugin v27.4 - https:\/\/yoast.com\/product\/yoast-seo-wordpress\/ -->\n<title>Pinot Noir - Cavecaloz<\/title>\n<meta name=\"robots\" content=\"index, follow, max-snippet:-1, max-image-preview:large, max-video-preview:-1\" \/>\n<link rel=\"canonical\" href=\"https:\/\/cavecaloz.ch\/de\/produkt\/pinot-noir-2\/\" \/>\n<meta property=\"og:locale\" content=\"de_DE\" \/>\n<meta property=\"og:type\" content=\"article\" \/>\n<meta property=\"og:title\" content=\"Pinot Noir - Cavecaloz\" \/>\n<meta property=\"og:description\" content=\"Unser zarter Pinot noir vereint Frische und seidige Tannine, am Gaumen gut ausbalanciert. Ein Bouquet mit Noten von schwarzen Fr\u00fcchten, Zeder und getrockneter Rose zeichnet diesen feinen Wein aus, in dem die kalkhaltigen B\u00f6den der H\u00e4nge von Siders zum Ausdruck kommen.  Fehler in der Papierpreisliste: Der Preis f\u00fcr die 50cl betr\u00e4gt tats\u00e4chlich 14.\u2013\" \/>\n<meta property=\"og:url\" content=\"https:\/\/cavecaloz.ch\/de\/produkt\/pinot-noir-2\/\" \/>\n<meta property=\"og:site_name\" content=\"Cavecaloz\" \/>\n<meta property=\"article:modified_time\" content=\"2025-10-01T14:54:40+00:00\" \/>\n<meta property=\"og:image\" content=\"https:\/\/cavecaloz.ch\/wp-content\/uploads\/2023\/11\/R_PinotNoir-La-Mourziere.png\" \/>\n\t<meta property=\"og:image:width\" content=\"292\" \/>\n\t<meta property=\"og:image:height\" content=\"810\" \/>\n\t<meta property=\"og:image:type\" content=\"image\/png\" \/>\n<meta name=\"twitter:card\" content=\"summary_large_image\" \/>\n<meta name=\"twitter:label1\" content=\"Gesch\u00e4tzte Lesezeit\" \/>\n\t<meta name=\"twitter:data1\" content=\"1\u00a0Minute\" \/>\n<script type=\"application\/ld+json\" class=\"yoast-schema-graph\">{\"@context\":\"https:\\\/\\\/schema.org\",\"@graph\":[{\"@type\":\"WebPage\",\"@id\":\"https:\\\/\\\/cavecaloz.ch\\\/de\\\/produkt\\\/pinot-noir-2\\\/\",\"url\":\"https:\\\/\\\/cavecaloz.ch\\\/de\\\/produkt\\\/pinot-noir-2\\\/\",\"name\":\"Pinot Noir - Cavecaloz\",\"isPartOf\":{\"@id\":\"https:\\\/\\\/cavecaloz.ch\\\/de\\\/#website\"},\"primaryImageOfPage\":{\"@id\":\"https:\\\/\\\/cavecaloz.ch\\\/de\\\/produkt\\\/pinot-noir-2\\\/#primaryimage\"},\"image\":{\"@id\":\"https:\\\/\\\/cavecaloz.ch\\\/de\\\/produkt\\\/pinot-noir-2\\\/#primaryimage\"},\"thumbnailUrl\":\"https:\\\/\\\/cavecaloz.ch\\\/wp-content\\\/uploads\\\/2023\\\/11\\\/R_PinotNoir-La-Mourziere.png\",\"datePublished\":\"2022-05-04T08:33:09+00:00\",\"dateModified\":\"2025-10-01T14:54:40+00:00\",\"breadcrumb\":{\"@id\":\"https:\\\/\\\/cavecaloz.ch\\\/de\\\/produkt\\\/pinot-noir-2\\\/#breadcrumb\"},\"inLanguage\":\"de\",\"potentialAction\":[{\"@type\":\"ReadAction\",\"target\":[\"https:\\\/\\\/cavecaloz.ch\\\/de\\\/produkt\\\/pinot-noir-2\\\/\"]}]},{\"@type\":\"ImageObject\",\"inLanguage\":\"de\",\"@id\":\"https:\\\/\\\/cavecaloz.ch\\\/de\\\/produkt\\\/pinot-noir-2\\\/#primaryimage\",\"url\":\"https:\\\/\\\/cavecaloz.ch\\\/wp-content\\\/uploads\\\/2023\\\/11\\\/R_PinotNoir-La-Mourziere.png\",\"contentUrl\":\"https:\\\/\\\/cavecaloz.ch\\\/wp-content\\\/uploads\\\/2023\\\/11\\\/R_PinotNoir-La-Mourziere.png\",\"width\":292,\"height\":810},{\"@type\":\"BreadcrumbList\",\"@id\":\"https:\\\/\\\/cavecaloz.ch\\\/de\\\/produkt\\\/pinot-noir-2\\\/#breadcrumb\",\"itemListElement\":[{\"@type\":\"ListItem\",\"position\":1,\"name\":\"Accueil\",\"item\":\"https:\\\/\\\/cavecaloz.ch\\\/de\\\/\"},{\"@type\":\"ListItem\",\"position\":2,\"name\":\"boutique\",\"item\":\"https:\\\/\\\/cavecaloz.ch\\\/de\\\/shop\\\/\"},{\"@type\":\"ListItem\",\"position\":3,\"name\":\"Pinot Noir\"}]},{\"@type\":\"WebSite\",\"@id\":\"https:\\\/\\\/cavecaloz.ch\\\/de\\\/#website\",\"url\":\"https:\\\/\\\/cavecaloz.ch\\\/de\\\/\",\"name\":\"Cavecaloz\",\"description\":\"Vigneron-encaveur, artisan du vin\",\"publisher\":{\"@id\":\"https:\\\/\\\/cavecaloz.ch\\\/de\\\/#organization\"},\"potentialAction\":[{\"@type\":\"SearchAction\",\"target\":{\"@type\":\"EntryPoint\",\"urlTemplate\":\"https:\\\/\\\/cavecaloz.ch\\\/de\\\/?s={search_term_string}\"},\"query-input\":{\"@type\":\"PropertyValueSpecification\",\"valueRequired\":true,\"valueName\":\"search_term_string\"}}],\"inLanguage\":\"de\"},{\"@type\":\"Organization\",\"@id\":\"https:\\\/\\\/cavecaloz.ch\\\/de\\\/#organization\",\"name\":\"Cave Caloz | Vigneron-encaveur, artisan du vin\",\"url\":\"https:\\\/\\\/cavecaloz.ch\\\/de\\\/\",\"logo\":{\"@type\":\"ImageObject\",\"inLanguage\":\"de\",\"@id\":\"https:\\\/\\\/cavecaloz.ch\\\/de\\\/#\\\/schema\\\/logo\\\/image\\\/\",\"url\":\"https:\\\/\\\/cavecaloz.ch\\\/wp-content\\\/uploads\\\/2020\\\/06\\\/Cave_Caloz_mouton_rgb_rose.jpg\",\"contentUrl\":\"https:\\\/\\\/cavecaloz.ch\\\/wp-content\\\/uploads\\\/2020\\\/06\\\/Cave_Caloz_mouton_rgb_rose.jpg\",\"width\":1890,\"height\":1890,\"caption\":\"Cave Caloz | Vigneron-encaveur, artisan du vin\"},\"image\":{\"@id\":\"https:\\\/\\\/cavecaloz.ch\\\/de\\\/#\\\/schema\\\/logo\\\/image\\\/\"}}]}<\/script>\n<!-- \/ Yoast SEO plugin. -->","yoast_head_json":{"title":"Pinot Noir - Cavecaloz","robots":{"index":"index","follow":"follow","max-snippet":"max-snippet:-1","max-image-preview":"max-image-preview:large","max-video-preview":"max-video-preview:-1"},"canonical":"https:\/\/cavecaloz.ch\/de\/produkt\/pinot-noir-2\/","og_locale":"de_DE","og_type":"article","og_title":"Pinot Noir - Cavecaloz","og_description":"Unser zarter Pinot noir vereint Frische und seidige Tannine, am Gaumen gut ausbalanciert. Ein Bouquet mit Noten von schwarzen Fr\u00fcchten, Zeder und getrockneter Rose zeichnet diesen feinen Wein aus, in dem die kalkhaltigen B\u00f6den der H\u00e4nge von Siders zum Ausdruck kommen.  Fehler in der Papierpreisliste: Der Preis f\u00fcr die 50cl betr\u00e4gt tats\u00e4chlich 14.\u2013","og_url":"https:\/\/cavecaloz.ch\/de\/produkt\/pinot-noir-2\/","og_site_name":"Cavecaloz","article_modified_time":"2025-10-01T14:54:40+00:00","og_image":[{"width":292,"height":810,"url":"https:\/\/cavecaloz.ch\/wp-content\/uploads\/2023\/11\/R_PinotNoir-La-Mourziere.png","type":"image\/png"}],"twitter_card":"summary_large_image","twitter_misc":{"Gesch\u00e4tzte Lesezeit":"1\u00a0Minute"},"schema":{"@context":"https:\/\/schema.org","@graph":[{"@type":"WebPage","@id":"https:\/\/cavecaloz.ch\/de\/produkt\/pinot-noir-2\/","url":"https:\/\/cavecaloz.ch\/de\/produkt\/pinot-noir-2\/","name":"Pinot Noir - Cavecaloz","isPartOf":{"@id":"https:\/\/cavecaloz.ch\/de\/#website"},"primaryImageOfPage":{"@id":"https:\/\/cavecaloz.ch\/de\/produkt\/pinot-noir-2\/#primaryimage"},"image":{"@id":"https:\/\/cavecaloz.ch\/de\/produkt\/pinot-noir-2\/#primaryimage"},"thumbnailUrl":"https:\/\/cavecaloz.ch\/wp-content\/uploads\/2023\/11\/R_PinotNoir-La-Mourziere.png","datePublished":"2022-05-04T08:33:09+00:00","dateModified":"2025-10-01T14:54:40+00:00","breadcrumb":{"@id":"https:\/\/cavecaloz.ch\/de\/produkt\/pinot-noir-2\/#breadcrumb"},"inLanguage":"de","potentialAction":[{"@type":"ReadAction","target":["https:\/\/cavecaloz.ch\/de\/produkt\/pinot-noir-2\/"]}]},{"@type":"ImageObject","inLanguage":"de","@id":"https:\/\/cavecaloz.ch\/de\/produkt\/pinot-noir-2\/#primaryimage","url":"https:\/\/cavecaloz.ch\/wp-content\/uploads\/2023\/11\/R_PinotNoir-La-Mourziere.png","contentUrl":"https:\/\/cavecaloz.ch\/wp-content\/uploads\/2023\/11\/R_PinotNoir-La-Mourziere.png","width":292,"height":810},{"@type":"BreadcrumbList","@id":"https:\/\/cavecaloz.ch\/de\/produkt\/pinot-noir-2\/#breadcrumb","itemListElement":[{"@type":"ListItem","position":1,"name":"Accueil","item":"https:\/\/cavecaloz.ch\/de\/"},{"@type":"ListItem","position":2,"name":"boutique","item":"https:\/\/cavecaloz.ch\/de\/shop\/"},{"@type":"ListItem","position":3,"name":"Pinot Noir"}]},{"@type":"WebSite","@id":"https:\/\/cavecaloz.ch\/de\/#website","url":"https:\/\/cavecaloz.ch\/de\/","name":"Cavecaloz","description":"Vigneron-encaveur, artisan du vin","publisher":{"@id":"https:\/\/cavecaloz.ch\/de\/#organization"},"potentialAction":[{"@type":"SearchAction","target":{"@type":"EntryPoint","urlTemplate":"https:\/\/cavecaloz.ch\/de\/?s={search_term_string}"},"query-input":{"@type":"PropertyValueSpecification","valueRequired":true,"valueName":"search_term_string"}}],"inLanguage":"de"},{"@type":"Organization","@id":"https:\/\/cavecaloz.ch\/de\/#organization","name":"Cave Caloz | Vigneron-encaveur, artisan du vin","url":"https:\/\/cavecaloz.ch\/de\/","logo":{"@type":"ImageObject","inLanguage":"de","@id":"https:\/\/cavecaloz.ch\/de\/#\/schema\/logo\/image\/","url":"https:\/\/cavecaloz.ch\/wp-content\/uploads\/2020\/06\/Cave_Caloz_mouton_rgb_rose.jpg","contentUrl":"https:\/\/cavecaloz.ch\/wp-content\/uploads\/2020\/06\/Cave_Caloz_mouton_rgb_rose.jpg","width":1890,"height":1890,"caption":"Cave Caloz | Vigneron-encaveur, artisan du vin"},"image":{"@id":"https:\/\/cavecaloz.ch\/de\/#\/schema\/logo\/image\/"}}]}},"_links":{"self":[{"href":"https:\/\/cavecaloz.ch\/de\/wp-json\/wp\/v2\/product\/5803","targetHints":{"allow":["GET"]}}],"collection":[{"href":"https:\/\/cavecaloz.ch\/de\/wp-json\/wp\/v2\/product"}],"about":[{"href":"https:\/\/cavecaloz.ch\/de\/wp-json\/wp\/v2\/types\/product"}],"wp:featuredmedia":[{"embeddable":true,"href":"https:\/\/cavecaloz.ch\/de\/wp-json\/wp\/v2\/media\/7951"}],"wp:attachment":[{"href":"https:\/\/cavecaloz.ch\/de\/wp-json\/wp\/v2\/media?parent=5803"}],"wp:term":[{"taxonomy":"product_brand","embeddable":true,"href":"https:\/\/cavecaloz.ch\/de\/wp-json\/wp\/v2\/product_brand?post=5803"},{"taxonomy":"product_cat","embeddable":true,"href":"https:\/\/cavecaloz.ch\/de\/wp-json\/wp\/v2\/product_cat?post=5803"},{"taxonomy":"product_tag","embeddable":true,"href":"https:\/\/cavecaloz.ch\/de\/wp-json\/wp\/v2\/product_tag?post=5803"}],"curies":[{"name":"wp","href":"https:\/\/api.w.org\/{rel}","templated":true}]}}