{"id":2066,"date":"2020-05-08T12:13:33","date_gmt":"2020-05-08T12:13:33","guid":{"rendered":"https:\/\/cavecaloz.ch\/?post_type=product&#038;p=2066"},"modified":"2025-04-24T08:29:19","modified_gmt":"2025-04-24T08:29:19","slug":"syrah","status":"publish","type":"product","link":"https:\/\/cavecaloz.ch\/en\/produit\/syrah\/","title":{"rendered":"Syrah"},"content":{"rendered":"","protected":false},"excerpt":{"rendered":"<p>A l\u2019\u0153il notre Syrah pr\u00e9sente une robe carmin. Le nez est compos\u00e9 de notes fum\u00e9es, \u00e9pic\u00e9es et florale avec des odeurs de pivoine, de lys et de violette. Cette syrah juteuse et m\u00fbre pr\u00e9sente une importante masse tannique caract\u00e9risant ce vin de grande garde. Une finale fra\u00eeche \u00e0 l\u2019aromatique de fruits rouges marque cette Syrah charpent\u00e9e au caract\u00e8re bien tremp\u00e9.<\/p>\n","protected":false},"featured_media":7952,"template":"","meta":[],"product_brand":[],"product_cat":[28],"product_tag":[136,135,125],"class_list":{"0":"post-2066","1":"product","2":"type-product","3":"status-publish","4":"has-post-thumbnail","6":"product_cat-rouges","7":"product_tag-puissant","8":"product_tag-syrah","9":"product_tag-viandes-rouges","11":"first","12":"instock","13":"shipping-taxable","14":"purchasable","15":"product-type-variable","16":"has-default-attributes"},"yoast_head":"<!-- This site is optimized with the Yoast SEO plugin v27.2 - https:\/\/yoast.com\/product\/yoast-seo-wordpress\/ -->\n<title>Syrah - Cavecaloz<\/title>\n<meta name=\"robots\" content=\"index, follow, max-snippet:-1, max-image-preview:large, max-video-preview:-1\" \/>\n<link rel=\"canonical\" href=\"https:\/\/cavecaloz.ch\/en\/produit\/syrah\/\" \/>\n<meta property=\"og:locale\" content=\"en_US\" \/>\n<meta property=\"og:type\" content=\"article\" \/>\n<meta property=\"og:title\" content=\"Syrah - Cavecaloz\" \/>\n<meta property=\"og:description\" content=\"A l\u2019\u0153il notre Syrah pr\u00e9sente une robe carmin. Le nez est compos\u00e9 de notes fum\u00e9es, \u00e9pic\u00e9es et florale avec des odeurs de pivoine, de lys et de violette. Cette syrah juteuse et m\u00fbre pr\u00e9sente une importante masse tannique caract\u00e9risant ce vin de grande garde. Une finale fra\u00eeche \u00e0 l\u2019aromatique de fruits rouges marque cette Syrah charpent\u00e9e au caract\u00e8re bien tremp\u00e9.\" \/>\n<meta property=\"og:url\" content=\"https:\/\/cavecaloz.ch\/en\/produit\/syrah\/\" \/>\n<meta property=\"og:site_name\" content=\"Cavecaloz\" \/>\n<meta property=\"article:modified_time\" content=\"2025-04-24T08:29:19+00:00\" \/>\n<meta property=\"og:image\" content=\"https:\/\/cavecaloz.ch\/wp-content\/uploads\/2023\/11\/R_Syrah.png\" \/>\n\t<meta property=\"og:image:width\" content=\"292\" \/>\n\t<meta property=\"og:image:height\" content=\"810\" \/>\n\t<meta property=\"og:image:type\" content=\"image\/png\" \/>\n<meta name=\"twitter:card\" content=\"summary_large_image\" \/>\n<meta name=\"twitter:label1\" content=\"Est. reading time\" \/>\n\t<meta name=\"twitter:data1\" content=\"1 minute\" \/>\n<script type=\"application\/ld+json\" class=\"yoast-schema-graph\">{\"@context\":\"https:\/\/schema.org\",\"@graph\":[{\"@type\":\"WebPage\",\"@id\":\"https:\/\/cavecaloz.ch\/en\/produit\/syrah\/\",\"url\":\"https:\/\/cavecaloz.ch\/en\/produit\/syrah\/\",\"name\":\"Syrah - Cavecaloz\",\"isPartOf\":{\"@id\":\"https:\/\/cavecaloz.ch\/en\/#website\"},\"primaryImageOfPage\":{\"@id\":\"https:\/\/cavecaloz.ch\/en\/produit\/syrah\/#primaryimage\"},\"image\":{\"@id\":\"https:\/\/cavecaloz.ch\/en\/produit\/syrah\/#primaryimage\"},\"thumbnailUrl\":\"https:\/\/cavecaloz.ch\/wp-content\/uploads\/2023\/11\/R_Syrah.png\",\"datePublished\":\"2020-05-08T12:13:33+00:00\",\"dateModified\":\"2025-04-24T08:29:19+00:00\",\"breadcrumb\":{\"@id\":\"https:\/\/cavecaloz.ch\/en\/produit\/syrah\/#breadcrumb\"},\"inLanguage\":\"en-US\",\"potentialAction\":[{\"@type\":\"ReadAction\",\"target\":[\"https:\/\/cavecaloz.ch\/en\/produit\/syrah\/\"]}]},{\"@type\":\"ImageObject\",\"inLanguage\":\"en-US\",\"@id\":\"https:\/\/cavecaloz.ch\/en\/produit\/syrah\/#primaryimage\",\"url\":\"https:\/\/cavecaloz.ch\/wp-content\/uploads\/2023\/11\/R_Syrah.png\",\"contentUrl\":\"https:\/\/cavecaloz.ch\/wp-content\/uploads\/2023\/11\/R_Syrah.png\",\"width\":292,\"height\":810},{\"@type\":\"BreadcrumbList\",\"@id\":\"https:\/\/cavecaloz.ch\/en\/produit\/syrah\/#breadcrumb\",\"itemListElement\":[{\"@type\":\"ListItem\",\"position\":1,\"name\":\"Accueil\",\"item\":\"https:\/\/cavecaloz.ch\/en\/\"},{\"@type\":\"ListItem\",\"position\":2,\"name\":\"boutique\",\"item\":\"https:\/\/cavecaloz.ch\/boutique\/\"},{\"@type\":\"ListItem\",\"position\":3,\"name\":\"Syrah\"}]},{\"@type\":\"WebSite\",\"@id\":\"https:\/\/cavecaloz.ch\/en\/#website\",\"url\":\"https:\/\/cavecaloz.ch\/en\/\",\"name\":\"Cavecaloz\",\"description\":\"Vigneron-encaveur, artisan du vin\",\"publisher\":{\"@id\":\"https:\/\/cavecaloz.ch\/en\/#organization\"},\"potentialAction\":[{\"@type\":\"SearchAction\",\"target\":{\"@type\":\"EntryPoint\",\"urlTemplate\":\"https:\/\/cavecaloz.ch\/en\/?s={search_term_string}\"},\"query-input\":{\"@type\":\"PropertyValueSpecification\",\"valueRequired\":true,\"valueName\":\"search_term_string\"}}],\"inLanguage\":\"en-US\"},{\"@type\":\"Organization\",\"@id\":\"https:\/\/cavecaloz.ch\/en\/#organization\",\"name\":\"Cave Caloz | Vigneron-encaveur, artisan du vin\",\"url\":\"https:\/\/cavecaloz.ch\/en\/\",\"logo\":{\"@type\":\"ImageObject\",\"inLanguage\":\"en-US\",\"@id\":\"https:\/\/cavecaloz.ch\/en\/#\/schema\/logo\/image\/\",\"url\":\"https:\/\/cavecaloz.ch\/wp-content\/uploads\/2020\/06\/Cave_Caloz_mouton_rgb_rose.jpg\",\"contentUrl\":\"https:\/\/cavecaloz.ch\/wp-content\/uploads\/2020\/06\/Cave_Caloz_mouton_rgb_rose.jpg\",\"width\":1890,\"height\":1890,\"caption\":\"Cave Caloz | Vigneron-encaveur, artisan du vin\"},\"image\":{\"@id\":\"https:\/\/cavecaloz.ch\/en\/#\/schema\/logo\/image\/\"}}]}<\/script>\n<!-- \/ Yoast SEO plugin. -->","yoast_head_json":{"title":"Syrah - Cavecaloz","robots":{"index":"index","follow":"follow","max-snippet":"max-snippet:-1","max-image-preview":"max-image-preview:large","max-video-preview":"max-video-preview:-1"},"canonical":"https:\/\/cavecaloz.ch\/en\/produit\/syrah\/","og_locale":"en_US","og_type":"article","og_title":"Syrah - Cavecaloz","og_description":"A l\u2019\u0153il notre Syrah pr\u00e9sente une robe carmin. Le nez est compos\u00e9 de notes fum\u00e9es, \u00e9pic\u00e9es et florale avec des odeurs de pivoine, de lys et de violette. Cette syrah juteuse et m\u00fbre pr\u00e9sente une importante masse tannique caract\u00e9risant ce vin de grande garde. Une finale fra\u00eeche \u00e0 l\u2019aromatique de fruits rouges marque cette Syrah charpent\u00e9e au caract\u00e8re bien tremp\u00e9.","og_url":"https:\/\/cavecaloz.ch\/en\/produit\/syrah\/","og_site_name":"Cavecaloz","article_modified_time":"2025-04-24T08:29:19+00:00","og_image":[{"width":292,"height":810,"url":"https:\/\/cavecaloz.ch\/wp-content\/uploads\/2023\/11\/R_Syrah.png","type":"image\/png"}],"twitter_card":"summary_large_image","twitter_misc":{"Est. reading time":"1 minute"},"schema":{"@context":"https:\/\/schema.org","@graph":[{"@type":"WebPage","@id":"https:\/\/cavecaloz.ch\/en\/produit\/syrah\/","url":"https:\/\/cavecaloz.ch\/en\/produit\/syrah\/","name":"Syrah - Cavecaloz","isPartOf":{"@id":"https:\/\/cavecaloz.ch\/en\/#website"},"primaryImageOfPage":{"@id":"https:\/\/cavecaloz.ch\/en\/produit\/syrah\/#primaryimage"},"image":{"@id":"https:\/\/cavecaloz.ch\/en\/produit\/syrah\/#primaryimage"},"thumbnailUrl":"https:\/\/cavecaloz.ch\/wp-content\/uploads\/2023\/11\/R_Syrah.png","datePublished":"2020-05-08T12:13:33+00:00","dateModified":"2025-04-24T08:29:19+00:00","breadcrumb":{"@id":"https:\/\/cavecaloz.ch\/en\/produit\/syrah\/#breadcrumb"},"inLanguage":"en-US","potentialAction":[{"@type":"ReadAction","target":["https:\/\/cavecaloz.ch\/en\/produit\/syrah\/"]}]},{"@type":"ImageObject","inLanguage":"en-US","@id":"https:\/\/cavecaloz.ch\/en\/produit\/syrah\/#primaryimage","url":"https:\/\/cavecaloz.ch\/wp-content\/uploads\/2023\/11\/R_Syrah.png","contentUrl":"https:\/\/cavecaloz.ch\/wp-content\/uploads\/2023\/11\/R_Syrah.png","width":292,"height":810},{"@type":"BreadcrumbList","@id":"https:\/\/cavecaloz.ch\/en\/produit\/syrah\/#breadcrumb","itemListElement":[{"@type":"ListItem","position":1,"name":"Accueil","item":"https:\/\/cavecaloz.ch\/en\/"},{"@type":"ListItem","position":2,"name":"boutique","item":"https:\/\/cavecaloz.ch\/boutique\/"},{"@type":"ListItem","position":3,"name":"Syrah"}]},{"@type":"WebSite","@id":"https:\/\/cavecaloz.ch\/en\/#website","url":"https:\/\/cavecaloz.ch\/en\/","name":"Cavecaloz","description":"Vigneron-encaveur, artisan du vin","publisher":{"@id":"https:\/\/cavecaloz.ch\/en\/#organization"},"potentialAction":[{"@type":"SearchAction","target":{"@type":"EntryPoint","urlTemplate":"https:\/\/cavecaloz.ch\/en\/?s={search_term_string}"},"query-input":{"@type":"PropertyValueSpecification","valueRequired":true,"valueName":"search_term_string"}}],"inLanguage":"en-US"},{"@type":"Organization","@id":"https:\/\/cavecaloz.ch\/en\/#organization","name":"Cave Caloz | Vigneron-encaveur, artisan du vin","url":"https:\/\/cavecaloz.ch\/en\/","logo":{"@type":"ImageObject","inLanguage":"en-US","@id":"https:\/\/cavecaloz.ch\/en\/#\/schema\/logo\/image\/","url":"https:\/\/cavecaloz.ch\/wp-content\/uploads\/2020\/06\/Cave_Caloz_mouton_rgb_rose.jpg","contentUrl":"https:\/\/cavecaloz.ch\/wp-content\/uploads\/2020\/06\/Cave_Caloz_mouton_rgb_rose.jpg","width":1890,"height":1890,"caption":"Cave Caloz | Vigneron-encaveur, artisan du vin"},"image":{"@id":"https:\/\/cavecaloz.ch\/en\/#\/schema\/logo\/image\/"}}]}},"_links":{"self":[{"href":"https:\/\/cavecaloz.ch\/en\/wp-json\/wp\/v2\/product\/2066","targetHints":{"allow":["GET"]}}],"collection":[{"href":"https:\/\/cavecaloz.ch\/en\/wp-json\/wp\/v2\/product"}],"about":[{"href":"https:\/\/cavecaloz.ch\/en\/wp-json\/wp\/v2\/types\/product"}],"wp:featuredmedia":[{"embeddable":true,"href":"https:\/\/cavecaloz.ch\/en\/wp-json\/wp\/v2\/media\/7952"}],"wp:attachment":[{"href":"https:\/\/cavecaloz.ch\/en\/wp-json\/wp\/v2\/media?parent=2066"}],"wp:term":[{"taxonomy":"product_brand","embeddable":true,"href":"https:\/\/cavecaloz.ch\/en\/wp-json\/wp\/v2\/product_brand?post=2066"},{"taxonomy":"product_cat","embeddable":true,"href":"https:\/\/cavecaloz.ch\/en\/wp-json\/wp\/v2\/product_cat?post=2066"},{"taxonomy":"product_tag","embeddable":true,"href":"https:\/\/cavecaloz.ch\/en\/wp-json\/wp\/v2\/product_tag?post=2066"}],"curies":[{"name":"wp","href":"https:\/\/api.w.org\/{rel}","templated":true}]}}