{"id":2188,"date":"2020-05-19T11:53:58","date_gmt":"2020-05-19T11:53:58","guid":{"rendered":"https:\/\/cavecaloz.ch\/?post_type=product&#038;p=2188"},"modified":"2025-04-24T08:30:14","modified_gmt":"2025-04-24T08:30:14","slug":"diolinoir","status":"publish","type":"product","link":"https:\/\/cavecaloz.ch\/en\/produit\/diolinoir\/","title":{"rendered":"Diolinoir"},"content":{"rendered":"","protected":false},"excerpt":{"rendered":"<p>Croisement au niveau du plant entre du Rouge de Dioli et du pollen de Pinot. Un vin aux senteurs de myrtille et de fruits noirs ainsi qu\u2019\u00e0 la robe tr\u00e8s fonc\u00e9e. Une bouche tr\u00e8s juteuse, avec une aromatique de fruits rouges tenace, enrob\u00e9e par des tannins qui caract\u00e9risent et construisent ce cru d\u2019exception.<\/p>\n","protected":false},"featured_media":7943,"template":"","meta":[],"product_brand":[],"product_cat":[28],"product_tag":[121,125],"class_list":{"0":"post-2188","1":"product","2":"type-product","3":"status-publish","4":"has-post-thumbnail","6":"product_cat-rouges","7":"product_tag-tannique","8":"product_tag-viandes-rouges","10":"first","11":"instock","12":"shipping-taxable","13":"purchasable","14":"product-type-variable","15":"has-default-attributes"},"yoast_head":"<!-- This site is optimized with the Yoast SEO plugin v27.5 - https:\/\/yoast.com\/product\/yoast-seo-wordpress\/ -->\n<title>Diolinoir - Cavecaloz<\/title>\n<meta name=\"robots\" content=\"index, follow, max-snippet:-1, max-image-preview:large, max-video-preview:-1\" \/>\n<link rel=\"canonical\" href=\"https:\/\/cavecaloz.ch\/en\/produit\/diolinoir\/\" \/>\n<meta property=\"og:locale\" content=\"en_US\" \/>\n<meta property=\"og:type\" content=\"article\" \/>\n<meta property=\"og:title\" content=\"Diolinoir - Cavecaloz\" \/>\n<meta property=\"og:description\" content=\"Croisement au niveau du plant entre du Rouge de Dioli et du pollen de Pinot. Un vin aux senteurs de myrtille et de fruits noirs ainsi qu\u2019\u00e0 la robe tr\u00e8s fonc\u00e9e. Une bouche tr\u00e8s juteuse, avec une aromatique de fruits rouges tenace, enrob\u00e9e par des tannins qui caract\u00e9risent et construisent ce cru d\u2019exception.\" \/>\n<meta property=\"og:url\" content=\"https:\/\/cavecaloz.ch\/en\/produit\/diolinoir\/\" \/>\n<meta property=\"og:site_name\" content=\"Cavecaloz\" \/>\n<meta property=\"article:modified_time\" content=\"2025-04-24T08:30:14+00:00\" \/>\n<meta property=\"og:image\" content=\"https:\/\/cavecaloz.ch\/wp-content\/uploads\/2023\/11\/R_Diolinoir.png\" \/>\n\t<meta property=\"og:image:width\" content=\"292\" \/>\n\t<meta property=\"og:image:height\" content=\"810\" \/>\n\t<meta property=\"og:image:type\" content=\"image\/png\" \/>\n<meta name=\"twitter:card\" content=\"summary_large_image\" \/>\n<meta name=\"twitter:label1\" content=\"Est. reading time\" \/>\n\t<meta name=\"twitter:data1\" content=\"1 minute\" \/>\n<script type=\"application\/ld+json\" class=\"yoast-schema-graph\">{\"@context\":\"https:\\\/\\\/schema.org\",\"@graph\":[{\"@type\":\"WebPage\",\"@id\":\"https:\\\/\\\/cavecaloz.ch\\\/en\\\/produit\\\/diolinoir\\\/\",\"url\":\"https:\\\/\\\/cavecaloz.ch\\\/en\\\/produit\\\/diolinoir\\\/\",\"name\":\"Diolinoir - Cavecaloz\",\"isPartOf\":{\"@id\":\"https:\\\/\\\/cavecaloz.ch\\\/en\\\/#website\"},\"primaryImageOfPage\":{\"@id\":\"https:\\\/\\\/cavecaloz.ch\\\/en\\\/produit\\\/diolinoir\\\/#primaryimage\"},\"image\":{\"@id\":\"https:\\\/\\\/cavecaloz.ch\\\/en\\\/produit\\\/diolinoir\\\/#primaryimage\"},\"thumbnailUrl\":\"https:\\\/\\\/cavecaloz.ch\\\/wp-content\\\/uploads\\\/2023\\\/11\\\/R_Diolinoir.png\",\"datePublished\":\"2020-05-19T11:53:58+00:00\",\"dateModified\":\"2025-04-24T08:30:14+00:00\",\"breadcrumb\":{\"@id\":\"https:\\\/\\\/cavecaloz.ch\\\/en\\\/produit\\\/diolinoir\\\/#breadcrumb\"},\"inLanguage\":\"en-US\",\"potentialAction\":[{\"@type\":\"ReadAction\",\"target\":[\"https:\\\/\\\/cavecaloz.ch\\\/en\\\/produit\\\/diolinoir\\\/\"]}]},{\"@type\":\"ImageObject\",\"inLanguage\":\"en-US\",\"@id\":\"https:\\\/\\\/cavecaloz.ch\\\/en\\\/produit\\\/diolinoir\\\/#primaryimage\",\"url\":\"https:\\\/\\\/cavecaloz.ch\\\/wp-content\\\/uploads\\\/2023\\\/11\\\/R_Diolinoir.png\",\"contentUrl\":\"https:\\\/\\\/cavecaloz.ch\\\/wp-content\\\/uploads\\\/2023\\\/11\\\/R_Diolinoir.png\",\"width\":292,\"height\":810},{\"@type\":\"BreadcrumbList\",\"@id\":\"https:\\\/\\\/cavecaloz.ch\\\/en\\\/produit\\\/diolinoir\\\/#breadcrumb\",\"itemListElement\":[{\"@type\":\"ListItem\",\"position\":1,\"name\":\"Accueil\",\"item\":\"https:\\\/\\\/cavecaloz.ch\\\/en\\\/\"},{\"@type\":\"ListItem\",\"position\":2,\"name\":\"boutique\",\"item\":\"https:\\\/\\\/cavecaloz.ch\\\/boutique\\\/\"},{\"@type\":\"ListItem\",\"position\":3,\"name\":\"Diolinoir\"}]},{\"@type\":\"WebSite\",\"@id\":\"https:\\\/\\\/cavecaloz.ch\\\/en\\\/#website\",\"url\":\"https:\\\/\\\/cavecaloz.ch\\\/en\\\/\",\"name\":\"Cavecaloz\",\"description\":\"Vigneron-encaveur, artisan du vin\",\"publisher\":{\"@id\":\"https:\\\/\\\/cavecaloz.ch\\\/en\\\/#organization\"},\"potentialAction\":[{\"@type\":\"SearchAction\",\"target\":{\"@type\":\"EntryPoint\",\"urlTemplate\":\"https:\\\/\\\/cavecaloz.ch\\\/en\\\/?s={search_term_string}\"},\"query-input\":{\"@type\":\"PropertyValueSpecification\",\"valueRequired\":true,\"valueName\":\"search_term_string\"}}],\"inLanguage\":\"en-US\"},{\"@type\":\"Organization\",\"@id\":\"https:\\\/\\\/cavecaloz.ch\\\/en\\\/#organization\",\"name\":\"Cave Caloz | Vigneron-encaveur, artisan du vin\",\"url\":\"https:\\\/\\\/cavecaloz.ch\\\/en\\\/\",\"logo\":{\"@type\":\"ImageObject\",\"inLanguage\":\"en-US\",\"@id\":\"https:\\\/\\\/cavecaloz.ch\\\/en\\\/#\\\/schema\\\/logo\\\/image\\\/\",\"url\":\"https:\\\/\\\/cavecaloz.ch\\\/wp-content\\\/uploads\\\/2020\\\/06\\\/Cave_Caloz_mouton_rgb_rose.jpg\",\"contentUrl\":\"https:\\\/\\\/cavecaloz.ch\\\/wp-content\\\/uploads\\\/2020\\\/06\\\/Cave_Caloz_mouton_rgb_rose.jpg\",\"width\":1890,\"height\":1890,\"caption\":\"Cave Caloz | Vigneron-encaveur, artisan du vin\"},\"image\":{\"@id\":\"https:\\\/\\\/cavecaloz.ch\\\/en\\\/#\\\/schema\\\/logo\\\/image\\\/\"}}]}<\/script>\n<!-- \/ Yoast SEO plugin. -->","yoast_head_json":{"title":"Diolinoir - Cavecaloz","robots":{"index":"index","follow":"follow","max-snippet":"max-snippet:-1","max-image-preview":"max-image-preview:large","max-video-preview":"max-video-preview:-1"},"canonical":"https:\/\/cavecaloz.ch\/en\/produit\/diolinoir\/","og_locale":"en_US","og_type":"article","og_title":"Diolinoir - Cavecaloz","og_description":"Croisement au niveau du plant entre du Rouge de Dioli et du pollen de Pinot. Un vin aux senteurs de myrtille et de fruits noirs ainsi qu\u2019\u00e0 la robe tr\u00e8s fonc\u00e9e. Une bouche tr\u00e8s juteuse, avec une aromatique de fruits rouges tenace, enrob\u00e9e par des tannins qui caract\u00e9risent et construisent ce cru d\u2019exception.","og_url":"https:\/\/cavecaloz.ch\/en\/produit\/diolinoir\/","og_site_name":"Cavecaloz","article_modified_time":"2025-04-24T08:30:14+00:00","og_image":[{"width":292,"height":810,"url":"https:\/\/cavecaloz.ch\/wp-content\/uploads\/2023\/11\/R_Diolinoir.png","type":"image\/png"}],"twitter_card":"summary_large_image","twitter_misc":{"Est. reading time":"1 minute"},"schema":{"@context":"https:\/\/schema.org","@graph":[{"@type":"WebPage","@id":"https:\/\/cavecaloz.ch\/en\/produit\/diolinoir\/","url":"https:\/\/cavecaloz.ch\/en\/produit\/diolinoir\/","name":"Diolinoir - Cavecaloz","isPartOf":{"@id":"https:\/\/cavecaloz.ch\/en\/#website"},"primaryImageOfPage":{"@id":"https:\/\/cavecaloz.ch\/en\/produit\/diolinoir\/#primaryimage"},"image":{"@id":"https:\/\/cavecaloz.ch\/en\/produit\/diolinoir\/#primaryimage"},"thumbnailUrl":"https:\/\/cavecaloz.ch\/wp-content\/uploads\/2023\/11\/R_Diolinoir.png","datePublished":"2020-05-19T11:53:58+00:00","dateModified":"2025-04-24T08:30:14+00:00","breadcrumb":{"@id":"https:\/\/cavecaloz.ch\/en\/produit\/diolinoir\/#breadcrumb"},"inLanguage":"en-US","potentialAction":[{"@type":"ReadAction","target":["https:\/\/cavecaloz.ch\/en\/produit\/diolinoir\/"]}]},{"@type":"ImageObject","inLanguage":"en-US","@id":"https:\/\/cavecaloz.ch\/en\/produit\/diolinoir\/#primaryimage","url":"https:\/\/cavecaloz.ch\/wp-content\/uploads\/2023\/11\/R_Diolinoir.png","contentUrl":"https:\/\/cavecaloz.ch\/wp-content\/uploads\/2023\/11\/R_Diolinoir.png","width":292,"height":810},{"@type":"BreadcrumbList","@id":"https:\/\/cavecaloz.ch\/en\/produit\/diolinoir\/#breadcrumb","itemListElement":[{"@type":"ListItem","position":1,"name":"Accueil","item":"https:\/\/cavecaloz.ch\/en\/"},{"@type":"ListItem","position":2,"name":"boutique","item":"https:\/\/cavecaloz.ch\/boutique\/"},{"@type":"ListItem","position":3,"name":"Diolinoir"}]},{"@type":"WebSite","@id":"https:\/\/cavecaloz.ch\/en\/#website","url":"https:\/\/cavecaloz.ch\/en\/","name":"Cavecaloz","description":"Vigneron-encaveur, artisan du vin","publisher":{"@id":"https:\/\/cavecaloz.ch\/en\/#organization"},"potentialAction":[{"@type":"SearchAction","target":{"@type":"EntryPoint","urlTemplate":"https:\/\/cavecaloz.ch\/en\/?s={search_term_string}"},"query-input":{"@type":"PropertyValueSpecification","valueRequired":true,"valueName":"search_term_string"}}],"inLanguage":"en-US"},{"@type":"Organization","@id":"https:\/\/cavecaloz.ch\/en\/#organization","name":"Cave Caloz | Vigneron-encaveur, artisan du vin","url":"https:\/\/cavecaloz.ch\/en\/","logo":{"@type":"ImageObject","inLanguage":"en-US","@id":"https:\/\/cavecaloz.ch\/en\/#\/schema\/logo\/image\/","url":"https:\/\/cavecaloz.ch\/wp-content\/uploads\/2020\/06\/Cave_Caloz_mouton_rgb_rose.jpg","contentUrl":"https:\/\/cavecaloz.ch\/wp-content\/uploads\/2020\/06\/Cave_Caloz_mouton_rgb_rose.jpg","width":1890,"height":1890,"caption":"Cave Caloz | Vigneron-encaveur, artisan du vin"},"image":{"@id":"https:\/\/cavecaloz.ch\/en\/#\/schema\/logo\/image\/"}}]}},"_links":{"self":[{"href":"https:\/\/cavecaloz.ch\/en\/wp-json\/wp\/v2\/product\/2188","targetHints":{"allow":["GET"]}}],"collection":[{"href":"https:\/\/cavecaloz.ch\/en\/wp-json\/wp\/v2\/product"}],"about":[{"href":"https:\/\/cavecaloz.ch\/en\/wp-json\/wp\/v2\/types\/product"}],"wp:featuredmedia":[{"embeddable":true,"href":"https:\/\/cavecaloz.ch\/en\/wp-json\/wp\/v2\/media\/7943"}],"wp:attachment":[{"href":"https:\/\/cavecaloz.ch\/en\/wp-json\/wp\/v2\/media?parent=2188"}],"wp:term":[{"taxonomy":"product_brand","embeddable":true,"href":"https:\/\/cavecaloz.ch\/en\/wp-json\/wp\/v2\/product_brand?post=2188"},{"taxonomy":"product_cat","embeddable":true,"href":"https:\/\/cavecaloz.ch\/en\/wp-json\/wp\/v2\/product_cat?post=2188"},{"taxonomy":"product_tag","embeddable":true,"href":"https:\/\/cavecaloz.ch\/en\/wp-json\/wp\/v2\/product_tag?post=2188"}],"curies":[{"name":"wp","href":"https:\/\/api.w.org\/{rel}","templated":true}]}}