{"id":238,"date":"2015-08-11T21:00:29","date_gmt":"2015-08-11T21:00:29","guid":{"rendered":"http:\/\/savoy.nordicmade.com\/product\/striped-canvas-bag\/"},"modified":"2025-10-01T14:49:39","modified_gmt":"2025-10-01T14:49:39","slug":"chardonnay","status":"publish","type":"product","link":"https:\/\/cavecaloz.ch\/en\/produit\/chardonnay\/","title":{"rendered":"Chardonnay Barrique"},"content":{"rendered":"","protected":false},"excerpt":{"rendered":"<p>Notre Chardonnay exprime au nez des notes de fleurs blanches, de noisettes et une grande min\u00e9ralit\u00e9. Des notes subtiles de poire se m\u00ealent \u00e9galement \u00e0 ce parfum. En bouche la structure du vin est robuste et l\u2019\u00e9levage peu marqu\u00e9. Une belle \u00e9l\u00e9gance et une persistance en fin de bouche sur la structure tonique de ce grand c\u00e9page. La tension de notre Chardonnay vient de son terroir calcaire expos\u00e9 au nord d\u2019une colline de Mi\u00e8ge.<\/p>\n","protected":false},"featured_media":7895,"template":"","meta":[],"product_brand":[],"product_cat":[20],"product_tag":[87,86,98],"class_list":{"0":"post-238","1":"product","2":"type-product","3":"status-publish","4":"has-post-thumbnail","6":"product_cat-blancs","7":"product_tag-poissons","8":"product_tag-sec","9":"product_tag-viandes-blanches","11":"first","12":"instock","13":"shipping-taxable","14":"purchasable","15":"product-type-variable","16":"has-default-attributes"},"yoast_head":"<!-- This site is optimized with the Yoast SEO plugin v27.5 - https:\/\/yoast.com\/product\/yoast-seo-wordpress\/ -->\n<title>Chardonnay Barrique<\/title>\n<meta name=\"robots\" content=\"index, follow, max-snippet:-1, max-image-preview:large, max-video-preview:-1\" \/>\n<link rel=\"canonical\" href=\"https:\/\/cavecaloz.ch\/en\/produit\/chardonnay\/\" \/>\n<meta property=\"og:locale\" content=\"en_US\" \/>\n<meta property=\"og:type\" content=\"article\" \/>\n<meta property=\"og:title\" content=\"Chardonnay Barrique\" \/>\n<meta property=\"og:description\" content=\"Notre Chardonnay exprime au nez des notes de fleurs blanches, de noisettes et une grande min\u00e9ralit\u00e9. Des notes subtiles de poire se m\u00ealent \u00e9galement \u00e0 ce parfum. En bouche la structure du vin est robuste et l\u2019\u00e9levage peu marqu\u00e9. Une belle \u00e9l\u00e9gance et une persistance en fin de bouche sur la structure tonique de ce grand c\u00e9page. La tension de notre Chardonnay vient de son terroir calcaire expos\u00e9 au nord d\u2019une colline de Mi\u00e8ge.\" \/>\n<meta property=\"og:url\" content=\"https:\/\/cavecaloz.ch\/en\/produit\/chardonnay\/\" \/>\n<meta property=\"og:site_name\" content=\"Cavecaloz\" \/>\n<meta property=\"article:modified_time\" content=\"2025-10-01T14:49:39+00:00\" \/>\n<meta property=\"og:image\" content=\"https:\/\/cavecaloz.ch\/wp-content\/uploads\/2023\/11\/Bl_Chardonnay-Barrique-.png\" \/>\n\t<meta property=\"og:image:width\" content=\"292\" \/>\n\t<meta property=\"og:image:height\" content=\"854\" \/>\n\t<meta property=\"og:image:type\" content=\"image\/png\" \/>\n<meta name=\"twitter:card\" content=\"summary_large_image\" \/>\n<meta name=\"twitter:label1\" content=\"Est. reading time\" \/>\n\t<meta name=\"twitter:data1\" content=\"1 minute\" \/>\n<script type=\"application\/ld+json\" class=\"yoast-schema-graph\">{\"@context\":\"https:\\\/\\\/schema.org\",\"@graph\":[{\"@type\":\"WebPage\",\"@id\":\"https:\\\/\\\/cavecaloz.ch\\\/en\\\/produit\\\/chardonnay\\\/\",\"url\":\"https:\\\/\\\/cavecaloz.ch\\\/en\\\/produit\\\/chardonnay\\\/\",\"name\":\"Chardonnay Barrique\",\"isPartOf\":{\"@id\":\"https:\\\/\\\/cavecaloz.ch\\\/en\\\/#website\"},\"primaryImageOfPage\":{\"@id\":\"https:\\\/\\\/cavecaloz.ch\\\/en\\\/produit\\\/chardonnay\\\/#primaryimage\"},\"image\":{\"@id\":\"https:\\\/\\\/cavecaloz.ch\\\/en\\\/produit\\\/chardonnay\\\/#primaryimage\"},\"thumbnailUrl\":\"https:\\\/\\\/cavecaloz.ch\\\/wp-content\\\/uploads\\\/2023\\\/11\\\/Bl_Chardonnay-Barrique-.png\",\"datePublished\":\"2015-08-11T21:00:29+00:00\",\"dateModified\":\"2025-10-01T14:49:39+00:00\",\"breadcrumb\":{\"@id\":\"https:\\\/\\\/cavecaloz.ch\\\/en\\\/produit\\\/chardonnay\\\/#breadcrumb\"},\"inLanguage\":\"en-US\",\"potentialAction\":[{\"@type\":\"ReadAction\",\"target\":[\"https:\\\/\\\/cavecaloz.ch\\\/en\\\/produit\\\/chardonnay\\\/\"]}]},{\"@type\":\"ImageObject\",\"inLanguage\":\"en-US\",\"@id\":\"https:\\\/\\\/cavecaloz.ch\\\/en\\\/produit\\\/chardonnay\\\/#primaryimage\",\"url\":\"https:\\\/\\\/cavecaloz.ch\\\/wp-content\\\/uploads\\\/2023\\\/11\\\/Bl_Chardonnay-Barrique-.png\",\"contentUrl\":\"https:\\\/\\\/cavecaloz.ch\\\/wp-content\\\/uploads\\\/2023\\\/11\\\/Bl_Chardonnay-Barrique-.png\",\"width\":292,\"height\":854},{\"@type\":\"BreadcrumbList\",\"@id\":\"https:\\\/\\\/cavecaloz.ch\\\/en\\\/produit\\\/chardonnay\\\/#breadcrumb\",\"itemListElement\":[{\"@type\":\"ListItem\",\"position\":1,\"name\":\"Accueil\",\"item\":\"https:\\\/\\\/cavecaloz.ch\\\/en\\\/\"},{\"@type\":\"ListItem\",\"position\":2,\"name\":\"boutique\",\"item\":\"https:\\\/\\\/cavecaloz.ch\\\/boutique\\\/\"},{\"@type\":\"ListItem\",\"position\":3,\"name\":\"Chardonnay Barrique\"}]},{\"@type\":\"WebSite\",\"@id\":\"https:\\\/\\\/cavecaloz.ch\\\/en\\\/#website\",\"url\":\"https:\\\/\\\/cavecaloz.ch\\\/en\\\/\",\"name\":\"Cavecaloz\",\"description\":\"Vigneron-encaveur, artisan du vin\",\"publisher\":{\"@id\":\"https:\\\/\\\/cavecaloz.ch\\\/en\\\/#organization\"},\"potentialAction\":[{\"@type\":\"SearchAction\",\"target\":{\"@type\":\"EntryPoint\",\"urlTemplate\":\"https:\\\/\\\/cavecaloz.ch\\\/en\\\/?s={search_term_string}\"},\"query-input\":{\"@type\":\"PropertyValueSpecification\",\"valueRequired\":true,\"valueName\":\"search_term_string\"}}],\"inLanguage\":\"en-US\"},{\"@type\":\"Organization\",\"@id\":\"https:\\\/\\\/cavecaloz.ch\\\/en\\\/#organization\",\"name\":\"Cave Caloz | Vigneron-encaveur, artisan du vin\",\"url\":\"https:\\\/\\\/cavecaloz.ch\\\/en\\\/\",\"logo\":{\"@type\":\"ImageObject\",\"inLanguage\":\"en-US\",\"@id\":\"https:\\\/\\\/cavecaloz.ch\\\/en\\\/#\\\/schema\\\/logo\\\/image\\\/\",\"url\":\"https:\\\/\\\/cavecaloz.ch\\\/wp-content\\\/uploads\\\/2020\\\/06\\\/Cave_Caloz_mouton_rgb_rose.jpg\",\"contentUrl\":\"https:\\\/\\\/cavecaloz.ch\\\/wp-content\\\/uploads\\\/2020\\\/06\\\/Cave_Caloz_mouton_rgb_rose.jpg\",\"width\":1890,\"height\":1890,\"caption\":\"Cave Caloz | Vigneron-encaveur, artisan du vin\"},\"image\":{\"@id\":\"https:\\\/\\\/cavecaloz.ch\\\/en\\\/#\\\/schema\\\/logo\\\/image\\\/\"}}]}<\/script>\n<!-- \/ Yoast SEO plugin. -->","yoast_head_json":{"title":"Chardonnay Barrique","robots":{"index":"index","follow":"follow","max-snippet":"max-snippet:-1","max-image-preview":"max-image-preview:large","max-video-preview":"max-video-preview:-1"},"canonical":"https:\/\/cavecaloz.ch\/en\/produit\/chardonnay\/","og_locale":"en_US","og_type":"article","og_title":"Chardonnay Barrique","og_description":"Notre Chardonnay exprime au nez des notes de fleurs blanches, de noisettes et une grande min\u00e9ralit\u00e9. Des notes subtiles de poire se m\u00ealent \u00e9galement \u00e0 ce parfum. En bouche la structure du vin est robuste et l\u2019\u00e9levage peu marqu\u00e9. Une belle \u00e9l\u00e9gance et une persistance en fin de bouche sur la structure tonique de ce grand c\u00e9page. La tension de notre Chardonnay vient de son terroir calcaire expos\u00e9 au nord d\u2019une colline de Mi\u00e8ge.","og_url":"https:\/\/cavecaloz.ch\/en\/produit\/chardonnay\/","og_site_name":"Cavecaloz","article_modified_time":"2025-10-01T14:49:39+00:00","og_image":[{"width":292,"height":854,"url":"https:\/\/cavecaloz.ch\/wp-content\/uploads\/2023\/11\/Bl_Chardonnay-Barrique-.png","type":"image\/png"}],"twitter_card":"summary_large_image","twitter_misc":{"Est. reading time":"1 minute"},"schema":{"@context":"https:\/\/schema.org","@graph":[{"@type":"WebPage","@id":"https:\/\/cavecaloz.ch\/en\/produit\/chardonnay\/","url":"https:\/\/cavecaloz.ch\/en\/produit\/chardonnay\/","name":"Chardonnay Barrique","isPartOf":{"@id":"https:\/\/cavecaloz.ch\/en\/#website"},"primaryImageOfPage":{"@id":"https:\/\/cavecaloz.ch\/en\/produit\/chardonnay\/#primaryimage"},"image":{"@id":"https:\/\/cavecaloz.ch\/en\/produit\/chardonnay\/#primaryimage"},"thumbnailUrl":"https:\/\/cavecaloz.ch\/wp-content\/uploads\/2023\/11\/Bl_Chardonnay-Barrique-.png","datePublished":"2015-08-11T21:00:29+00:00","dateModified":"2025-10-01T14:49:39+00:00","breadcrumb":{"@id":"https:\/\/cavecaloz.ch\/en\/produit\/chardonnay\/#breadcrumb"},"inLanguage":"en-US","potentialAction":[{"@type":"ReadAction","target":["https:\/\/cavecaloz.ch\/en\/produit\/chardonnay\/"]}]},{"@type":"ImageObject","inLanguage":"en-US","@id":"https:\/\/cavecaloz.ch\/en\/produit\/chardonnay\/#primaryimage","url":"https:\/\/cavecaloz.ch\/wp-content\/uploads\/2023\/11\/Bl_Chardonnay-Barrique-.png","contentUrl":"https:\/\/cavecaloz.ch\/wp-content\/uploads\/2023\/11\/Bl_Chardonnay-Barrique-.png","width":292,"height":854},{"@type":"BreadcrumbList","@id":"https:\/\/cavecaloz.ch\/en\/produit\/chardonnay\/#breadcrumb","itemListElement":[{"@type":"ListItem","position":1,"name":"Accueil","item":"https:\/\/cavecaloz.ch\/en\/"},{"@type":"ListItem","position":2,"name":"boutique","item":"https:\/\/cavecaloz.ch\/boutique\/"},{"@type":"ListItem","position":3,"name":"Chardonnay Barrique"}]},{"@type":"WebSite","@id":"https:\/\/cavecaloz.ch\/en\/#website","url":"https:\/\/cavecaloz.ch\/en\/","name":"Cavecaloz","description":"Vigneron-encaveur, artisan du vin","publisher":{"@id":"https:\/\/cavecaloz.ch\/en\/#organization"},"potentialAction":[{"@type":"SearchAction","target":{"@type":"EntryPoint","urlTemplate":"https:\/\/cavecaloz.ch\/en\/?s={search_term_string}"},"query-input":{"@type":"PropertyValueSpecification","valueRequired":true,"valueName":"search_term_string"}}],"inLanguage":"en-US"},{"@type":"Organization","@id":"https:\/\/cavecaloz.ch\/en\/#organization","name":"Cave Caloz | Vigneron-encaveur, artisan du vin","url":"https:\/\/cavecaloz.ch\/en\/","logo":{"@type":"ImageObject","inLanguage":"en-US","@id":"https:\/\/cavecaloz.ch\/en\/#\/schema\/logo\/image\/","url":"https:\/\/cavecaloz.ch\/wp-content\/uploads\/2020\/06\/Cave_Caloz_mouton_rgb_rose.jpg","contentUrl":"https:\/\/cavecaloz.ch\/wp-content\/uploads\/2020\/06\/Cave_Caloz_mouton_rgb_rose.jpg","width":1890,"height":1890,"caption":"Cave Caloz | Vigneron-encaveur, artisan du vin"},"image":{"@id":"https:\/\/cavecaloz.ch\/en\/#\/schema\/logo\/image\/"}}]}},"_links":{"self":[{"href":"https:\/\/cavecaloz.ch\/en\/wp-json\/wp\/v2\/product\/238","targetHints":{"allow":["GET"]}}],"collection":[{"href":"https:\/\/cavecaloz.ch\/en\/wp-json\/wp\/v2\/product"}],"about":[{"href":"https:\/\/cavecaloz.ch\/en\/wp-json\/wp\/v2\/types\/product"}],"wp:featuredmedia":[{"embeddable":true,"href":"https:\/\/cavecaloz.ch\/en\/wp-json\/wp\/v2\/media\/7895"}],"wp:attachment":[{"href":"https:\/\/cavecaloz.ch\/en\/wp-json\/wp\/v2\/media?parent=238"}],"wp:term":[{"taxonomy":"product_brand","embeddable":true,"href":"https:\/\/cavecaloz.ch\/en\/wp-json\/wp\/v2\/product_brand?post=238"},{"taxonomy":"product_cat","embeddable":true,"href":"https:\/\/cavecaloz.ch\/en\/wp-json\/wp\/v2\/product_cat?post=238"},{"taxonomy":"product_tag","embeddable":true,"href":"https:\/\/cavecaloz.ch\/en\/wp-json\/wp\/v2\/product_tag?post=238"}],"curies":[{"name":"wp","href":"https:\/\/api.w.org\/{rel}","templated":true}]}}