{"id":240,"date":"2015-08-11T21:53:39","date_gmt":"2015-08-11T21:53:39","guid":{"rendered":"http:\/\/savoy.nordicmade.com\/product\/havana-sunglasses\/"},"modified":"2025-04-24T08:31:53","modified_gmt":"2025-04-24T08:31:53","slug":"cabernet-franc-mute","status":"publish","type":"product","link":"https:\/\/cavecaloz.ch\/en\/produit\/cabernet-franc-mute\/","title":{"rendered":"Pinot Noir mut\u00e9 Barrique"},"content":{"rendered":"","protected":false},"excerpt":{"rendered":"<p>Nous vinifions \u00e9galement un vin rouge mut\u00e9, \u00e0 la fa\u00e7on portugaise. Ce vin est \u00e9tonnant et marqu\u00e9 par des aromes d\u2019oranges confites, d\u2019\u00e9pices chaudes et de tabac. L\u2019\u00e9quilibre remarquable sucre-alcool le rend tr\u00e8s sapide. C\u2019est un cru int\u00e9ressant pour les sommeliers en qu\u00eate de vins originaux, car il permet des accords avec certains desserts ou certains fromages tout \u00e0 fait d\u00e9routant.<\/p>\n","protected":false},"featured_media":5177,"template":"","meta":[],"product_brand":[],"product_cat":[28],"product_tag":[240],"class_list":{"0":"post-240","1":"product","2":"type-product","3":"status-publish","4":"has-post-thumbnail","6":"product_cat-rouges","7":"product_tag-cabernet-franc-mute","9":"first","10":"instock","11":"shipping-taxable","12":"purchasable","13":"product-type-variable","14":"has-default-attributes"},"yoast_head":"<!-- This site is optimized with the Yoast SEO plugin v27.5 - https:\/\/yoast.com\/product\/yoast-seo-wordpress\/ -->\n<title>Pinot Noir mut\u00e9 Barrique - Cavecaloz<\/title>\n<meta name=\"robots\" content=\"index, follow, max-snippet:-1, max-image-preview:large, max-video-preview:-1\" \/>\n<link rel=\"canonical\" href=\"https:\/\/cavecaloz.ch\/en\/produit\/cabernet-franc-mute\/\" \/>\n<meta property=\"og:locale\" content=\"en_US\" \/>\n<meta property=\"og:type\" content=\"article\" \/>\n<meta property=\"og:title\" content=\"Pinot Noir mut\u00e9 Barrique - Cavecaloz\" \/>\n<meta property=\"og:description\" content=\"Nous vinifions \u00e9galement un vin rouge mut\u00e9, \u00e0 la fa\u00e7on portugaise. Ce vin est \u00e9tonnant et marqu\u00e9 par des aromes d\u2019oranges confites, d\u2019\u00e9pices chaudes et de tabac. L\u2019\u00e9quilibre remarquable sucre-alcool le rend tr\u00e8s sapide. C\u2019est un cru int\u00e9ressant pour les sommeliers en qu\u00eate de vins originaux, car il permet des accords avec certains desserts ou certains fromages tout \u00e0 fait d\u00e9routant.\" \/>\n<meta property=\"og:url\" content=\"https:\/\/cavecaloz.ch\/en\/produit\/cabernet-franc-mute\/\" \/>\n<meta property=\"og:site_name\" content=\"Cavecaloz\" \/>\n<meta property=\"article:modified_time\" content=\"2025-04-24T08:31:53+00:00\" \/>\n<meta property=\"og:image\" content=\"https:\/\/cavecaloz.ch\/wp-content\/uploads\/2015\/08\/Caloz_Cabernet-Franc-Mute\u0301-2018-2.png\" \/>\n\t<meta property=\"og:image:width\" content=\"281\" \/>\n\t<meta property=\"og:image:height\" content=\"810\" \/>\n\t<meta property=\"og:image:type\" content=\"image\/png\" \/>\n<meta name=\"twitter:card\" content=\"summary_large_image\" \/>\n<meta name=\"twitter:label1\" content=\"Est. reading time\" \/>\n\t<meta name=\"twitter:data1\" content=\"1 minute\" \/>\n<script type=\"application\/ld+json\" class=\"yoast-schema-graph\">{\"@context\":\"https:\\\/\\\/schema.org\",\"@graph\":[{\"@type\":\"WebPage\",\"@id\":\"https:\\\/\\\/cavecaloz.ch\\\/en\\\/produit\\\/cabernet-franc-mute\\\/\",\"url\":\"https:\\\/\\\/cavecaloz.ch\\\/en\\\/produit\\\/cabernet-franc-mute\\\/\",\"name\":\"Pinot Noir mut\u00e9 Barrique - Cavecaloz\",\"isPartOf\":{\"@id\":\"https:\\\/\\\/cavecaloz.ch\\\/en\\\/#website\"},\"primaryImageOfPage\":{\"@id\":\"https:\\\/\\\/cavecaloz.ch\\\/en\\\/produit\\\/cabernet-franc-mute\\\/#primaryimage\"},\"image\":{\"@id\":\"https:\\\/\\\/cavecaloz.ch\\\/en\\\/produit\\\/cabernet-franc-mute\\\/#primaryimage\"},\"thumbnailUrl\":\"https:\\\/\\\/cavecaloz.ch\\\/wp-content\\\/uploads\\\/2015\\\/08\\\/Caloz_Cabernet-Franc-Mute\u0301-2018-2.png\",\"datePublished\":\"2015-08-11T21:53:39+00:00\",\"dateModified\":\"2025-04-24T08:31:53+00:00\",\"breadcrumb\":{\"@id\":\"https:\\\/\\\/cavecaloz.ch\\\/en\\\/produit\\\/cabernet-franc-mute\\\/#breadcrumb\"},\"inLanguage\":\"en-US\",\"potentialAction\":[{\"@type\":\"ReadAction\",\"target\":[\"https:\\\/\\\/cavecaloz.ch\\\/en\\\/produit\\\/cabernet-franc-mute\\\/\"]}]},{\"@type\":\"ImageObject\",\"inLanguage\":\"en-US\",\"@id\":\"https:\\\/\\\/cavecaloz.ch\\\/en\\\/produit\\\/cabernet-franc-mute\\\/#primaryimage\",\"url\":\"https:\\\/\\\/cavecaloz.ch\\\/wp-content\\\/uploads\\\/2015\\\/08\\\/Caloz_Cabernet-Franc-Mute\u0301-2018-2.png\",\"contentUrl\":\"https:\\\/\\\/cavecaloz.ch\\\/wp-content\\\/uploads\\\/2015\\\/08\\\/Caloz_Cabernet-Franc-Mute\u0301-2018-2.png\",\"width\":281,\"height\":810,\"caption\":\"Cabernet franc mute\"},{\"@type\":\"BreadcrumbList\",\"@id\":\"https:\\\/\\\/cavecaloz.ch\\\/en\\\/produit\\\/cabernet-franc-mute\\\/#breadcrumb\",\"itemListElement\":[{\"@type\":\"ListItem\",\"position\":1,\"name\":\"Accueil\",\"item\":\"https:\\\/\\\/cavecaloz.ch\\\/en\\\/\"},{\"@type\":\"ListItem\",\"position\":2,\"name\":\"boutique\",\"item\":\"https:\\\/\\\/cavecaloz.ch\\\/boutique\\\/\"},{\"@type\":\"ListItem\",\"position\":3,\"name\":\"Pinot Noir mut\u00e9 Barrique\"}]},{\"@type\":\"WebSite\",\"@id\":\"https:\\\/\\\/cavecaloz.ch\\\/en\\\/#website\",\"url\":\"https:\\\/\\\/cavecaloz.ch\\\/en\\\/\",\"name\":\"Cavecaloz\",\"description\":\"Vigneron-encaveur, artisan du vin\",\"publisher\":{\"@id\":\"https:\\\/\\\/cavecaloz.ch\\\/en\\\/#organization\"},\"potentialAction\":[{\"@type\":\"SearchAction\",\"target\":{\"@type\":\"EntryPoint\",\"urlTemplate\":\"https:\\\/\\\/cavecaloz.ch\\\/en\\\/?s={search_term_string}\"},\"query-input\":{\"@type\":\"PropertyValueSpecification\",\"valueRequired\":true,\"valueName\":\"search_term_string\"}}],\"inLanguage\":\"en-US\"},{\"@type\":\"Organization\",\"@id\":\"https:\\\/\\\/cavecaloz.ch\\\/en\\\/#organization\",\"name\":\"Cave Caloz | Vigneron-encaveur, artisan du vin\",\"url\":\"https:\\\/\\\/cavecaloz.ch\\\/en\\\/\",\"logo\":{\"@type\":\"ImageObject\",\"inLanguage\":\"en-US\",\"@id\":\"https:\\\/\\\/cavecaloz.ch\\\/en\\\/#\\\/schema\\\/logo\\\/image\\\/\",\"url\":\"https:\\\/\\\/cavecaloz.ch\\\/wp-content\\\/uploads\\\/2020\\\/06\\\/Cave_Caloz_mouton_rgb_rose.jpg\",\"contentUrl\":\"https:\\\/\\\/cavecaloz.ch\\\/wp-content\\\/uploads\\\/2020\\\/06\\\/Cave_Caloz_mouton_rgb_rose.jpg\",\"width\":1890,\"height\":1890,\"caption\":\"Cave Caloz | Vigneron-encaveur, artisan du vin\"},\"image\":{\"@id\":\"https:\\\/\\\/cavecaloz.ch\\\/en\\\/#\\\/schema\\\/logo\\\/image\\\/\"}}]}<\/script>\n<!-- \/ Yoast SEO plugin. -->","yoast_head_json":{"title":"Pinot Noir mut\u00e9 Barrique - Cavecaloz","robots":{"index":"index","follow":"follow","max-snippet":"max-snippet:-1","max-image-preview":"max-image-preview:large","max-video-preview":"max-video-preview:-1"},"canonical":"https:\/\/cavecaloz.ch\/en\/produit\/cabernet-franc-mute\/","og_locale":"en_US","og_type":"article","og_title":"Pinot Noir mut\u00e9 Barrique - Cavecaloz","og_description":"Nous vinifions \u00e9galement un vin rouge mut\u00e9, \u00e0 la fa\u00e7on portugaise. Ce vin est \u00e9tonnant et marqu\u00e9 par des aromes d\u2019oranges confites, d\u2019\u00e9pices chaudes et de tabac. L\u2019\u00e9quilibre remarquable sucre-alcool le rend tr\u00e8s sapide. C\u2019est un cru int\u00e9ressant pour les sommeliers en qu\u00eate de vins originaux, car il permet des accords avec certains desserts ou certains fromages tout \u00e0 fait d\u00e9routant.","og_url":"https:\/\/cavecaloz.ch\/en\/produit\/cabernet-franc-mute\/","og_site_name":"Cavecaloz","article_modified_time":"2025-04-24T08:31:53+00:00","og_image":[{"width":281,"height":810,"url":"https:\/\/cavecaloz.ch\/wp-content\/uploads\/2015\/08\/Caloz_Cabernet-Franc-Mute\u0301-2018-2.png","type":"image\/png"}],"twitter_card":"summary_large_image","twitter_misc":{"Est. reading time":"1 minute"},"schema":{"@context":"https:\/\/schema.org","@graph":[{"@type":"WebPage","@id":"https:\/\/cavecaloz.ch\/en\/produit\/cabernet-franc-mute\/","url":"https:\/\/cavecaloz.ch\/en\/produit\/cabernet-franc-mute\/","name":"Pinot Noir mut\u00e9 Barrique - Cavecaloz","isPartOf":{"@id":"https:\/\/cavecaloz.ch\/en\/#website"},"primaryImageOfPage":{"@id":"https:\/\/cavecaloz.ch\/en\/produit\/cabernet-franc-mute\/#primaryimage"},"image":{"@id":"https:\/\/cavecaloz.ch\/en\/produit\/cabernet-franc-mute\/#primaryimage"},"thumbnailUrl":"https:\/\/cavecaloz.ch\/wp-content\/uploads\/2015\/08\/Caloz_Cabernet-Franc-Mute\u0301-2018-2.png","datePublished":"2015-08-11T21:53:39+00:00","dateModified":"2025-04-24T08:31:53+00:00","breadcrumb":{"@id":"https:\/\/cavecaloz.ch\/en\/produit\/cabernet-franc-mute\/#breadcrumb"},"inLanguage":"en-US","potentialAction":[{"@type":"ReadAction","target":["https:\/\/cavecaloz.ch\/en\/produit\/cabernet-franc-mute\/"]}]},{"@type":"ImageObject","inLanguage":"en-US","@id":"https:\/\/cavecaloz.ch\/en\/produit\/cabernet-franc-mute\/#primaryimage","url":"https:\/\/cavecaloz.ch\/wp-content\/uploads\/2015\/08\/Caloz_Cabernet-Franc-Mute\u0301-2018-2.png","contentUrl":"https:\/\/cavecaloz.ch\/wp-content\/uploads\/2015\/08\/Caloz_Cabernet-Franc-Mute\u0301-2018-2.png","width":281,"height":810,"caption":"Cabernet franc mute"},{"@type":"BreadcrumbList","@id":"https:\/\/cavecaloz.ch\/en\/produit\/cabernet-franc-mute\/#breadcrumb","itemListElement":[{"@type":"ListItem","position":1,"name":"Accueil","item":"https:\/\/cavecaloz.ch\/en\/"},{"@type":"ListItem","position":2,"name":"boutique","item":"https:\/\/cavecaloz.ch\/boutique\/"},{"@type":"ListItem","position":3,"name":"Pinot Noir mut\u00e9 Barrique"}]},{"@type":"WebSite","@id":"https:\/\/cavecaloz.ch\/en\/#website","url":"https:\/\/cavecaloz.ch\/en\/","name":"Cavecaloz","description":"Vigneron-encaveur, artisan du vin","publisher":{"@id":"https:\/\/cavecaloz.ch\/en\/#organization"},"potentialAction":[{"@type":"SearchAction","target":{"@type":"EntryPoint","urlTemplate":"https:\/\/cavecaloz.ch\/en\/?s={search_term_string}"},"query-input":{"@type":"PropertyValueSpecification","valueRequired":true,"valueName":"search_term_string"}}],"inLanguage":"en-US"},{"@type":"Organization","@id":"https:\/\/cavecaloz.ch\/en\/#organization","name":"Cave Caloz | Vigneron-encaveur, artisan du vin","url":"https:\/\/cavecaloz.ch\/en\/","logo":{"@type":"ImageObject","inLanguage":"en-US","@id":"https:\/\/cavecaloz.ch\/en\/#\/schema\/logo\/image\/","url":"https:\/\/cavecaloz.ch\/wp-content\/uploads\/2020\/06\/Cave_Caloz_mouton_rgb_rose.jpg","contentUrl":"https:\/\/cavecaloz.ch\/wp-content\/uploads\/2020\/06\/Cave_Caloz_mouton_rgb_rose.jpg","width":1890,"height":1890,"caption":"Cave Caloz | Vigneron-encaveur, artisan du vin"},"image":{"@id":"https:\/\/cavecaloz.ch\/en\/#\/schema\/logo\/image\/"}}]}},"_links":{"self":[{"href":"https:\/\/cavecaloz.ch\/en\/wp-json\/wp\/v2\/product\/240","targetHints":{"allow":["GET"]}}],"collection":[{"href":"https:\/\/cavecaloz.ch\/en\/wp-json\/wp\/v2\/product"}],"about":[{"href":"https:\/\/cavecaloz.ch\/en\/wp-json\/wp\/v2\/types\/product"}],"wp:featuredmedia":[{"embeddable":true,"href":"https:\/\/cavecaloz.ch\/en\/wp-json\/wp\/v2\/media\/5177"}],"wp:attachment":[{"href":"https:\/\/cavecaloz.ch\/en\/wp-json\/wp\/v2\/media?parent=240"}],"wp:term":[{"taxonomy":"product_brand","embeddable":true,"href":"https:\/\/cavecaloz.ch\/en\/wp-json\/wp\/v2\/product_brand?post=240"},{"taxonomy":"product_cat","embeddable":true,"href":"https:\/\/cavecaloz.ch\/en\/wp-json\/wp\/v2\/product_cat?post=240"},{"taxonomy":"product_tag","embeddable":true,"href":"https:\/\/cavecaloz.ch\/en\/wp-json\/wp\/v2\/product_tag?post=240"}],"curies":[{"name":"wp","href":"https:\/\/api.w.org\/{rel}","templated":true}]}}