{"id":241,"date":"2015-08-11T21:55:15","date_gmt":"2015-08-11T21:55:15","guid":{"rendered":"http:\/\/savoy.nordicmade.com\/product\/amber-body-lotion\/"},"modified":"2026-03-23T21:10:27","modified_gmt":"2026-03-23T21:10:27","slug":"pinot-gris","status":"publish","type":"product","link":"https:\/\/cavecaloz.ch\/en\/produit\/pinot-gris\/","title":{"rendered":"Pinot Gris"},"content":{"rendered":"","protected":false},"excerpt":{"rendered":"<p>La cuv\u00e9e Olivia est un vin d\u2019une belle complexit\u00e9 au nez, o\u00f9 se m\u00ealent des notes de poivre blanc, d\u2019abricots, de mousse et de miel. En bouche, il pr\u00e9sente beaucoup d\u2019\u00e9toffe, une belle structure et un touch\u00e9 de bouche large marqu\u00e9 par une belle vivacit\u00e9. Nos plus hauts parchets de Pinot Gris avoisinent les 800 m\u00e8tres d\u2019altitude, c\u2019est donc un cru \u00ab alpin \u00bb tout en fra\u00eecheur et en d\u00e9licatesse.<\/p>\n","protected":false},"featured_media":2144,"template":"","meta":[],"product_brand":[],"product_cat":[20],"product_tag":[89,88,87],"class_list":{"0":"post-241","1":"product","2":"type-product","3":"status-publish","4":"has-post-thumbnail","6":"product_cat-blancs","7":"product_tag-moelleux","8":"product_tag-pinot-gris","9":"product_tag-poissons","11":"first","12":"instock","13":"shipping-taxable","14":"purchasable","15":"product-type-variable","16":"has-default-attributes"},"yoast_head":"<!-- This site is optimized with the Yoast SEO plugin v27.2 - https:\/\/yoast.com\/product\/yoast-seo-wordpress\/ -->\n<title>Pinot Gris - Cavecaloz<\/title>\n<meta name=\"robots\" content=\"index, follow, max-snippet:-1, max-image-preview:large, max-video-preview:-1\" \/>\n<link rel=\"canonical\" href=\"https:\/\/cavecaloz.ch\/en\/produit\/pinot-gris\/\" \/>\n<meta property=\"og:locale\" content=\"en_US\" \/>\n<meta property=\"og:type\" content=\"article\" \/>\n<meta property=\"og:title\" content=\"Pinot Gris - Cavecaloz\" \/>\n<meta property=\"og:description\" content=\"La cuv\u00e9e Olivia est un vin d\u2019une belle complexit\u00e9 au nez, o\u00f9 se m\u00ealent des notes de poivre blanc, d\u2019abricots, de mousse et de miel. En bouche, il pr\u00e9sente beaucoup d\u2019\u00e9toffe, une belle structure et un touch\u00e9 de bouche large marqu\u00e9 par une belle vivacit\u00e9. Nos plus hauts parchets de Pinot Gris avoisinent les 800 m\u00e8tres d\u2019altitude, c\u2019est donc un cru \u00ab alpin \u00bb tout en fra\u00eecheur et en d\u00e9licatesse.\" \/>\n<meta property=\"og:url\" content=\"https:\/\/cavecaloz.ch\/en\/produit\/pinot-gris\/\" \/>\n<meta property=\"og:site_name\" content=\"Cavecaloz\" \/>\n<meta property=\"article:modified_time\" content=\"2026-03-23T21:10:27+00:00\" \/>\n<meta property=\"og:image\" content=\"https:\/\/cavecaloz.ch\/wp-content\/uploads\/2015\/08\/Bl_PinotGris_CuveeOlivia-3.png\" \/>\n\t<meta property=\"og:image:width\" content=\"301\" \/>\n\t<meta property=\"og:image:height\" content=\"810\" \/>\n\t<meta property=\"og:image:type\" content=\"image\/png\" \/>\n<meta name=\"twitter:card\" content=\"summary_large_image\" \/>\n<meta name=\"twitter:label1\" content=\"Est. reading time\" \/>\n\t<meta name=\"twitter:data1\" content=\"1 minute\" \/>\n<script type=\"application\/ld+json\" class=\"yoast-schema-graph\">{\"@context\":\"https:\/\/schema.org\",\"@graph\":[{\"@type\":\"WebPage\",\"@id\":\"https:\/\/cavecaloz.ch\/en\/produit\/pinot-gris\/\",\"url\":\"https:\/\/cavecaloz.ch\/en\/produit\/pinot-gris\/\",\"name\":\"Pinot Gris - Cavecaloz\",\"isPartOf\":{\"@id\":\"https:\/\/cavecaloz.ch\/en\/#website\"},\"primaryImageOfPage\":{\"@id\":\"https:\/\/cavecaloz.ch\/en\/produit\/pinot-gris\/#primaryimage\"},\"image\":{\"@id\":\"https:\/\/cavecaloz.ch\/en\/produit\/pinot-gris\/#primaryimage\"},\"thumbnailUrl\":\"https:\/\/cavecaloz.ch\/wp-content\/uploads\/2015\/08\/Bl_PinotGris_CuveeOlivia-3.png\",\"datePublished\":\"2015-08-11T21:55:15+00:00\",\"dateModified\":\"2026-03-23T21:10:27+00:00\",\"breadcrumb\":{\"@id\":\"https:\/\/cavecaloz.ch\/en\/produit\/pinot-gris\/#breadcrumb\"},\"inLanguage\":\"en-US\",\"potentialAction\":[{\"@type\":\"ReadAction\",\"target\":[\"https:\/\/cavecaloz.ch\/en\/produit\/pinot-gris\/\"]}]},{\"@type\":\"ImageObject\",\"inLanguage\":\"en-US\",\"@id\":\"https:\/\/cavecaloz.ch\/en\/produit\/pinot-gris\/#primaryimage\",\"url\":\"https:\/\/cavecaloz.ch\/wp-content\/uploads\/2015\/08\/Bl_PinotGris_CuveeOlivia-3.png\",\"contentUrl\":\"https:\/\/cavecaloz.ch\/wp-content\/uploads\/2015\/08\/Bl_PinotGris_CuveeOlivia-3.png\",\"width\":301,\"height\":810},{\"@type\":\"BreadcrumbList\",\"@id\":\"https:\/\/cavecaloz.ch\/en\/produit\/pinot-gris\/#breadcrumb\",\"itemListElement\":[{\"@type\":\"ListItem\",\"position\":1,\"name\":\"Accueil\",\"item\":\"https:\/\/cavecaloz.ch\/en\/\"},{\"@type\":\"ListItem\",\"position\":2,\"name\":\"boutique\",\"item\":\"https:\/\/cavecaloz.ch\/boutique\/\"},{\"@type\":\"ListItem\",\"position\":3,\"name\":\"Pinot Gris\"}]},{\"@type\":\"WebSite\",\"@id\":\"https:\/\/cavecaloz.ch\/en\/#website\",\"url\":\"https:\/\/cavecaloz.ch\/en\/\",\"name\":\"Cavecaloz\",\"description\":\"Vigneron-encaveur, artisan du vin\",\"publisher\":{\"@id\":\"https:\/\/cavecaloz.ch\/en\/#organization\"},\"potentialAction\":[{\"@type\":\"SearchAction\",\"target\":{\"@type\":\"EntryPoint\",\"urlTemplate\":\"https:\/\/cavecaloz.ch\/en\/?s={search_term_string}\"},\"query-input\":{\"@type\":\"PropertyValueSpecification\",\"valueRequired\":true,\"valueName\":\"search_term_string\"}}],\"inLanguage\":\"en-US\"},{\"@type\":\"Organization\",\"@id\":\"https:\/\/cavecaloz.ch\/en\/#organization\",\"name\":\"Cave Caloz | Vigneron-encaveur, artisan du vin\",\"url\":\"https:\/\/cavecaloz.ch\/en\/\",\"logo\":{\"@type\":\"ImageObject\",\"inLanguage\":\"en-US\",\"@id\":\"https:\/\/cavecaloz.ch\/en\/#\/schema\/logo\/image\/\",\"url\":\"https:\/\/cavecaloz.ch\/wp-content\/uploads\/2020\/06\/Cave_Caloz_mouton_rgb_rose.jpg\",\"contentUrl\":\"https:\/\/cavecaloz.ch\/wp-content\/uploads\/2020\/06\/Cave_Caloz_mouton_rgb_rose.jpg\",\"width\":1890,\"height\":1890,\"caption\":\"Cave Caloz | Vigneron-encaveur, artisan du vin\"},\"image\":{\"@id\":\"https:\/\/cavecaloz.ch\/en\/#\/schema\/logo\/image\/\"}}]}<\/script>\n<!-- \/ Yoast SEO plugin. -->","yoast_head_json":{"title":"Pinot Gris - Cavecaloz","robots":{"index":"index","follow":"follow","max-snippet":"max-snippet:-1","max-image-preview":"max-image-preview:large","max-video-preview":"max-video-preview:-1"},"canonical":"https:\/\/cavecaloz.ch\/en\/produit\/pinot-gris\/","og_locale":"en_US","og_type":"article","og_title":"Pinot Gris - Cavecaloz","og_description":"La cuv\u00e9e Olivia est un vin d\u2019une belle complexit\u00e9 au nez, o\u00f9 se m\u00ealent des notes de poivre blanc, d\u2019abricots, de mousse et de miel. En bouche, il pr\u00e9sente beaucoup d\u2019\u00e9toffe, une belle structure et un touch\u00e9 de bouche large marqu\u00e9 par une belle vivacit\u00e9. Nos plus hauts parchets de Pinot Gris avoisinent les 800 m\u00e8tres d\u2019altitude, c\u2019est donc un cru \u00ab alpin \u00bb tout en fra\u00eecheur et en d\u00e9licatesse.","og_url":"https:\/\/cavecaloz.ch\/en\/produit\/pinot-gris\/","og_site_name":"Cavecaloz","article_modified_time":"2026-03-23T21:10:27+00:00","og_image":[{"width":301,"height":810,"url":"https:\/\/cavecaloz.ch\/wp-content\/uploads\/2015\/08\/Bl_PinotGris_CuveeOlivia-3.png","type":"image\/png"}],"twitter_card":"summary_large_image","twitter_misc":{"Est. reading time":"1 minute"},"schema":{"@context":"https:\/\/schema.org","@graph":[{"@type":"WebPage","@id":"https:\/\/cavecaloz.ch\/en\/produit\/pinot-gris\/","url":"https:\/\/cavecaloz.ch\/en\/produit\/pinot-gris\/","name":"Pinot Gris - Cavecaloz","isPartOf":{"@id":"https:\/\/cavecaloz.ch\/en\/#website"},"primaryImageOfPage":{"@id":"https:\/\/cavecaloz.ch\/en\/produit\/pinot-gris\/#primaryimage"},"image":{"@id":"https:\/\/cavecaloz.ch\/en\/produit\/pinot-gris\/#primaryimage"},"thumbnailUrl":"https:\/\/cavecaloz.ch\/wp-content\/uploads\/2015\/08\/Bl_PinotGris_CuveeOlivia-3.png","datePublished":"2015-08-11T21:55:15+00:00","dateModified":"2026-03-23T21:10:27+00:00","breadcrumb":{"@id":"https:\/\/cavecaloz.ch\/en\/produit\/pinot-gris\/#breadcrumb"},"inLanguage":"en-US","potentialAction":[{"@type":"ReadAction","target":["https:\/\/cavecaloz.ch\/en\/produit\/pinot-gris\/"]}]},{"@type":"ImageObject","inLanguage":"en-US","@id":"https:\/\/cavecaloz.ch\/en\/produit\/pinot-gris\/#primaryimage","url":"https:\/\/cavecaloz.ch\/wp-content\/uploads\/2015\/08\/Bl_PinotGris_CuveeOlivia-3.png","contentUrl":"https:\/\/cavecaloz.ch\/wp-content\/uploads\/2015\/08\/Bl_PinotGris_CuveeOlivia-3.png","width":301,"height":810},{"@type":"BreadcrumbList","@id":"https:\/\/cavecaloz.ch\/en\/produit\/pinot-gris\/#breadcrumb","itemListElement":[{"@type":"ListItem","position":1,"name":"Accueil","item":"https:\/\/cavecaloz.ch\/en\/"},{"@type":"ListItem","position":2,"name":"boutique","item":"https:\/\/cavecaloz.ch\/boutique\/"},{"@type":"ListItem","position":3,"name":"Pinot Gris"}]},{"@type":"WebSite","@id":"https:\/\/cavecaloz.ch\/en\/#website","url":"https:\/\/cavecaloz.ch\/en\/","name":"Cavecaloz","description":"Vigneron-encaveur, artisan du vin","publisher":{"@id":"https:\/\/cavecaloz.ch\/en\/#organization"},"potentialAction":[{"@type":"SearchAction","target":{"@type":"EntryPoint","urlTemplate":"https:\/\/cavecaloz.ch\/en\/?s={search_term_string}"},"query-input":{"@type":"PropertyValueSpecification","valueRequired":true,"valueName":"search_term_string"}}],"inLanguage":"en-US"},{"@type":"Organization","@id":"https:\/\/cavecaloz.ch\/en\/#organization","name":"Cave Caloz | Vigneron-encaveur, artisan du vin","url":"https:\/\/cavecaloz.ch\/en\/","logo":{"@type":"ImageObject","inLanguage":"en-US","@id":"https:\/\/cavecaloz.ch\/en\/#\/schema\/logo\/image\/","url":"https:\/\/cavecaloz.ch\/wp-content\/uploads\/2020\/06\/Cave_Caloz_mouton_rgb_rose.jpg","contentUrl":"https:\/\/cavecaloz.ch\/wp-content\/uploads\/2020\/06\/Cave_Caloz_mouton_rgb_rose.jpg","width":1890,"height":1890,"caption":"Cave Caloz | Vigneron-encaveur, artisan du vin"},"image":{"@id":"https:\/\/cavecaloz.ch\/en\/#\/schema\/logo\/image\/"}}]}},"_links":{"self":[{"href":"https:\/\/cavecaloz.ch\/en\/wp-json\/wp\/v2\/product\/241","targetHints":{"allow":["GET"]}}],"collection":[{"href":"https:\/\/cavecaloz.ch\/en\/wp-json\/wp\/v2\/product"}],"about":[{"href":"https:\/\/cavecaloz.ch\/en\/wp-json\/wp\/v2\/types\/product"}],"wp:featuredmedia":[{"embeddable":true,"href":"https:\/\/cavecaloz.ch\/en\/wp-json\/wp\/v2\/media\/2144"}],"wp:attachment":[{"href":"https:\/\/cavecaloz.ch\/en\/wp-json\/wp\/v2\/media?parent=241"}],"wp:term":[{"taxonomy":"product_brand","embeddable":true,"href":"https:\/\/cavecaloz.ch\/en\/wp-json\/wp\/v2\/product_brand?post=241"},{"taxonomy":"product_cat","embeddable":true,"href":"https:\/\/cavecaloz.ch\/en\/wp-json\/wp\/v2\/product_cat?post=241"},{"taxonomy":"product_tag","embeddable":true,"href":"https:\/\/cavecaloz.ch\/en\/wp-json\/wp\/v2\/product_tag?post=241"}],"curies":[{"name":"wp","href":"https:\/\/api.w.org\/{rel}","templated":true}]}}