{"id":244,"date":"2015-08-11T22:00:19","date_gmt":"2015-08-11T22:00:19","guid":{"rendered":"http:\/\/savoy.nordicmade.com\/product\/plain-glass-bottle\/"},"modified":"2025-10-01T14:48:11","modified_gmt":"2025-10-01T14:48:11","slug":"paien-heida","status":"publish","type":"product","link":"https:\/\/cavecaloz.ch\/en\/produit\/paien-heida\/","title":{"rendered":"Pa\u00efen \/ Heida"},"content":{"rendered":"","protected":false},"excerpt":{"rendered":"<p>Notre Pa\u00efen pr\u00e9sente des notes de fruits exotiques, et d\u2019acacia. Un nez qui se d\u00e9gage particuli\u00e8rement bien apr\u00e8s avoir pris un peu d\u2019air. Une bouche ronde intense et soyeuse, avec beaucoup de mati\u00e8re. Un vin puissant, rac\u00e9 et \u00e9l\u00e9gant d\u2019une tr\u00e8s longue persistance. Vin sec et tonique. Le terroir calcaire de la r\u00e9gion des Bernunes lui conf\u00e8re souvent des notes l\u00e9g\u00e8rement fum\u00e9es, bien que ce vin ne subisse aucun \u00e9levage sous bois.<\/p>\n","protected":false},"featured_media":7904,"template":"","meta":[],"product_brand":[],"product_cat":[20],"product_tag":[100,95,87,102,86],"class_list":{"0":"post-244","1":"product","2":"type-product","3":"status-publish","4":"has-post-thumbnail","6":"product_cat-blancs","7":"product_tag-paien","8":"product_tag-parker","9":"product_tag-poissons","10":"product_tag-savagnin-blanc","11":"product_tag-sec","13":"first","14":"instock","15":"shipping-taxable","16":"purchasable","17":"product-type-variable","18":"has-default-attributes"},"yoast_head":"<!-- This site is optimized with the Yoast SEO plugin v27.5 - https:\/\/yoast.com\/product\/yoast-seo-wordpress\/ -->\n<title>Pa\u00efen \/ Heida - Cavecaloz<\/title>\n<meta name=\"robots\" content=\"index, follow, max-snippet:-1, max-image-preview:large, max-video-preview:-1\" \/>\n<link rel=\"canonical\" href=\"https:\/\/cavecaloz.ch\/en\/produit\/paien-heida\/\" \/>\n<meta property=\"og:locale\" content=\"en_US\" \/>\n<meta property=\"og:type\" content=\"article\" \/>\n<meta property=\"og:title\" content=\"Pa\u00efen \/ Heida - Cavecaloz\" \/>\n<meta property=\"og:description\" content=\"Notre Pa\u00efen pr\u00e9sente des notes de fruits exotiques, et d\u2019acacia. Un nez qui se d\u00e9gage particuli\u00e8rement bien apr\u00e8s avoir pris un peu d\u2019air. Une bouche ronde intense et soyeuse, avec beaucoup de mati\u00e8re. Un vin puissant, rac\u00e9 et \u00e9l\u00e9gant d\u2019une tr\u00e8s longue persistance. Vin sec et tonique. Le terroir calcaire de la r\u00e9gion des Bernunes lui conf\u00e8re souvent des notes l\u00e9g\u00e8rement fum\u00e9es, bien que ce vin ne subisse aucun \u00e9levage sous bois.\" \/>\n<meta property=\"og:url\" content=\"https:\/\/cavecaloz.ch\/en\/produit\/paien-heida\/\" \/>\n<meta property=\"og:site_name\" content=\"Cavecaloz\" \/>\n<meta property=\"article:modified_time\" content=\"2025-10-01T14:48:11+00:00\" \/>\n<meta property=\"og:image\" content=\"https:\/\/cavecaloz.ch\/wp-content\/uploads\/2023\/11\/Bl_Paien_Heidatif.png\" \/>\n\t<meta property=\"og:image:width\" content=\"292\" \/>\n\t<meta property=\"og:image:height\" content=\"797\" \/>\n\t<meta property=\"og:image:type\" content=\"image\/png\" \/>\n<meta name=\"twitter:card\" content=\"summary_large_image\" \/>\n<meta name=\"twitter:label1\" content=\"Est. reading time\" \/>\n\t<meta name=\"twitter:data1\" content=\"1 minute\" \/>\n<script type=\"application\/ld+json\" class=\"yoast-schema-graph\">{\"@context\":\"https:\\\/\\\/schema.org\",\"@graph\":[{\"@type\":\"WebPage\",\"@id\":\"https:\\\/\\\/cavecaloz.ch\\\/en\\\/produit\\\/paien-heida\\\/\",\"url\":\"https:\\\/\\\/cavecaloz.ch\\\/en\\\/produit\\\/paien-heida\\\/\",\"name\":\"Pa\u00efen \\\/ Heida - Cavecaloz\",\"isPartOf\":{\"@id\":\"https:\\\/\\\/cavecaloz.ch\\\/en\\\/#website\"},\"primaryImageOfPage\":{\"@id\":\"https:\\\/\\\/cavecaloz.ch\\\/en\\\/produit\\\/paien-heida\\\/#primaryimage\"},\"image\":{\"@id\":\"https:\\\/\\\/cavecaloz.ch\\\/en\\\/produit\\\/paien-heida\\\/#primaryimage\"},\"thumbnailUrl\":\"https:\\\/\\\/cavecaloz.ch\\\/wp-content\\\/uploads\\\/2023\\\/11\\\/Bl_Paien_Heidatif.png\",\"datePublished\":\"2015-08-11T22:00:19+00:00\",\"dateModified\":\"2025-10-01T14:48:11+00:00\",\"breadcrumb\":{\"@id\":\"https:\\\/\\\/cavecaloz.ch\\\/en\\\/produit\\\/paien-heida\\\/#breadcrumb\"},\"inLanguage\":\"en-US\",\"potentialAction\":[{\"@type\":\"ReadAction\",\"target\":[\"https:\\\/\\\/cavecaloz.ch\\\/en\\\/produit\\\/paien-heida\\\/\"]}]},{\"@type\":\"ImageObject\",\"inLanguage\":\"en-US\",\"@id\":\"https:\\\/\\\/cavecaloz.ch\\\/en\\\/produit\\\/paien-heida\\\/#primaryimage\",\"url\":\"https:\\\/\\\/cavecaloz.ch\\\/wp-content\\\/uploads\\\/2023\\\/11\\\/Bl_Paien_Heidatif.png\",\"contentUrl\":\"https:\\\/\\\/cavecaloz.ch\\\/wp-content\\\/uploads\\\/2023\\\/11\\\/Bl_Paien_Heidatif.png\",\"width\":292,\"height\":797},{\"@type\":\"BreadcrumbList\",\"@id\":\"https:\\\/\\\/cavecaloz.ch\\\/en\\\/produit\\\/paien-heida\\\/#breadcrumb\",\"itemListElement\":[{\"@type\":\"ListItem\",\"position\":1,\"name\":\"Accueil\",\"item\":\"https:\\\/\\\/cavecaloz.ch\\\/en\\\/\"},{\"@type\":\"ListItem\",\"position\":2,\"name\":\"boutique\",\"item\":\"https:\\\/\\\/cavecaloz.ch\\\/boutique\\\/\"},{\"@type\":\"ListItem\",\"position\":3,\"name\":\"Pa\u00efen \\\/ Heida\"}]},{\"@type\":\"WebSite\",\"@id\":\"https:\\\/\\\/cavecaloz.ch\\\/en\\\/#website\",\"url\":\"https:\\\/\\\/cavecaloz.ch\\\/en\\\/\",\"name\":\"Cavecaloz\",\"description\":\"Vigneron-encaveur, artisan du vin\",\"publisher\":{\"@id\":\"https:\\\/\\\/cavecaloz.ch\\\/en\\\/#organization\"},\"potentialAction\":[{\"@type\":\"SearchAction\",\"target\":{\"@type\":\"EntryPoint\",\"urlTemplate\":\"https:\\\/\\\/cavecaloz.ch\\\/en\\\/?s={search_term_string}\"},\"query-input\":{\"@type\":\"PropertyValueSpecification\",\"valueRequired\":true,\"valueName\":\"search_term_string\"}}],\"inLanguage\":\"en-US\"},{\"@type\":\"Organization\",\"@id\":\"https:\\\/\\\/cavecaloz.ch\\\/en\\\/#organization\",\"name\":\"Cave Caloz | Vigneron-encaveur, artisan du vin\",\"url\":\"https:\\\/\\\/cavecaloz.ch\\\/en\\\/\",\"logo\":{\"@type\":\"ImageObject\",\"inLanguage\":\"en-US\",\"@id\":\"https:\\\/\\\/cavecaloz.ch\\\/en\\\/#\\\/schema\\\/logo\\\/image\\\/\",\"url\":\"https:\\\/\\\/cavecaloz.ch\\\/wp-content\\\/uploads\\\/2020\\\/06\\\/Cave_Caloz_mouton_rgb_rose.jpg\",\"contentUrl\":\"https:\\\/\\\/cavecaloz.ch\\\/wp-content\\\/uploads\\\/2020\\\/06\\\/Cave_Caloz_mouton_rgb_rose.jpg\",\"width\":1890,\"height\":1890,\"caption\":\"Cave Caloz | Vigneron-encaveur, artisan du vin\"},\"image\":{\"@id\":\"https:\\\/\\\/cavecaloz.ch\\\/en\\\/#\\\/schema\\\/logo\\\/image\\\/\"}}]}<\/script>\n<!-- \/ Yoast SEO plugin. -->","yoast_head_json":{"title":"Pa\u00efen \/ Heida - Cavecaloz","robots":{"index":"index","follow":"follow","max-snippet":"max-snippet:-1","max-image-preview":"max-image-preview:large","max-video-preview":"max-video-preview:-1"},"canonical":"https:\/\/cavecaloz.ch\/en\/produit\/paien-heida\/","og_locale":"en_US","og_type":"article","og_title":"Pa\u00efen \/ Heida - Cavecaloz","og_description":"Notre Pa\u00efen pr\u00e9sente des notes de fruits exotiques, et d\u2019acacia. Un nez qui se d\u00e9gage particuli\u00e8rement bien apr\u00e8s avoir pris un peu d\u2019air. Une bouche ronde intense et soyeuse, avec beaucoup de mati\u00e8re. Un vin puissant, rac\u00e9 et \u00e9l\u00e9gant d\u2019une tr\u00e8s longue persistance. Vin sec et tonique. Le terroir calcaire de la r\u00e9gion des Bernunes lui conf\u00e8re souvent des notes l\u00e9g\u00e8rement fum\u00e9es, bien que ce vin ne subisse aucun \u00e9levage sous bois.","og_url":"https:\/\/cavecaloz.ch\/en\/produit\/paien-heida\/","og_site_name":"Cavecaloz","article_modified_time":"2025-10-01T14:48:11+00:00","og_image":[{"width":292,"height":797,"url":"https:\/\/cavecaloz.ch\/wp-content\/uploads\/2023\/11\/Bl_Paien_Heidatif.png","type":"image\/png"}],"twitter_card":"summary_large_image","twitter_misc":{"Est. reading time":"1 minute"},"schema":{"@context":"https:\/\/schema.org","@graph":[{"@type":"WebPage","@id":"https:\/\/cavecaloz.ch\/en\/produit\/paien-heida\/","url":"https:\/\/cavecaloz.ch\/en\/produit\/paien-heida\/","name":"Pa\u00efen \/ Heida - Cavecaloz","isPartOf":{"@id":"https:\/\/cavecaloz.ch\/en\/#website"},"primaryImageOfPage":{"@id":"https:\/\/cavecaloz.ch\/en\/produit\/paien-heida\/#primaryimage"},"image":{"@id":"https:\/\/cavecaloz.ch\/en\/produit\/paien-heida\/#primaryimage"},"thumbnailUrl":"https:\/\/cavecaloz.ch\/wp-content\/uploads\/2023\/11\/Bl_Paien_Heidatif.png","datePublished":"2015-08-11T22:00:19+00:00","dateModified":"2025-10-01T14:48:11+00:00","breadcrumb":{"@id":"https:\/\/cavecaloz.ch\/en\/produit\/paien-heida\/#breadcrumb"},"inLanguage":"en-US","potentialAction":[{"@type":"ReadAction","target":["https:\/\/cavecaloz.ch\/en\/produit\/paien-heida\/"]}]},{"@type":"ImageObject","inLanguage":"en-US","@id":"https:\/\/cavecaloz.ch\/en\/produit\/paien-heida\/#primaryimage","url":"https:\/\/cavecaloz.ch\/wp-content\/uploads\/2023\/11\/Bl_Paien_Heidatif.png","contentUrl":"https:\/\/cavecaloz.ch\/wp-content\/uploads\/2023\/11\/Bl_Paien_Heidatif.png","width":292,"height":797},{"@type":"BreadcrumbList","@id":"https:\/\/cavecaloz.ch\/en\/produit\/paien-heida\/#breadcrumb","itemListElement":[{"@type":"ListItem","position":1,"name":"Accueil","item":"https:\/\/cavecaloz.ch\/en\/"},{"@type":"ListItem","position":2,"name":"boutique","item":"https:\/\/cavecaloz.ch\/boutique\/"},{"@type":"ListItem","position":3,"name":"Pa\u00efen \/ Heida"}]},{"@type":"WebSite","@id":"https:\/\/cavecaloz.ch\/en\/#website","url":"https:\/\/cavecaloz.ch\/en\/","name":"Cavecaloz","description":"Vigneron-encaveur, artisan du vin","publisher":{"@id":"https:\/\/cavecaloz.ch\/en\/#organization"},"potentialAction":[{"@type":"SearchAction","target":{"@type":"EntryPoint","urlTemplate":"https:\/\/cavecaloz.ch\/en\/?s={search_term_string}"},"query-input":{"@type":"PropertyValueSpecification","valueRequired":true,"valueName":"search_term_string"}}],"inLanguage":"en-US"},{"@type":"Organization","@id":"https:\/\/cavecaloz.ch\/en\/#organization","name":"Cave Caloz | Vigneron-encaveur, artisan du vin","url":"https:\/\/cavecaloz.ch\/en\/","logo":{"@type":"ImageObject","inLanguage":"en-US","@id":"https:\/\/cavecaloz.ch\/en\/#\/schema\/logo\/image\/","url":"https:\/\/cavecaloz.ch\/wp-content\/uploads\/2020\/06\/Cave_Caloz_mouton_rgb_rose.jpg","contentUrl":"https:\/\/cavecaloz.ch\/wp-content\/uploads\/2020\/06\/Cave_Caloz_mouton_rgb_rose.jpg","width":1890,"height":1890,"caption":"Cave Caloz | Vigneron-encaveur, artisan du vin"},"image":{"@id":"https:\/\/cavecaloz.ch\/en\/#\/schema\/logo\/image\/"}}]}},"_links":{"self":[{"href":"https:\/\/cavecaloz.ch\/en\/wp-json\/wp\/v2\/product\/244","targetHints":{"allow":["GET"]}}],"collection":[{"href":"https:\/\/cavecaloz.ch\/en\/wp-json\/wp\/v2\/product"}],"about":[{"href":"https:\/\/cavecaloz.ch\/en\/wp-json\/wp\/v2\/types\/product"}],"wp:featuredmedia":[{"embeddable":true,"href":"https:\/\/cavecaloz.ch\/en\/wp-json\/wp\/v2\/media\/7904"}],"wp:attachment":[{"href":"https:\/\/cavecaloz.ch\/en\/wp-json\/wp\/v2\/media?parent=244"}],"wp:term":[{"taxonomy":"product_brand","embeddable":true,"href":"https:\/\/cavecaloz.ch\/en\/wp-json\/wp\/v2\/product_brand?post=244"},{"taxonomy":"product_cat","embeddable":true,"href":"https:\/\/cavecaloz.ch\/en\/wp-json\/wp\/v2\/product_cat?post=244"},{"taxonomy":"product_tag","embeddable":true,"href":"https:\/\/cavecaloz.ch\/en\/wp-json\/wp\/v2\/product_tag?post=244"}],"curies":[{"name":"wp","href":"https:\/\/api.w.org\/{rel}","templated":true}]}}