{"id":6754,"date":"2023-03-06T18:31:37","date_gmt":"2023-03-06T18:31:37","guid":{"rendered":"https:\/\/cavecaloz.ch\/?post_type=product&#038;p=6754"},"modified":"2025-10-01T14:48:44","modified_gmt":"2025-10-01T14:48:44","slug":"rose-75","status":"publish","type":"product","link":"https:\/\/cavecaloz.ch\/en\/produit\/rose-75\/","title":{"rendered":"Ros\u00e9"},"content":{"rendered":"","protected":false},"excerpt":{"rendered":"<p>Notre Ros\u00e9 est un Ros\u00e9 de pressurage, compos\u00e9 de Pinot Noir et de Diolinoir. Sa robe pastel aux nuances violac\u00e9es exprime d\u00e9j\u00e0 sa fra\u00eecheur. En bouche, pas de sucrosit\u00e9 mais beaucoup de fruit et de tension. Des odeurs de fraises, framboises, cassis et en bouche une aromatique de coulis de fruits noirs. Notre Ros\u00e9 est pens\u00e9 d\u00e9j\u00e0 \u00e0 la vigne et nous s\u00e9lectionnons le parchet et la s\u00e9lection de Pinot Noir particuli\u00e8rement ad\u00e9quat pour sa vinification.<\/p>\n","protected":false},"featured_media":2170,"template":"","meta":[],"product_brand":[],"product_cat":[30],"product_tag":[113,86],"class_list":{"0":"post-6754","1":"product","2":"type-product","3":"status-publish","4":"has-post-thumbnail","6":"product_cat-roses","7":"product_tag-rose","8":"product_tag-sec","10":"first","11":"instock","12":"shipping-taxable","13":"purchasable","14":"product-type-variable","15":"has-default-attributes"},"yoast_head":"<!-- This site is optimized with the Yoast SEO plugin v27.4 - https:\/\/yoast.com\/product\/yoast-seo-wordpress\/ -->\n<title>Ros\u00e9 - Cavecaloz<\/title>\n<meta name=\"robots\" content=\"index, follow, max-snippet:-1, max-image-preview:large, max-video-preview:-1\" \/>\n<link rel=\"canonical\" href=\"https:\/\/cavecaloz.ch\/en\/produit\/rose-75\/\" \/>\n<meta property=\"og:locale\" content=\"en_US\" \/>\n<meta property=\"og:type\" content=\"article\" \/>\n<meta property=\"og:title\" content=\"Ros\u00e9 - Cavecaloz\" \/>\n<meta property=\"og:description\" content=\"Notre Ros\u00e9 est un Ros\u00e9 de pressurage, compos\u00e9 de Pinot Noir et de Diolinoir. Sa robe pastel aux nuances violac\u00e9es exprime d\u00e9j\u00e0 sa fra\u00eecheur. En bouche, pas de sucrosit\u00e9 mais beaucoup de fruit et de tension. Des odeurs de fraises, framboises, cassis et en bouche une aromatique de coulis de fruits noirs. Notre Ros\u00e9 est pens\u00e9 d\u00e9j\u00e0 \u00e0 la vigne et nous s\u00e9lectionnons le parchet et la s\u00e9lection de Pinot Noir particuli\u00e8rement ad\u00e9quat pour sa vinification.\" \/>\n<meta property=\"og:url\" content=\"https:\/\/cavecaloz.ch\/en\/produit\/rose-75\/\" \/>\n<meta property=\"og:site_name\" content=\"Cavecaloz\" \/>\n<meta property=\"article:modified_time\" content=\"2025-10-01T14:48:44+00:00\" \/>\n<meta property=\"og:image\" content=\"https:\/\/cavecaloz.ch\/wp-content\/uploads\/2020\/05\/Ro_Rose.png\" \/>\n\t<meta property=\"og:image:width\" content=\"255\" \/>\n\t<meta property=\"og:image:height\" content=\"810\" \/>\n\t<meta property=\"og:image:type\" content=\"image\/png\" \/>\n<meta name=\"twitter:card\" content=\"summary_large_image\" \/>\n<meta name=\"twitter:label1\" content=\"Est. reading time\" \/>\n\t<meta name=\"twitter:data1\" content=\"1 minute\" \/>\n<script type=\"application\/ld+json\" class=\"yoast-schema-graph\">{\"@context\":\"https:\\\/\\\/schema.org\",\"@graph\":[{\"@type\":\"WebPage\",\"@id\":\"https:\\\/\\\/cavecaloz.ch\\\/en\\\/produit\\\/rose-75\\\/\",\"url\":\"https:\\\/\\\/cavecaloz.ch\\\/en\\\/produit\\\/rose-75\\\/\",\"name\":\"Ros\u00e9 - Cavecaloz\",\"isPartOf\":{\"@id\":\"https:\\\/\\\/cavecaloz.ch\\\/en\\\/#website\"},\"primaryImageOfPage\":{\"@id\":\"https:\\\/\\\/cavecaloz.ch\\\/en\\\/produit\\\/rose-75\\\/#primaryimage\"},\"image\":{\"@id\":\"https:\\\/\\\/cavecaloz.ch\\\/en\\\/produit\\\/rose-75\\\/#primaryimage\"},\"thumbnailUrl\":\"https:\\\/\\\/cavecaloz.ch\\\/wp-content\\\/uploads\\\/2020\\\/05\\\/Ro_Rose.png\",\"datePublished\":\"2023-03-06T18:31:37+00:00\",\"dateModified\":\"2025-10-01T14:48:44+00:00\",\"breadcrumb\":{\"@id\":\"https:\\\/\\\/cavecaloz.ch\\\/en\\\/produit\\\/rose-75\\\/#breadcrumb\"},\"inLanguage\":\"en-US\",\"potentialAction\":[{\"@type\":\"ReadAction\",\"target\":[\"https:\\\/\\\/cavecaloz.ch\\\/en\\\/produit\\\/rose-75\\\/\"]}]},{\"@type\":\"ImageObject\",\"inLanguage\":\"en-US\",\"@id\":\"https:\\\/\\\/cavecaloz.ch\\\/en\\\/produit\\\/rose-75\\\/#primaryimage\",\"url\":\"https:\\\/\\\/cavecaloz.ch\\\/wp-content\\\/uploads\\\/2020\\\/05\\\/Ro_Rose.png\",\"contentUrl\":\"https:\\\/\\\/cavecaloz.ch\\\/wp-content\\\/uploads\\\/2020\\\/05\\\/Ro_Rose.png\",\"width\":255,\"height\":810},{\"@type\":\"BreadcrumbList\",\"@id\":\"https:\\\/\\\/cavecaloz.ch\\\/en\\\/produit\\\/rose-75\\\/#breadcrumb\",\"itemListElement\":[{\"@type\":\"ListItem\",\"position\":1,\"name\":\"Accueil\",\"item\":\"https:\\\/\\\/cavecaloz.ch\\\/en\\\/\"},{\"@type\":\"ListItem\",\"position\":2,\"name\":\"boutique\",\"item\":\"https:\\\/\\\/cavecaloz.ch\\\/boutique\\\/\"},{\"@type\":\"ListItem\",\"position\":3,\"name\":\"Ros\u00e9\"}]},{\"@type\":\"WebSite\",\"@id\":\"https:\\\/\\\/cavecaloz.ch\\\/en\\\/#website\",\"url\":\"https:\\\/\\\/cavecaloz.ch\\\/en\\\/\",\"name\":\"Cavecaloz\",\"description\":\"Vigneron-encaveur, artisan du vin\",\"publisher\":{\"@id\":\"https:\\\/\\\/cavecaloz.ch\\\/en\\\/#organization\"},\"potentialAction\":[{\"@type\":\"SearchAction\",\"target\":{\"@type\":\"EntryPoint\",\"urlTemplate\":\"https:\\\/\\\/cavecaloz.ch\\\/en\\\/?s={search_term_string}\"},\"query-input\":{\"@type\":\"PropertyValueSpecification\",\"valueRequired\":true,\"valueName\":\"search_term_string\"}}],\"inLanguage\":\"en-US\"},{\"@type\":\"Organization\",\"@id\":\"https:\\\/\\\/cavecaloz.ch\\\/en\\\/#organization\",\"name\":\"Cave Caloz | Vigneron-encaveur, artisan du vin\",\"url\":\"https:\\\/\\\/cavecaloz.ch\\\/en\\\/\",\"logo\":{\"@type\":\"ImageObject\",\"inLanguage\":\"en-US\",\"@id\":\"https:\\\/\\\/cavecaloz.ch\\\/en\\\/#\\\/schema\\\/logo\\\/image\\\/\",\"url\":\"https:\\\/\\\/cavecaloz.ch\\\/wp-content\\\/uploads\\\/2020\\\/06\\\/Cave_Caloz_mouton_rgb_rose.jpg\",\"contentUrl\":\"https:\\\/\\\/cavecaloz.ch\\\/wp-content\\\/uploads\\\/2020\\\/06\\\/Cave_Caloz_mouton_rgb_rose.jpg\",\"width\":1890,\"height\":1890,\"caption\":\"Cave Caloz | Vigneron-encaveur, artisan du vin\"},\"image\":{\"@id\":\"https:\\\/\\\/cavecaloz.ch\\\/en\\\/#\\\/schema\\\/logo\\\/image\\\/\"}}]}<\/script>\n<!-- \/ Yoast SEO plugin. -->","yoast_head_json":{"title":"Ros\u00e9 - Cavecaloz","robots":{"index":"index","follow":"follow","max-snippet":"max-snippet:-1","max-image-preview":"max-image-preview:large","max-video-preview":"max-video-preview:-1"},"canonical":"https:\/\/cavecaloz.ch\/en\/produit\/rose-75\/","og_locale":"en_US","og_type":"article","og_title":"Ros\u00e9 - Cavecaloz","og_description":"Notre Ros\u00e9 est un Ros\u00e9 de pressurage, compos\u00e9 de Pinot Noir et de Diolinoir. Sa robe pastel aux nuances violac\u00e9es exprime d\u00e9j\u00e0 sa fra\u00eecheur. En bouche, pas de sucrosit\u00e9 mais beaucoup de fruit et de tension. Des odeurs de fraises, framboises, cassis et en bouche une aromatique de coulis de fruits noirs. Notre Ros\u00e9 est pens\u00e9 d\u00e9j\u00e0 \u00e0 la vigne et nous s\u00e9lectionnons le parchet et la s\u00e9lection de Pinot Noir particuli\u00e8rement ad\u00e9quat pour sa vinification.","og_url":"https:\/\/cavecaloz.ch\/en\/produit\/rose-75\/","og_site_name":"Cavecaloz","article_modified_time":"2025-10-01T14:48:44+00:00","og_image":[{"width":255,"height":810,"url":"https:\/\/cavecaloz.ch\/wp-content\/uploads\/2020\/05\/Ro_Rose.png","type":"image\/png"}],"twitter_card":"summary_large_image","twitter_misc":{"Est. reading time":"1 minute"},"schema":{"@context":"https:\/\/schema.org","@graph":[{"@type":"WebPage","@id":"https:\/\/cavecaloz.ch\/en\/produit\/rose-75\/","url":"https:\/\/cavecaloz.ch\/en\/produit\/rose-75\/","name":"Ros\u00e9 - Cavecaloz","isPartOf":{"@id":"https:\/\/cavecaloz.ch\/en\/#website"},"primaryImageOfPage":{"@id":"https:\/\/cavecaloz.ch\/en\/produit\/rose-75\/#primaryimage"},"image":{"@id":"https:\/\/cavecaloz.ch\/en\/produit\/rose-75\/#primaryimage"},"thumbnailUrl":"https:\/\/cavecaloz.ch\/wp-content\/uploads\/2020\/05\/Ro_Rose.png","datePublished":"2023-03-06T18:31:37+00:00","dateModified":"2025-10-01T14:48:44+00:00","breadcrumb":{"@id":"https:\/\/cavecaloz.ch\/en\/produit\/rose-75\/#breadcrumb"},"inLanguage":"en-US","potentialAction":[{"@type":"ReadAction","target":["https:\/\/cavecaloz.ch\/en\/produit\/rose-75\/"]}]},{"@type":"ImageObject","inLanguage":"en-US","@id":"https:\/\/cavecaloz.ch\/en\/produit\/rose-75\/#primaryimage","url":"https:\/\/cavecaloz.ch\/wp-content\/uploads\/2020\/05\/Ro_Rose.png","contentUrl":"https:\/\/cavecaloz.ch\/wp-content\/uploads\/2020\/05\/Ro_Rose.png","width":255,"height":810},{"@type":"BreadcrumbList","@id":"https:\/\/cavecaloz.ch\/en\/produit\/rose-75\/#breadcrumb","itemListElement":[{"@type":"ListItem","position":1,"name":"Accueil","item":"https:\/\/cavecaloz.ch\/en\/"},{"@type":"ListItem","position":2,"name":"boutique","item":"https:\/\/cavecaloz.ch\/boutique\/"},{"@type":"ListItem","position":3,"name":"Ros\u00e9"}]},{"@type":"WebSite","@id":"https:\/\/cavecaloz.ch\/en\/#website","url":"https:\/\/cavecaloz.ch\/en\/","name":"Cavecaloz","description":"Vigneron-encaveur, artisan du vin","publisher":{"@id":"https:\/\/cavecaloz.ch\/en\/#organization"},"potentialAction":[{"@type":"SearchAction","target":{"@type":"EntryPoint","urlTemplate":"https:\/\/cavecaloz.ch\/en\/?s={search_term_string}"},"query-input":{"@type":"PropertyValueSpecification","valueRequired":true,"valueName":"search_term_string"}}],"inLanguage":"en-US"},{"@type":"Organization","@id":"https:\/\/cavecaloz.ch\/en\/#organization","name":"Cave Caloz | Vigneron-encaveur, artisan du vin","url":"https:\/\/cavecaloz.ch\/en\/","logo":{"@type":"ImageObject","inLanguage":"en-US","@id":"https:\/\/cavecaloz.ch\/en\/#\/schema\/logo\/image\/","url":"https:\/\/cavecaloz.ch\/wp-content\/uploads\/2020\/06\/Cave_Caloz_mouton_rgb_rose.jpg","contentUrl":"https:\/\/cavecaloz.ch\/wp-content\/uploads\/2020\/06\/Cave_Caloz_mouton_rgb_rose.jpg","width":1890,"height":1890,"caption":"Cave Caloz | Vigneron-encaveur, artisan du vin"},"image":{"@id":"https:\/\/cavecaloz.ch\/en\/#\/schema\/logo\/image\/"}}]}},"_links":{"self":[{"href":"https:\/\/cavecaloz.ch\/en\/wp-json\/wp\/v2\/product\/6754","targetHints":{"allow":["GET"]}}],"collection":[{"href":"https:\/\/cavecaloz.ch\/en\/wp-json\/wp\/v2\/product"}],"about":[{"href":"https:\/\/cavecaloz.ch\/en\/wp-json\/wp\/v2\/types\/product"}],"wp:featuredmedia":[{"embeddable":true,"href":"https:\/\/cavecaloz.ch\/en\/wp-json\/wp\/v2\/media\/2170"}],"wp:attachment":[{"href":"https:\/\/cavecaloz.ch\/en\/wp-json\/wp\/v2\/media?parent=6754"}],"wp:term":[{"taxonomy":"product_brand","embeddable":true,"href":"https:\/\/cavecaloz.ch\/en\/wp-json\/wp\/v2\/product_brand?post=6754"},{"taxonomy":"product_cat","embeddable":true,"href":"https:\/\/cavecaloz.ch\/en\/wp-json\/wp\/v2\/product_cat?post=6754"},{"taxonomy":"product_tag","embeddable":true,"href":"https:\/\/cavecaloz.ch\/en\/wp-json\/wp\/v2\/product_tag?post=6754"}],"curies":[{"name":"wp","href":"https:\/\/api.w.org\/{rel}","templated":true}]}}